{"id":4462,"date":"2024-04-15T18:45:10","date_gmt":"2024-04-15T17:45:10","guid":{"rendered":"https:\/\/hotelatom.cz\/?page_id=4462"},"modified":"2025-10-21T10:06:05","modified_gmt":"2025-10-21T09:06:05","slug":"standing-menu-2024-2","status":"publish","type":"page","link":"https:\/\/hotelatom.cz\/en\/restaurant\/standing-menu-2024-2\/","title":{"rendered":"Standing menu"},"content":{"rendered":"<div class=\"wpb-content-wrapper\"><p>[vc_row row_padding_top=&#8221;padding_top_1-2&#8243; row_padding_bottom=&#8221;padding_bottom_1-4&#8243;][vc_column width=&#8221;1\/2&#8243;][vc_column_text css=&#8221;&#8221;]<\/p>\n<h3 class=\"odelovac\">Starters and small meals<\/h3>\n<table class=\"jidelak\" style=\"width: 86.5605%; height: 144px;\">\n<tbody>\n<tr style=\"height: 24px;\">\n<td class=\"gramaz\" style=\"width: 8.96686%; height: 24px;\">250g<\/td>\n<td style=\"width: 80.117%; height: 24px;\">Charcuterie board (selection of cold cuts and cheese), our fermented veggies, herb butter, bread<\/td>\n<td class=\"cena\" style=\"width: 8.96686%; height: 24px;\">265,-<\/td>\n<\/tr>\n<tr style=\"height: 48px;\">\n<td class=\"gramaz\" style=\"width: 8.96686%; height: 48px;\">80g<\/td>\n<td style=\"width: 80.117%; height: 48px;\">Beef tartare with egg yolk gel, mayonnaise, cornichon gherkins, toasted bread, garlic<\/td>\n<td class=\"cena\" style=\"width: 8.96686%; height: 48px;\">182,-<\/td>\n<\/tr>\n<tr style=\"height: 48px;\">\n<td style=\"width: 8.96686%; height: 48px;\">15pcs<\/td>\n<td style=\"width: 80.117%; height: 48px;\">Our fried onion rings, 1 dipping sauce of your choice<\/td>\n<td style=\"width: 8.96686%; height: 48px;\">115,-<\/td>\n<\/tr>\n<tr style=\"height: 24px;\">\n<td style=\"width: 8.96686%; height: 24px;\">30pcs<\/td>\n<td style=\"width: 80.117%; height: 24px;\">Our fried onion rings, 2 dipping sauces of your choice<\/td>\n<td style=\"width: 8.96686%; height: 24px;\">185,-<\/td>\n<\/tr>\n<tr>\n<td style=\"width: 8.96686%;\">150g<\/td>\n<td style=\"width: 80.117%;\">Roasted beetroot with whipped Feta cheese and herbs, roasted sunflower seeds, toast with butter<\/td>\n<td style=\"width: 8.96686%;\">135,-<\/td>\n<\/tr>\n<\/tbody>\n<\/table>\n<p>[\/vc_column_text][\/vc_column][vc_column width=&#8221;1\/2&#8243;][vc_column_text css=&#8221;&#8221;]<\/p>\n<h3 class=\"odelovac\">Soups<\/h3>\n<table class=\"jidelak\" style=\"width: 100%; height: 72px;\">\n<tbody>\n<tr style=\"height: 24px;\">\n<td class=\"gramaz\" style=\"width: 15.8088%; height: 24px;\">0,30l<\/td>\n<td style=\"width: 98.1618%; height: 24px;\">Beef broth with meat, vegetables and our noodles<\/td>\n<td class=\"cena\" style=\"width: 3.67647%; height: 24px;\">72,-<\/td>\n<\/tr>\n<tr style=\"height: 48px;\">\n<td style=\"width: 15.8088%; height: 48px;\">0,30l<\/td>\n<td style=\"width: 98.1618%; height: 48px;\">Kulajda &#8211; Creamy soup with dill, porcini mushrooms, egg &#8220;63&#8221;<\/td>\n<td style=\"width: 3.67647%; height: 48px;\">95,-<\/td>\n<\/tr>\n<\/tbody>\n<\/table>\n<p>[\/vc_column_text][vc_column_text css=&#8221;&#8221;]<\/p>\n<h3 class=\"odelovac\">Salads<\/h3>\n<table class=\"jidelak\" style=\"width: 100%; height: 72px;\">\n<tbody>\n<tr style=\"height: 24px;\">\n<td class=\"gramaz\" style=\"width: 15.8088%; height: 24px;\">250g<\/td>\n<td style=\"width: 98.1618%; height: 24px;\">Caesar salad (vegetarian)<\/td>\n<td class=\"cena\" style=\"width: 3.67647%; height: 24px;\">215,-<\/td>\n<\/tr>\n<tr style=\"height: 48px;\">\n<td style=\"width: 15.8088%; height: 48px;\">350g<\/td>\n<td style=\"width: 98.1618%; height: 48px;\">Caesar salad with grilled chicken breast<\/td>\n<td style=\"width: 3.67647%; height: 48px;\">300,-<\/td>\n<\/tr>\n<tr>\n<td style=\"width: 15.8088%;\">350g<\/td>\n<td style=\"width: 98.1618%;\">Farmer&#8217;s salad &#8211; mix of salad green, roasted potatoes, egg, bacon, onion<\/td>\n<td style=\"width: 3.67647%;\">235,-<\/td>\n<\/tr>\n<\/tbody>\n<\/table>\n<p>[\/vc_column_text][\/vc_column][\/vc_row][vc_row row_padding_top=&#8221;padding_top_1-4&#8243; row_padding_bottom=&#8221;padding_bottom_1-4&#8243;][vc_column width=&#8221;1\/2&#8243;][vc_column_text css=&#8221;&#8221;]<\/p>\n<h3 class=\"odelovac\">Gnocchi &amp; Pasta<\/h3>\n<table class=\"jidelak\" style=\"width: 87.1318%; height: 336px;\">\n<tbody>\n<tr style=\"height: 24px;\">\n<td class=\"gramaz\" style=\"height: 24px; width: 8.36735%;\">250g<\/td>\n<td style=\"height: 24px; width: 81.2245%;\">Our roasted potato gnocchi with chanterelle mushroom sauce, parmesan (vegetarian)<\/td>\n<td class=\"cena\" style=\"height: 24px; width: 8.36735%;\">235,-<\/td>\n<\/tr>\n<tr style=\"height: 24px;\">\n<td class=\"gramaz\" style=\"height: 24px; width: 8.36735%;\">350g<\/td>\n<td style=\"height: 24px; width: 81.2245%;\">Our roasted potato gnocchi with chanterelle mushroom sauce and grilled pork tenderloin, parmesan<\/td>\n<td class=\"cena\" style=\"height: 24px; width: 8.36735%;\">325,-<\/td>\n<\/tr>\n<tr style=\"height: 24px;\">\n<td class=\"gramaz\" style=\"height: 24px; width: 8.36735%;\">250g<\/td>\n<td style=\"height: 24px; width: 81.2245%;\">Our roasted potato gnocchi with sun-dried tomato cream sauce, parmesan (vegetarian)<\/td>\n<td class=\"cena\" style=\"height: 24px; width: 8.36735%;\">198,-<\/td>\n<\/tr>\n<tr style=\"height: 24px;\">\n<td class=\"gramaz\" style=\"height: 24px; width: 8.36735%;\">350g<\/td>\n<td style=\"height: 24px; width: 81.2245%;\">Our roasted potato gnocchi with sun-dried tomato cream sauce and grilled chicken breast, parmesan<\/td>\n<td class=\"cena\" style=\"height: 24px; width: 8.36735%;\">283,-<\/td>\n<\/tr>\n<tr style=\"height: 24px;\">\n<td style=\"height: 24px; width: 8.36735%;\">250g<\/td>\n<td style=\"height: 24px; width: 81.2245%;\">Our semolina spaghetti with basil pesto, roasted sunflower seeds, parmesan shavings (vegetarian)<\/td>\n<td style=\"height: 24px; width: 8.36735%;\">210,-<\/td>\n<\/tr>\n<tr style=\"height: 24px;\">\n<td style=\"height: 24px; width: 8.36735%;\">350g<\/td>\n<td style=\"height: 24px; width: 81.2245%;\">Our semolina spaghetti with basil pesto, grilled chicken breast, roasted sunflower seeds, parmesan shavings<\/td>\n<td style=\"height: 24px; width: 8.36735%;\">295,-<\/td>\n<\/tr>\n<\/tbody>\n<\/table>\n<p>[\/vc_column_text][\/vc_column][vc_column width=&#8221;1\/2&#8243;][vc_column_text css=&#8221;&#8221;]<\/p>\n<h3 class=\"odelovac\">Kids meals<\/h3>\n<table class=\"jidelak\" style=\"width: 100%; height: 96px;\">\n<tbody>\n<tr style=\"height: 24px;\">\n<td class=\"gramaz\" style=\"height: 24px; width: 18.84058%;\">100g<\/td>\n<td style=\"height: 24px; width: 57.971014%;\">Grilled chicken breast<\/td>\n<td class=\"cena\" style=\"height: 24px; width: 140.57971%;\">100,-<\/td>\n<\/tr>\n<tr style=\"height: 48px;\">\n<td style=\"width: 18.8406%; height: 48px;\">100g<\/td>\n<td style=\"width: 57.971%; height: 48px;\">Fried chicken escalope (schnitzel)<\/td>\n<td style=\"width: 140.58%; height: 48px;\">125,-<\/td>\n<\/tr>\n<tr style=\"height: 24px;\">\n<td style=\"width: 18.8406%; height: 24px;\">100g<\/td>\n<td style=\"width: 57.971%; height: 24px;\">Traditional beef sirloin in cream &#8220;Sv\u00ed\u010dkov\u00e1&#8221; sauce, cranberries, Carlsbad dumplings<\/td>\n<td style=\"width: 140.58%; height: 24px;\">197,-<\/td>\n<\/tr>\n<\/tbody>\n<\/table>\n<p>[\/vc_column_text][vc_column_text css=&#8221;&#8221;]<\/p>\n<h3 class=\"odelovac\">Main courses<\/h3>\n<table class=\"jidelak\" style=\"width: 87.1318%; height: 336px;\">\n<tbody>\n<tr style=\"height: 24px;\">\n<td class=\"gramaz\" style=\"height: 24px;\">180g<\/td>\n<td style=\"height: 24px;\">Traditional beef sirloin in cream \u201cSv\u00ed\u010dkov\u00e1\u201d sauce, cranberries, Carlsbad dumplings<\/td>\n<td class=\"cena\" style=\"height: 24px;\">275,-<\/td>\n<\/tr>\n<tr style=\"height: 24px;\">\n<td class=\"gramaz\" style=\"height: 24px;\">150g<\/td>\n<td style=\"height: 24px;\">Wild boar ragout with red wine and juniper, roasted potato gnocchi<\/td>\n<td class=\"cena\" style=\"height: 24px;\">265,-<\/td>\n<\/tr>\n<tr style=\"height: 24px;\">\n<td class=\"gramaz\" style=\"height: 24px;\">180g<\/td>\n<td style=\"height: 24px;\">Bacon burger with beef from \u0160kodovi family farm, fries + 1 dipping sauce of your choice<\/td>\n<td class=\"cena\" style=\"height: 24px;\">325,-<\/td>\n<\/tr>\n<tr style=\"height: 24px;\">\n<td class=\"gramaz\" style=\"height: 24px;\">180g<\/td>\n<td style=\"height: 24px;\">Spicy bacon burger with beef from \u0160kodovi family farm, with Jalape\u00f1o and Tabasco sauce, fries + 1 dipping sauce of your choice<\/td>\n<td class=\"cena\" style=\"height: 24px;\">345,-<\/td>\n<\/tr>\n<tr style=\"height: 24px;\">\n<td style=\"height: 24px;\">200g<\/td>\n<td style=\"height: 24px;\">Pulled &#8220;Moravian Sparrow&#8221; (roasted pork) on a fried potato pancake, caramelized white cabbage, crispy fried onions<\/td>\n<td style=\"height: 24px;\">235,-<\/td>\n<\/tr>\n<tr style=\"height: 24px;\">\n<td style=\"height: 24px;\">200g<\/td>\n<td style=\"height: 24px;\">Duck roulade with stuffing, plum sauce with port wine, roasted Grenaille potatoes<\/td>\n<td style=\"height: 24px;\">395,-<\/td>\n<\/tr>\n<tr style=\"height: 24px;\">\n<td style=\"height: 24px;\">220g<\/td>\n<td style=\"height: 24px;\">Chicken supreme with chanterelle mushroom sauce, toasted potato gnocchi<\/td>\n<td style=\"height: 24px;\">295,-<\/td>\n<\/tr>\n<tr style=\"height: 48px;\">\n<td style=\"height: 48px;\">180g<\/td>\n<td style=\"height: 48px;\">Pork tenderloin wrapped in bacon, pepper sauce, roasted Grenaille potatoes<\/td>\n<td style=\"height: 48px;\">315,-<\/td>\n<\/tr>\n<tr>\n<td>180g<\/td>\n<td>Grilled salmon with lime dressing, salad of Beluga black lentils and root vegetables<\/td>\n<td>375,-<\/td>\n<\/tr>\n<tr>\n<td>180g<\/td>\n<td>Beef tartare with egg yolk gel, mayonnaise, cornichon gherkins, toasted bread, garlic<\/td>\n<td>268,-<\/td>\n<\/tr>\n<\/tbody>\n<\/table>\n<p>[\/vc_column_text][vc_column_text css=&#8221;&#8221;]<\/p>\n<h3 class=\"odelovac\">Fried main courses<\/h3>\n<table class=\"jidelak\" style=\"width: 100%;\">\n<tbody>\n<tr style=\"height: 24px;\">\n<td class=\"gramaz\" style=\"height: 24px; width: 18.84058%;\">200g<\/td>\n<td style=\"height: 24px; width: 57.971014%;\">Fried chicken escalope (schnitzel), lemon<\/td>\n<td class=\"cena\" style=\"height: 24px; width: 140.57971%;\">198,-<\/td>\n<\/tr>\n<tr>\n<td style=\"width: 18.8406%;\">200g<\/td>\n<td style=\"width: 57.971%;\">Fried pork escalope (schnitzel), lemon<\/td>\n<td style=\"width: 140.58%;\">198,-<\/td>\n<\/tr>\n<tr>\n<td style=\"width: 18.8406%;\">100g<\/td>\n<td style=\"width: 57.971%;\">Fried Gouda cheese<\/td>\n<td style=\"width: 140.58%;\">132,-<\/td>\n<\/tr>\n<tr>\n<td style=\"width: 18.8406%;\">100g<\/td>\n<td style=\"width: 57.971%;\">Fried Hermel\u00edn (white mould) cheese<\/td>\n<td style=\"width: 140.58%;\">132,-<\/td>\n<\/tr>\n<\/tbody>\n<\/table>\n<p>[\/vc_column_text][vc_column_text css=&#8221;&#8221;]<\/p>\n<h3 class=\"odelovac\">Sides and sauces<\/h3>\n<table class=\"jidelak\" style=\"width: 100%; height: 240px;\">\n<tbody>\n<tr>\n<td style=\"width: 18.8406%;\">100g<\/td>\n<td style=\"width: 57.971%;\">Small mixed salad<\/td>\n<td style=\"width: 140.58%;\">72,-<\/td>\n<\/tr>\n<tr style=\"height: 24px;\">\n<td class=\"gramaz\" style=\"height: 24px; width: 18.84058%;\">200g<\/td>\n<td style=\"height: 24px; width: 57.971014%;\">Fries<\/td>\n<td class=\"cena\" style=\"height: 24px; width: 140.57971%;\">62,-<\/td>\n<\/tr>\n<tr style=\"height: 24px;\">\n<td style=\"width: 18.84058%; height: 24px;\">200g<\/td>\n<td style=\"width: 57.971014%; height: 24px;\">Roasted Grenaille potatoes<\/td>\n<td style=\"width: 140.57971%; height: 24px;\">62,-<\/td>\n<\/tr>\n<tr style=\"height: 24px;\">\n<td style=\"width: 18.84058%; height: 24px;\">200g<\/td>\n<td style=\"width: 57.971014%; height: 24px;\">Mashed potatoes with onion<\/td>\n<td style=\"width: 140.57971%; height: 24px;\">62,-<\/td>\n<\/tr>\n<tr>\n<td style=\"width: 18.8406%;\">200g<\/td>\n<td style=\"width: 57.971%;\">Grilled vegetable<\/td>\n<td style=\"width: 140.58%;\">90,-<\/td>\n<\/tr>\n<tr style=\"height: 24px;\">\n<td style=\"width: 18.84058%; height: 24px;\">40g<\/td>\n<td style=\"width: 57.971014%; height: 24px;\">Tartar sauce<\/td>\n<td style=\"width: 140.57971%; height: 24px;\">42,-<\/td>\n<\/tr>\n<tr style=\"height: 24px;\">\n<td style=\"width: 18.84058%; height: 24px;\">40g<\/td>\n<td style=\"width: 57.971014%; height: 24px;\">Ketchup<\/td>\n<td style=\"width: 140.57971%; height: 24px;\">42,-<\/td>\n<\/tr>\n<tr style=\"height: 24px;\">\n<td style=\"width: 18.84058%; height: 24px;\">40g<\/td>\n<td style=\"width: 57.971014%; height: 24px;\">Mustard<\/td>\n<td style=\"width: 140.57971%; height: 24px;\">20,-<\/td>\n<\/tr>\n<tr style=\"height: 24px;\">\n<td style=\"width: 18.84058%; height: 24px;\">40g<\/td>\n<td style=\"width: 57.971014%; height: 24px;\">Sweet chilli sauce<\/td>\n<td style=\"width: 140.57971%; height: 24px;\">42,-<\/td>\n<\/tr>\n<tr style=\"height: 24px;\">\n<td style=\"width: 18.84058%; height: 24px;\">40g<\/td>\n<td style=\"width: 57.971014%; height: 24px;\">BBQ sauce<\/td>\n<td style=\"width: 140.57971%; height: 24px;\">42,-<\/td>\n<\/tr>\n<tr style=\"height: 24px;\">\n<td style=\"width: 18.84058%; height: 24px;\">40g<\/td>\n<td style=\"width: 57.971014%; height: 24px;\">Spicy Jalape\u00f1o mayo<\/td>\n<td style=\"width: 140.57971%; height: 24px;\">42,-<\/td>\n<\/tr>\n<\/tbody>\n<\/table>\n<p>[\/vc_column_text][\/vc_column][\/vc_row][vc_row row_padding_top=&#8221;padding_top_1-4&#8243; row_padding_bottom=&#8221;padding_bottom_1-2&#8243;][vc_column width=&#8221;1\/4&#8243;][\/vc_column][vc_column width=&#8221;1\/2&#8243;][vc_column_text css=&#8221;&#8221;]<\/p>\n<h3 class=\"odelovac\">Desserts<\/h3>\n<table class=\"jidelak\" style=\"width: 100%; height: 67px;\">\n<tbody>\n<tr style=\"height: 24px;\">\n<td class=\"gramaz\" style=\"width: 10%; height: 24px;\">100g<\/td>\n<td style=\"width: 82.4895%; height: 24px;\">Roasted potato gnocchi with plum sauce, sprinkled with grated gingerbread<\/td>\n<td class=\"cena\" style=\"width: 6.96203%; height: 24px;\">99,-<\/td>\n<\/tr>\n<tr style=\"height: 24px;\">\n<td class=\"gramaz\" style=\"width: 10%; height: 19px;\">1pc<\/td>\n<td style=\"width: 82.4895%; height: 19px;\">Chocolate fondant with sour cherry sauce and whipped cream<\/td>\n<td class=\"cena\" style=\"width: 6.96203%; height: 19px;\">145,-<\/td>\n<\/tr>\n<tr style=\"height: 24px;\">\n<td class=\"gramaz\" style=\"width: 10%; height: 24px;\">1pc<\/td>\n<td style=\"width: 82.4895%; height: 24px;\">Warm raspberries with a scoop of vanilla ice cream and whipped cream<\/td>\n<td style=\"width: 6.96203%; height: 24px;\">125,-<\/td>\n<\/tr>\n<\/tbody>\n<\/table>\n<p><em>For more desserts see our display at the bar.<\/em>[\/vc_column_text][\/vc_column][vc_column width=&#8221;1\/4&#8243;][\/vc_column][\/vc_row]<\/p>\n<\/div>","protected":false},"excerpt":{"rendered":"<p>[vc_row row_padding_top=&#8221;padding_top_1-2&#8243; row_padding_bottom=&#8221;padding_bottom_1-4&#8243;][vc_column width=&#8221;1\/2&#8243;][vc_column_text css=&#8221;&#8221;] Starters and small meals 250g Charcuterie board (selection of cold cuts and cheese), our fermented veggies, herb butter, bread 265,- 80g Beef tartare with egg yolk gel, mayonnaise, cornichon gherkins, toasted bread, garlic 182,- 15pcs Our fried onion rings, 1 dipping sauce of your choice 115,- 30pcs Our fried onion [&hellip;]<\/p>\n","protected":false},"author":2,"featured_media":0,"parent":2548,"menu_order":1,"comment_status":"closed","ping_status":"closed","template":"","meta":{"_exactmetrics_skip_tracking":false,"_exactmetrics_sitenote_active":false,"_exactmetrics_sitenote_note":"","_exactmetrics_sitenote_category":0,"footnotes":""},"aioseo_notices":[],"_links":{"self":[{"href":"https:\/\/hotelatom.cz\/en\/wp-json\/wp\/v2\/pages\/4462"}],"collection":[{"href":"https:\/\/hotelatom.cz\/en\/wp-json\/wp\/v2\/pages"}],"about":[{"href":"https:\/\/hotelatom.cz\/en\/wp-json\/wp\/v2\/types\/page"}],"author":[{"embeddable":true,"href":"https:\/\/hotelatom.cz\/en\/wp-json\/wp\/v2\/users\/2"}],"replies":[{"embeddable":true,"href":"https:\/\/hotelatom.cz\/en\/wp-json\/wp\/v2\/comments?post=4462"}],"version-history":[{"count":38,"href":"https:\/\/hotelatom.cz\/en\/wp-json\/wp\/v2\/pages\/4462\/revisions"}],"predecessor-version":[{"id":5281,"href":"https:\/\/hotelatom.cz\/en\/wp-json\/wp\/v2\/pages\/4462\/revisions\/5281"}],"up":[{"embeddable":true,"href":"https:\/\/hotelatom.cz\/en\/wp-json\/wp\/v2\/pages\/2548"}],"wp:attachment":[{"href":"https:\/\/hotelatom.cz\/en\/wp-json\/wp\/v2\/media?parent=4462"}],"curies":[{"name":"wp","href":"https:\/\/api.w.org\/{rel}","templated":true}]}}