{"id":3647,"date":"2022-01-19T13:40:46","date_gmt":"2022-01-19T12:40:46","guid":{"rendered":"https:\/\/hotelatom.cz\/?page_id=3647"},"modified":"2022-01-19T13:40:46","modified_gmt":"2022-01-19T12:40:46","slug":"about-trebic-2","status":"publish","type":"page","link":"https:\/\/hotelatom.cz\/en\/about-trebic\/about-trebic-2\/","title":{"rendered":"About T\u0159eb\u00ed\u010d"},"content":{"rendered":"<div class=\"wpb-content-wrapper\"><p>[vc_row row_padding_top=&#8221;padding_top_1-2&#8243; row_padding_bottom=&#8221;padding_bottom_1-2&#8243;][vc_column][vc_column_text]<\/p>\n<h4 class=\"odelovac\">HISTORY<\/h4>\n<p>The town of T\u0159eb\u00ed\u010d is located in Western Moravia, in the southeastern part of the Vyso\u010dina region. The town lies on both banks of the Jihlava river. T\u0159eb\u00ed\u010d dates back to 1101, when a benedictine monastery was built here at the instigation of Moravian dukes Ulrich of Brno and Luitpold of Znojmo.<\/p>\n<p>In 2003, St Procopius\u2019 Basilica, Jewish Quarter and the old Jewish cemetery became UNESCO world heritage sites. T\u0159eb\u00ed\u010d was thus the 12th UNECO world heritage site in the Czech Republic. When walking the crooked alleys of the former Jewish ghetto, do not forget to visit the Rear Synagogue, where a model of the Jewish Quarter in 1850 can be seen. There is a <a href=\"http:\/\/www.kudyznudy.cz\/Aktivity-a-akce\/Aktivity\/Zidovske-muzeum---dum-Seligmanna-Bauera-Trebic.aspx#5\" target=\"_blank\" rel=\"noopener noreferrer\">Jewish museum<\/a> in the adjoining House of Seligman Bauer.<\/p>\n<p><a href=\"http:\/\/www.zamek-trebic.cz\/\" target=\"_blank\" rel=\"noopener noreferrer\">T\u0159eb\u00ed\u010d chateau<\/a> houses the Museum of Vyso\u010dina. The following four new exhibitions were opened here in 2013: \u02bbSv\u011bt ne\u017eiv\u00e9 p\u0159\u00edrody\u02bc (World of Geology), \u02bbSv\u011bt port\u00e1l\u016f a bran\u02bc (World of Portals and Gates), \u02bbVald\u0161t\u011bjnov\u00e9 na T\u0159eb\u00ed\u010di\u02bc (The House of Waldstein in T\u0159eb\u00ed\u010d), and \u02bbLid\u00e9. M\u00edsta. Osudy.\u02bc (People. Places. Fates. ). The interactive exhibition <a href=\"http:\/\/www.mkstrebic.cz\/ostatni-pamatky\/interaktivni-expozice-cesty-casem\/\" target=\"_blank\" rel=\"noopener noreferrer\">\u02bbCesty \u010dasem\u02bc (Travelling through Time)<\/a>, which is designed mainly for children, can be found in the front wing of the chateau.<\/p>\n<p>[\/vc_column_text][vc_empty_space height=&#8221;20px&#8221;][vc_column_text]<\/p>\n<h4 class=\"odelovac\">SPORT<\/h4>\n<p>If an active holiday is what you are looking for, we suggest that you visit the newly opened indoor <a href=\"http:\/\/www.lagunatrebic.cz\/\">Laguna waterpark<\/a>, which contains a large swimming pool and welness centre. During the summer, you can also visit the outdoor <a href=\"http:\/\/www.bazenpolanka.cz\/\">swimming pool Polanka<\/a>. The original \u02bbriver spa\u02bc (where today\u2019s swimming pool is located) was designed by architect Bohuslav Fuchs. Other sports facilities that can be found in T\u0159eb\u00ed\u010d include tennis courts, bowling alleys, beach volleyball courts etc. A fitness centre (offering <a href=\"http:\/\/www.alpinning-trebic.cz\/\" target=\"_blank\" rel=\"noopener noreferrer\">the ALPINNING\u2122 programme<\/a>, ) is located directly in the hotel building as well as facilities for jumping and fit box.[\/vc_column_text][vc_empty_space height=&#8221;20px&#8221;][vc_column_text]<\/p>\n<h4 class=\"odelovac\">CULTURE<\/h4>\n<p>The town enjoys a rich cultural life throughout the entire year. The music festival <a href=\"http:\/\/www.zamosti.cz\/\" target=\"_blank\" rel=\"noopener noreferrer\">Z\u00e1most\u00ed<\/a>, is held annually at the beginning of June; <a href=\"http:\/\/www.samajim.cz\/\" target=\"_blank\" rel=\"noopener noreferrer\">\u0160amajim\u00a0<\/a> a Jewish culture festival, takes place during the summer.\u00a0Visit\u00a0<a href=\"http:\/\/www.mkstrebic.cz\/\" target=\"_blank\" rel=\"noopener noreferrer\">www.mkstrebic.cz<\/a> to find up to date information on upcoming cultural events.<\/p>\n<p>More information about T\u0159eb\u00ed\u010d can be found on the official tourism website <a href=\"http:\/\/www.visittrebic.eu\/\" target=\"_blank\" rel=\"noopener noreferrer\">www.visittrebic.eu<\/a>.[\/vc_column_text][vc_empty_space height=&#8221;20px&#8221;][vc_column_text]<br \/>\n[\/vc_column_text][\/vc_column][\/vc_row]<\/p>\n<\/div>","protected":false},"excerpt":{"rendered":"<p>[vc_row row_padding_top=&#8221;padding_top_1-2&#8243; row_padding_bottom=&#8221;padding_bottom_1-2&#8243;][vc_column][vc_column_text] HISTORY The town of T\u0159eb\u00ed\u010d is located in Western Moravia, in the southeastern part of the Vyso\u010dina region. The town lies on both banks of the Jihlava river. T\u0159eb\u00ed\u010d dates back to 1101, when a benedictine monastery was built here at the instigation of Moravian dukes Ulrich of Brno and Luitpold of [&hellip;]<\/p>\n","protected":false},"author":3,"featured_media":0,"parent":3628,"menu_order":6,"comment_status":"closed","ping_status":"closed","template":"","meta":{"_exactmetrics_skip_tracking":false,"_exactmetrics_sitenote_active":false,"_exactmetrics_sitenote_note":"","_exactmetrics_sitenote_category":0,"footnotes":""},"aioseo_notices":[],"_links":{"self":[{"href":"https:\/\/hotelatom.cz\/en\/wp-json\/wp\/v2\/pages\/3647"}],"collection":[{"href":"https:\/\/hotelatom.cz\/en\/wp-json\/wp\/v2\/pages"}],"about":[{"href":"https:\/\/hotelatom.cz\/en\/wp-json\/wp\/v2\/types\/page"}],"author":[{"embeddable":true,"href":"https:\/\/hotelatom.cz\/en\/wp-json\/wp\/v2\/users\/3"}],"replies":[{"embeddable":true,"href":"https:\/\/hotelatom.cz\/en\/wp-json\/wp\/v2\/comments?post=3647"}],"version-history":[{"count":2,"href":"https:\/\/hotelatom.cz\/en\/wp-json\/wp\/v2\/pages\/3647\/revisions"}],"predecessor-version":[{"id":3848,"href":"https:\/\/hotelatom.cz\/en\/wp-json\/wp\/v2\/pages\/3647\/revisions\/3848"}],"up":[{"embeddable":true,"href":"https:\/\/hotelatom.cz\/en\/wp-json\/wp\/v2\/pages\/3628"}],"wp:attachment":[{"href":"https:\/\/hotelatom.cz\/en\/wp-json\/wp\/v2\/media?parent=3647"}],"curies":[{"name":"wp","href":"https:\/\/api.w.org\/{rel}","templated":true}]}}