{"id":2799,"date":"2017-12-29T07:59:46","date_gmt":"2017-12-29T06:59:46","guid":{"rendered":"https:\/\/hotelatom.cz\/en\/?page_id=2799"},"modified":"2025-11-03T09:53:42","modified_gmt":"2025-11-03T08:53:42","slug":"drink-menu-2","status":"publish","type":"page","link":"https:\/\/hotelatom.cz\/en\/restaurant\/drink-menu-2\/","title":{"rendered":"Drink menu"},"content":{"rendered":"<div class=\"wpb-content-wrapper\"><p>[vc_row row_padding_top=&#8221;padding_top_1-2&#8243; row_padding_bottom=&#8221;padding_bottom_1-4&#8243;][vc_column width=&#8221;1\/2&#8243;][vc_column_text]<\/p>\n<h3 class=\"odelovac\">Non-alcoholic drinks<\/h3>\n<table class=\"jidelak\" style=\"width: 41.115213%; height: 312px;\">\n<tbody>\n<tr style=\"height: 24px;\">\n<td class=\"gramaz\" style=\"width: 11.60221%; height: 24px;\">0,30l<\/td>\n<td style=\"width: 76.79558%; height: 24px;\">Draft ZON lemonade (elderflower)<\/td>\n<td class=\"cena\" style=\"width: 9.116022%; height: 24px;\">36,-<\/td>\n<\/tr>\n<tr style=\"height: 24px;\">\n<td class=\"gramaz\" style=\"width: 11.60221%; height: 24px;\">0,50l<\/td>\n<td style=\"width: 76.79558%; height: 24px;\">Draft ZON lemonade (elderflower)<\/td>\n<td class=\"cena\" style=\"width: 9.116022%; height: 24px;\">48,-<\/td>\n<\/tr>\n<tr style=\"height: 24px;\">\n<td class=\"gramaz\" style=\"width: 11.60221%; height: 24px;\">0,33l<\/td>\n<td style=\"width: 76.79558%; height: 24px;\">ZON raspberry lemonade in a bottle<\/td>\n<td class=\"cena\" style=\"width: 9.116022%; height: 24px;\">42,-<\/td>\n<\/tr>\n<tr style=\"height: 24px;\">\n<td class=\"gramaz\" style=\"width: 11.60221%; height: 24px;\">0,40l<\/td>\n<td style=\"width: 76.79558%; height: 24px;\">Our lemonade from sirup<\/td>\n<td class=\"cena\" style=\"width: 9.116022%; height: 24px;\">79,-<\/td>\n<\/tr>\n<tr style=\"height: 24px;\">\n<td class=\"gramaz\" style=\"width: 11.60221%; height: 24px;\">1l<\/td>\n<td style=\"width: 76.79558%; height: 24px;\">Tap water<\/td>\n<td class=\"cena\" style=\"width: 9.116022%; height: 24px;\">43,-<\/td>\n<\/tr>\n<tr style=\"height: 24px;\">\n<td class=\"gramaz\" style=\"width: 11.60221%; height: 24px;\">0,33l<\/td>\n<td style=\"width: 76.79558%; height: 24px;\">Mattoni sparkling water<\/td>\n<td class=\"cena\" style=\"width: 9.116022%; height: 24px;\">46,-<\/td>\n<\/tr>\n<tr style=\"height: 24px;\">\n<td class=\"gramaz\" style=\"width: 11.60221%; height: 24px;\">0,75l<\/td>\n<td style=\"width: 76.79558%; height: 24px;\">Mattoni sparkling water<\/td>\n<td class=\"cena\" style=\"width: 9.116022%; height: 24px;\">79,-<\/td>\n<\/tr>\n<tr style=\"height: 24px;\">\n<td class=\"gramaz\" style=\"width: 11.60221%; height: 24px;\">0,33l<\/td>\n<td style=\"width: 76.79558%; height: 24px;\">Aquila still water<\/td>\n<td class=\"cena\" style=\"width: 9.116022%; height: 24px;\">46,-<\/td>\n<\/tr>\n<tr style=\"height: 24px;\">\n<td class=\"gramaz\" style=\"width: 11.60221%; height: 24px;\">0,75l<\/td>\n<td style=\"width: 76.79558%; height: 24px;\">Aquila still water<\/td>\n<td class=\"cena\" style=\"width: 9.116022%; height: 24px;\">79,-<\/td>\n<\/tr>\n<tr style=\"height: 24px;\">\n<td class=\"gramaz\" style=\"width: 11.60221%; height: 24px;\">0,20l<\/td>\n<td style=\"width: 76.79558%; height: 24px;\">Granini juice<\/td>\n<td class=\"cena\" style=\"width: 9.116022%; height: 24px;\">54,-<\/td>\n<\/tr>\n<tr style=\"height: 24px;\">\n<td class=\"gramaz\" style=\"width: 11.60221%; height: 24px;\">0,25l<\/td>\n<td style=\"width: 76.79558%; height: 24px;\">Pepsi, Pepsi Max<\/td>\n<td class=\"cena\" style=\"width: 9.116022%; height: 24px;\">52,-<\/td>\n<\/tr>\n<tr style=\"height: 24px;\">\n<td class=\"gramaz\" style=\"width: 11.60221%; height: 24px;\">0,25l<\/td>\n<td style=\"width: 76.79558%; height: 24px;\">Tonic Schweppes<\/td>\n<td class=\"cena\" style=\"width: 9.116022%; height: 24px;\">54,-<\/td>\n<\/tr>\n<tr style=\"height: 24px;\">\n<td class=\"gramaz\" style=\"width: 11.60221%; height: 24px;\">0,25l<\/td>\n<td style=\"width: 76.79558%; height: 24px;\">Red Bull<\/td>\n<td class=\"cena\" style=\"width: 9.116022%; height: 24px;\">85,-<\/td>\n<\/tr>\n<\/tbody>\n<\/table>\n<p>[\/vc_column_text][\/vc_column][vc_column width=&#8221;1\/2&#8243;][vc_column_text]<\/p>\n<h3 class=\"odelovac\">Coffee, Tea<\/h3>\n<table class=\"jidelak\" style=\"width: 47.0216%; height: 312px;\">\n<tbody>\n<tr style=\"height: 24px;\">\n<td class=\"gramaz\" style=\"height: 24px; width: 10.817308%;\"><\/td>\n<td style=\"height: 24px; width: 78.125%;\">Espresso, Espresso lungo<\/td>\n<td class=\"cena\" style=\"height: 24px; width: 8.653846%;\">60,-<\/td>\n<\/tr>\n<tr style=\"height: 24px;\">\n<td class=\"gramaz\" style=\"height: 24px; width: 10.817308%;\"><\/td>\n<td style=\"height: 24px; width: 78.125%;\">Cappuccino<\/td>\n<td class=\"cena\" style=\"height: 24px; width: 8.653846%;\">68,-<\/td>\n<\/tr>\n<tr style=\"height: 24px;\">\n<td class=\"gramaz\" style=\"height: 24px; width: 10.817308%;\"><\/td>\n<td style=\"height: 24px; width: 78.125%;\">Latte macchiato<\/td>\n<td class=\"cena\" style=\"height: 24px; width: 8.653846%;\">76,-<\/td>\n<\/tr>\n<tr style=\"height: 24px;\">\n<td class=\"gramaz\" style=\"height: 24px; width: 10.817308%;\"><\/td>\n<td style=\"height: 24px; width: 78.125%;\">Vienna coffe (whipped cream)<\/td>\n<td class=\"cena\" style=\"height: 24px; width: 8.653846%;\">79,-<\/td>\n<\/tr>\n<tr style=\"height: 24px;\">\n<td class=\"gramaz\" style=\"height: 24px; width: 10.817308%;\"><\/td>\n<td style=\"height: 24px; width: 78.125%;\">Algerian coffee (eggnog + whipped cream)<\/td>\n<td class=\"cena\" style=\"height: 24px; width: 8.653846%;\">95,-<\/td>\n<\/tr>\n<tr style=\"height: 24px;\">\n<td class=\"gramaz\" style=\"height: 24px; width: 10.817308%;\"><\/td>\n<td style=\"height: 24px; width: 78.125%;\">Turkish coffee<\/td>\n<td class=\"cena\" style=\"height: 24px; width: 8.653846%;\">52,-<\/td>\n<\/tr>\n<tr style=\"height: 24px;\">\n<td class=\"gramaz\" style=\"height: 24px; width: 10.817308%;\"><\/td>\n<td style=\"height: 24px; width: 78.125%;\">Ice coffee (espresso, vanilla ice cream, ice)<\/td>\n<td class=\"cena\" style=\"height: 24px; width: 8.653846%;\">90,-<\/td>\n<\/tr>\n<tr>\n<td style=\"width: 10.817308%;\"><\/td>\n<td style=\"width: 78.125%;\">Flat white<\/td>\n<td style=\"width: 8.653846%;\">85,-<\/td>\n<\/tr>\n<tr>\n<td style=\"width: 10.817308%;\"><\/td>\n<td style=\"width: 78.125%;\">Espresso &amp; Tonic<\/td>\n<td style=\"width: 8.653846%;\">84,-<\/td>\n<\/tr>\n<tr>\n<td style=\"width: 10.817308%;\"><\/td>\n<td style=\"width: 78.125%;\">Affogato<\/td>\n<td style=\"width: 8.653846%;\">90,-<\/td>\n<\/tr>\n<tr>\n<td style=\"width: 10.817308%;\"><\/td>\n<td style=\"width: 78.125%;\">* we also prepare decaffeinated coffee if you wish<\/td>\n<td style=\"width: 8.653846%;\">+7,-<\/td>\n<\/tr>\n<tr>\n<td style=\"width: 10.817308%;\"><\/td>\n<td style=\"width: 78.125%;\">* coffe flavor<\/td>\n<td style=\"width: 8.653846%;\">+12,-<\/td>\n<\/tr>\n<tr style=\"height: 24px;\">\n<td class=\"gramaz\" style=\"height: 24px; width: 10.817308%;\">40g<\/td>\n<td style=\"height: 24px; width: 78.125%;\">Hot chocolate (milk, dark)<\/td>\n<td class=\"cena\" style=\"height: 24px; width: 8.653846%;\">68,-<\/td>\n<\/tr>\n<tr style=\"height: 24px;\">\n<td class=\"gramaz\" style=\"height: 24px; width: 10.817308%;\">5g<\/td>\n<td style=\"height: 24px; width: 78.125%;\">Tea black\/green\/fruit<\/td>\n<td class=\"cena\" style=\"height: 24px; width: 8.653846%;\">49,-<\/td>\n<\/tr>\n<tr style=\"height: 24px;\">\n<td class=\"gramaz\" style=\"height: 24px; width: 10.817308%;\">20g<\/td>\n<td style=\"height: 24px; width: 78.125%;\">Fresh ginger\/mint tea<\/td>\n<td class=\"cena\" style=\"height: 24px; width: 8.653846%;\">69,-<\/td>\n<\/tr>\n<tr style=\"height: 24px;\">\n<td class=\"gramaz\" style=\"height: 24px; width: 10.817308%;\">0,2l<\/td>\n<td style=\"height: 24px; width: 78.125%;\">Mulled wine\u00a0(red, white)<\/td>\n<td class=\"cena\" style=\"height: 24px; width: 8.653846%;\">80,-<\/td>\n<\/tr>\n<tr style=\"height: 24px;\">\n<td class=\"gramaz\" style=\"height: 24px; width: 10.817308%;\">0,04l<\/td>\n<td style=\"height: 24px; width: 78.125%;\">Grog<\/td>\n<td class=\"cena\" style=\"height: 24px; width: 8.653846%;\">67,-<\/td>\n<\/tr>\n<tr style=\"height: 24px;\">\n<td class=\"gramaz\" style=\"height: 24px; width: 10.817308%;\">0,2l<\/td>\n<td style=\"height: 24px; width: 78.125%;\">Mulled\u00a0Granini\u00a0juice<\/td>\n<td class=\"cena\" style=\"height: 24px; width: 8.653846%;\">69,-<\/td>\n<\/tr>\n<\/tbody>\n<\/table>\n<p>[\/vc_column_text][\/vc_column][\/vc_row][vc_row row_padding_top=&#8221;padding_top_1-4&#8243; row_padding_bottom=&#8221;padding_bottom_1-4&#8243;][vc_column width=&#8221;1\/2&#8243;][vc_column_text]<\/p>\n<h3 class=\"odelovac\">Wine<\/h3>\n<table class=\"jidelak\">\n<tbody>\n<tr>\n<td class=\"gramaz\">0,2l<\/td>\n<td>White<\/td>\n<td class=\"cena\">70,-<\/td>\n<\/tr>\n<tr>\n<td class=\"gramaz\">0,2l<\/td>\n<td>Red<\/td>\n<td class=\"cena\">70,-<\/td>\n<\/tr>\n<tr>\n<td><\/td>\n<td>Bottles of wine \u2013 according to current offer<\/td>\n<td><\/td>\n<\/tr>\n<\/tbody>\n<\/table>\n<p>[\/vc_column_text][vc_column_text]<\/p>\n<h3 class=\"odelovac\">Aperitives<\/h3>\n<table class=\"jidelak\">\n<tbody>\n<tr>\n<td>1dcl<\/td>\n<td>Prosecco<\/td>\n<td>58,-<\/td>\n<\/tr>\n<tr>\n<td class=\"gramaz\">1dcl<\/td>\n<td>Cinzano bianco, lemon<\/td>\n<td class=\"cena\">85,-<\/td>\n<\/tr>\n<tr>\n<td class=\"gramaz\">1dcl<\/td>\n<td>Cinzano rosso, lemon<\/td>\n<td class=\"cena\">85,-<\/td>\n<\/tr>\n<tr>\n<td class=\"gramaz\">1dcl<\/td>\n<td>Metropol bianco, lemon<\/td>\n<td class=\"cena\">55,-<\/td>\n<\/tr>\n<tr>\n<td class=\"gramaz\">1dcl<\/td>\n<td>Martini dry, olive<\/td>\n<td class=\"cena\">90,-<\/td>\n<\/tr>\n<tr>\n<td class=\"gramaz\">1,75dcl<\/td>\n<td>Crodino rosso (non-alcoholic)<\/td>\n<td class=\"cena\">90,-<\/td>\n<\/tr>\n<\/tbody>\n<\/table>\n<p>[\/vc_column_text][\/vc_column][vc_column width=&#8221;1\/2&#8243;][vc_column_text]<\/p>\n<h3 class=\"odelovac\">Beer<\/h3>\n<table class=\"jidelak\" style=\"width: 44.0169%;\">\n<tbody>\n<tr>\n<td class=\"gramaz\">0,5l<\/td>\n<td>Pilsner Urquell\u00a012\u00b0<\/td>\n<td class=\"cena\">68,-<\/td>\n<\/tr>\n<tr>\n<td class=\"gramaz\">0,3l<\/td>\n<td>Pilsner Urquell 12\u00b0<\/td>\n<td class=\"cena\">52,-<\/td>\n<\/tr>\n<tr>\n<td class=\"gramaz\">0,5l<\/td>\n<td>Gambrinus Nepasterizovan\u00e1 11\u00b0<\/td>\n<td class=\"cena\">55,-<\/td>\n<\/tr>\n<tr>\n<td class=\"gramaz\">0,3l<\/td>\n<td>Gambrinus Nepasterizovan\u00e1 11\u00b0<\/td>\n<td class=\"cena\">42,-<\/td>\n<\/tr>\n<tr>\n<td class=\"gramaz\">0,5l<\/td>\n<td>Birell pomelo &amp; grapefruit (non-alcoholic)<\/td>\n<td class=\"cena\">55,-<\/td>\n<\/tr>\n<tr>\n<td class=\"gramaz\">0,3l<\/td>\n<td>\n<table class=\"jidelak\">\n<tbody>\n<tr>\n<td>Birell pomelo &amp; grapefruit (non-alcoholic)<\/td>\n<\/tr>\n<\/tbody>\n<\/table>\n<\/td>\n<td class=\"cena\">42,-<\/td>\n<\/tr>\n<tr>\n<td class=\"gramaz\">0,5l<\/td>\n<td>Radegast Birell &#8211; non-alcoholic, bottled<\/td>\n<td class=\"cena\">52,-<\/td>\n<\/tr>\n<tr>\n<td class=\"gramaz\">0,4l<\/td>\n<td>Volba sl\u00e1dk\u016f &#8211; month special<\/td>\n<td class=\"cena\">68,-<\/td>\n<\/tr>\n<\/tbody>\n<\/table>\n<p>[\/vc_column_text][\/vc_column][\/vc_row][vc_row row_padding_top=&#8221;padding_top_1-4&#8243; row_padding_bottom=&#8221;padding_bottom_1-4&#8243;][vc_column width=&#8221;1\/2&#8243;][vc_column_text]<\/p>\n<h3 class=\"odelovac\">Spirits<\/h3>\n<table class=\"jidelak\" style=\"width: 37.797807%; height: 240px;\">\n<tbody>\n<tr style=\"height: 24px;\">\n<td class=\"gramaz\" style=\"height: 24px;\">0,04l<\/td>\n<td style=\"height: 24px;\">Vodka Absolut<\/td>\n<td class=\"cena\" style=\"height: 24px;\">70,-<\/td>\n<\/tr>\n<tr>\n<td>0,04l<\/td>\n<td>Absinth Fruko Schulz<\/td>\n<td>120,-<\/td>\n<\/tr>\n<tr style=\"height: 24px;\">\n<td class=\"gramaz\" style=\"height: 24px;\">0,04l<\/td>\n<td style=\"height: 24px;\">Tequila Olmeca (silver, gold)<\/td>\n<td class=\"cena\" style=\"height: 24px;\">95,-<\/td>\n<\/tr>\n<tr style=\"height: 24px;\">\n<td class=\"gramaz\" style=\"height: 24px;\">0,04l<\/td>\n<td style=\"height: 24px;\">Slivovica \u017duf\u00e1nek (plum brandy)<\/td>\n<td class=\"cena\" style=\"height: 24px;\">160,-<\/td>\n<\/tr>\n<tr style=\"height: 48px;\">\n<td class=\"gramaz\" style=\"height: 48px;\">0,04l<\/td>\n<td style=\"height: 48px;\">Hru\u0161kovice \u017duf\u00e1nek (pear brandy)<\/td>\n<td class=\"cena\" style=\"height: 48px;\">160,-<\/td>\n<\/tr>\n<tr style=\"height: 24px;\">\n<td class=\"gramaz\" style=\"height: 24px;\">0,04l<\/td>\n<td style=\"height: 24px;\">Gin Beefeater<\/td>\n<td class=\"cena\" style=\"height: 24px;\">80,-<\/td>\n<\/tr>\n<tr style=\"height: 24px;\">\n<td class=\"gramaz\" style=\"height: 24px;\">0,04l<\/td>\n<td style=\"height: 24px;\">Gin Beefeater Pink<\/td>\n<td class=\"cena\" style=\"height: 24px;\">80,-<\/td>\n<\/tr>\n<tr style=\"height: 24px;\">\n<td class=\"gramaz\" style=\"height: 24px;\">0,04l<\/td>\n<td style=\"height: 24px;\">Gin Plymouth<\/td>\n<td class=\"cena\" style=\"height: 24px;\">125,-<\/td>\n<\/tr>\n<tr style=\"height: 24px;\">\n<td style=\"height: 24px;\">0,04l<\/td>\n<td style=\"height: 24px;\">Gin Gordon&#8217;s (non-alcoholic)<\/td>\n<td style=\"height: 24px;\">75,-<\/td>\n<\/tr>\n<\/tbody>\n<\/table>\n<p>[\/vc_column_text][vc_column_text]<\/p>\n<h3 class=\"odelovac\">Whisk(e)y<\/h3>\n<table class=\"jidelak\">\n<tbody>\n<tr>\n<td class=\"gramaz\">0,04l<\/td>\n<td>Ballantines<\/td>\n<td class=\"cena\">75,-<\/td>\n<\/tr>\n<tr>\n<td class=\"gramaz\">0,04l<\/td>\n<td>Tullamore<\/td>\n<td class=\"cena\">80,-<\/td>\n<\/tr>\n<tr>\n<td class=\"gramaz\">0,04l<\/td>\n<td>Jameson<\/td>\n<td class=\"cena\">80,-<\/td>\n<\/tr>\n<tr>\n<td class=\"gramaz\">0,04l<\/td>\n<td>Jameson Caskmates<\/td>\n<td class=\"cena\">115,-<\/td>\n<\/tr>\n<tr>\n<td class=\"gramaz\">0,04l<\/td>\n<td>Jack Daniels (Honey)<\/td>\n<td class=\"cena\">110,-<\/td>\n<\/tr>\n<tr>\n<td>0,04l<\/td>\n<td>Original Trebic whisky Seven<\/td>\n<td>190,-<\/td>\n<\/tr>\n<tr>\n<td class=\"gramaz\">0,04l<\/td>\n<td>Chivas Regal Extra<\/td>\n<td class=\"cena\">160,-<\/td>\n<\/tr>\n<tr>\n<td class=\"gramaz\">0,04l<\/td>\n<td>Glenlivet Founders Reserve<\/td>\n<td class=\"cena\">190,-<\/td>\n<\/tr>\n<tr>\n<td class=\"gramaz\">0,04l<\/td>\n<td>Ardbeg 10Y<\/td>\n<td class=\"cena\">240,-<\/td>\n<\/tr>\n<\/tbody>\n<\/table>\n<p>[\/vc_column_text][vc_column_text]<\/p>\n<h3 class=\"odelovac\">Cognacs and brandy<\/h3>\n<table class=\"jidelak\" style=\"width: 23.697816%;\">\n<tbody>\n<tr>\n<td class=\"gramaz\">0,04l<\/td>\n<td>Hennessy<\/td>\n<td class=\"cena\">260,-<\/td>\n<\/tr>\n<tr>\n<td class=\"gramaz\">0,04l<\/td>\n<td>Martell V.S.O.P.<\/td>\n<td class=\"cena\">250,-<\/td>\n<\/tr>\n<\/tbody>\n<\/table>\n<p>[\/vc_column_text][\/vc_column][vc_column width=&#8221;1\/2&#8243;][vc_column_text]<\/p>\n<h3 class=\"odelovac\">Rums<\/h3>\n<table class=\"jidelak\" style=\"width: 37.549366%; height: 312px;\">\n<tbody>\n<tr style=\"height: 24px;\">\n<td class=\"gramaz\" style=\"height: 24px;\">0,04l<\/td>\n<td style=\"height: 24px;\">Bo\u017ekov Tuzemsk\u00fd<\/td>\n<td class=\"cena\" style=\"height: 24px;\">55,-<\/td>\n<\/tr>\n<tr style=\"height: 24px;\">\n<td class=\"gramaz\" style=\"height: 24px;\">0,04l<\/td>\n<td style=\"height: 24px;\">Bo\u017ekov Republica Exclusive<\/td>\n<td class=\"cena\" style=\"height: 24px;\">70,-<\/td>\n<\/tr>\n<tr style=\"height: 48px;\">\n<td class=\"gramaz\" style=\"height: 48px;\">0,04l<\/td>\n<td style=\"height: 48px;\">Havana Club A\u0148ejo Blanco 3 A\u0148os<\/td>\n<td class=\"cena\" style=\"height: 48px;\">70,-<\/td>\n<\/tr>\n<tr style=\"height: 24px;\">\n<td class=\"gramaz\" style=\"height: 24px;\">0,04l<\/td>\n<td style=\"height: 24px;\">Havana Club Especial<\/td>\n<td class=\"cena\" style=\"height: 24px;\">80,-<\/td>\n<\/tr>\n<tr style=\"height: 24px;\">\n<td class=\"gramaz\" style=\"height: 24px;\">0,04l<\/td>\n<td style=\"height: 24px;\">Havana Club 7 A\u0148os<\/td>\n<td class=\"cena\" style=\"height: 24px;\">150,-<\/td>\n<\/tr>\n<tr style=\"height: 24px;\">\n<td class=\"gramaz\" style=\"height: 24px;\">0,04l<\/td>\n<td style=\"height: 24px;\">Havana Club Union<\/td>\n<td class=\"cena\" style=\"height: 24px;\">990,-<\/td>\n<\/tr>\n<tr style=\"height: 24px;\">\n<td class=\"gramaz\" style=\"height: 24px;\">0,04l<\/td>\n<td style=\"height: 24px;\">Captain Morgan<\/td>\n<td class=\"cena\" style=\"height: 24px;\">65,-<\/td>\n<\/tr>\n<tr>\n<td>0,04l<\/td>\n<td>La Hechicera<\/td>\n<td>170,-<\/td>\n<\/tr>\n<tr>\n<td>0,04l<\/td>\n<td>Bumbu rum Original<\/td>\n<td>160,-<\/td>\n<\/tr>\n<tr>\n<td>0,04l<\/td>\n<td>Bumbu rum XO<\/td>\n<td>180,-<\/td>\n<\/tr>\n<tr style=\"height: 24px;\">\n<td class=\"gramaz\" style=\"height: 24px;\">0,04l<\/td>\n<td style=\"height: 24px;\">Legendario Elixir<\/td>\n<td class=\"cena\" style=\"height: 24px;\">95,-<\/td>\n<\/tr>\n<tr style=\"height: 24px;\">\n<td class=\"gramaz\" style=\"height: 24px;\">0,04l<\/td>\n<td style=\"height: 24px;\">Rum Diplomatico 12y<\/td>\n<td class=\"cena\" style=\"height: 24px;\">165,-<\/td>\n<\/tr>\n<tr style=\"height: 24px;\">\n<td class=\"gramaz\" style=\"height: 24px;\">0,04l<\/td>\n<td style=\"height: 24px;\">Ron Zacapa<\/td>\n<td class=\"cena\" style=\"height: 24px;\">240,-<\/td>\n<\/tr>\n<tr style=\"height: 24px;\">\n<td class=\"gramaz\" style=\"height: 24px;\">0,04l<\/td>\n<td style=\"height: 24px;\">Ron Zacapa XO Solera<\/td>\n<td class=\"cena\" style=\"height: 24px;\">390,-<\/td>\n<\/tr>\n<tr style=\"height: 24px;\">\n<td class=\"gramaz\" style=\"height: 24px;\">0,04l<\/td>\n<td style=\"height: 24px;\">A.H.Riise Non Plus Ultras<\/td>\n<td class=\"cena\" style=\"height: 24px;\">295,-<\/td>\n<\/tr>\n<\/tbody>\n<\/table>\n<p>[\/vc_column_text][vc_column_text]<\/p>\n<h3 class=\"odelovac\">Liquers<\/h3>\n<table class=\"jidelak\">\n<tbody>\n<tr>\n<td class=\"gramaz\">0,04l<\/td>\n<td>Becherovka<\/td>\n<td class=\"cena\">60,-<\/td>\n<\/tr>\n<tr>\n<td class=\"gramaz\">0,04l<\/td>\n<td>Becherovka Lemond<\/td>\n<td class=\"cena\">60,-<\/td>\n<\/tr>\n<tr>\n<td class=\"gramaz\">0,04l<\/td>\n<td>Fernet Stock<\/td>\n<td class=\"cena\">60,-<\/td>\n<\/tr>\n<tr>\n<td class=\"gramaz\">0,04l<\/td>\n<td>Fernet Stock Citrus<\/td>\n<td class=\"cena\">60,-<\/td>\n<\/tr>\n<tr>\n<td class=\"gramaz\">0,04l<\/td>\n<td>Malibu<\/td>\n<td class=\"cena\">65,-<\/td>\n<\/tr>\n<tr>\n<td class=\"gramaz\">0,04l<\/td>\n<td>Griotte Bo\u017ekov<\/td>\n<td class=\"cena\">50,-<\/td>\n<\/tr>\n<tr>\n<td class=\"gramaz\">0,04l<\/td>\n<td>Peprmint Bo\u017ekov<\/td>\n<td class=\"cena\">55,-<\/td>\n<\/tr>\n<tr>\n<td class=\"gramaz\">0,04l<\/td>\n<td>J\u00e4germeister<\/td>\n<td class=\"cena\">75,-<\/td>\n<\/tr>\n<tr>\n<td class=\"gramaz\">0,04l<\/td>\n<td>Baileys<\/td>\n<td class=\"cena\">80,-<\/td>\n<\/tr>\n<tr>\n<td class=\"gramaz\">0,04l<\/td>\n<td>Egg nogg Bo\u017ekov<\/td>\n<td class=\"cena\">50,-<\/td>\n<\/tr>\n<\/tbody>\n<\/table>\n<p>[\/vc_column_text][\/vc_column][\/vc_row]<\/p>\n<\/div>","protected":false},"excerpt":{"rendered":"<p>[vc_row row_padding_top=&#8221;padding_top_1-2&#8243; row_padding_bottom=&#8221;padding_bottom_1-4&#8243;][vc_column width=&#8221;1\/2&#8243;][vc_column_text] Non-alcoholic drinks 0,30l Draft ZON lemonade (elderflower) 36,- 0,50l Draft ZON lemonade (elderflower) 48,- 0,33l ZON raspberry lemonade in a bottle 42,- 0,40l Our lemonade from sirup 79,- 1l Tap water 43,- 0,33l Mattoni sparkling water 46,- 0,75l Mattoni sparkling water 79,- 0,33l Aquila still water 46,- 0,75l Aquila still water [&hellip;]<\/p>\n","protected":false},"author":3,"featured_media":0,"parent":2548,"menu_order":2,"comment_status":"closed","ping_status":"closed","template":"","meta":{"_exactmetrics_skip_tracking":false,"_exactmetrics_sitenote_active":false,"_exactmetrics_sitenote_note":"","_exactmetrics_sitenote_category":0,"footnotes":""},"aioseo_notices":[],"_links":{"self":[{"href":"https:\/\/hotelatom.cz\/en\/wp-json\/wp\/v2\/pages\/2799"}],"collection":[{"href":"https:\/\/hotelatom.cz\/en\/wp-json\/wp\/v2\/pages"}],"about":[{"href":"https:\/\/hotelatom.cz\/en\/wp-json\/wp\/v2\/types\/page"}],"author":[{"embeddable":true,"href":"https:\/\/hotelatom.cz\/en\/wp-json\/wp\/v2\/users\/3"}],"replies":[{"embeddable":true,"href":"https:\/\/hotelatom.cz\/en\/wp-json\/wp\/v2\/comments?post=2799"}],"version-history":[{"count":23,"href":"https:\/\/hotelatom.cz\/en\/wp-json\/wp\/v2\/pages\/2799\/revisions"}],"predecessor-version":[{"id":5300,"href":"https:\/\/hotelatom.cz\/en\/wp-json\/wp\/v2\/pages\/2799\/revisions\/5300"}],"up":[{"embeddable":true,"href":"https:\/\/hotelatom.cz\/en\/wp-json\/wp\/v2\/pages\/2548"}],"wp:attachment":[{"href":"https:\/\/hotelatom.cz\/en\/wp-json\/wp\/v2\/media?parent=2799"}],"curies":[{"name":"wp","href":"https:\/\/api.w.org\/{rel}","templated":true}]}}