{"id":2665,"date":"2017-12-23T03:17:40","date_gmt":"2017-12-23T02:17:40","guid":{"rendered":"https:\/\/hotelatom.cz\/en\/?page_id=2665"},"modified":"2024-05-02T15:26:29","modified_gmt":"2024-05-02T14:26:29","slug":"homepage","status":"publish","type":"page","link":"https:\/\/hotelatom.cz\/en\/","title":{"rendered":"Homepage"},"content":{"rendered":"<div class=\"wpb-content-wrapper\"><p>[vc_row full_width=&#8221;stretch_row&#8221; full_height=&#8221;yes&#8221; content_placement=&#8221;middle&#8221; el_class=&#8221;jenmobily&#8221; css=&#8221;.vc_custom_1542091039070{background-image: url(https:\/\/hotelatom.cz\/wp-content\/uploads\/2018\/11\/hotel-atom-vysokefoto-mobile.jpg?id=3219) !important;background-position: 0 0 !important;background-repeat: no-repeat !important;}&#8221;][vc_column width=&#8221;1\/4&#8243;][\/vc_column][vc_column width=&#8221;1\/2&#8243;][vc_column_text css=&#8221;.vc_custom_1542102526978{margin-bottom: 0px !important;padding-bottom: 0px !important;}&#8221;]<\/p>\n<h1 class=\"cervenyfont\" style=\"text-align: center;\">WELCOME<\/h1>\n<p>[\/vc_column_text][vc_column_text css=&#8221;.vc_custom_1542102582986{margin-top: -25px !important;padding-top: 0px !important;}&#8221;]<\/p>\n<h2 style=\"text-align: center;\">TO HOTEL ATOM T\u0158EB\u00cd\u010c<\/h2>\n<p>[\/vc_column_text][vc_icon type=&#8221;typicons&#8221; icon_typicons=&#8221;typcn typcn-arrow-down-outline&#8221; color=&#8221;custom&#8221; background_style=&#8221;rounded&#8221; background_color=&#8221;custom&#8221; align=&#8221;center&#8221; css_animation=&#8221;slideInUp&#8221; custom_color=&#8221;#ffffff&#8221; custom_background_color=&#8221;#d20a11&#8243; link=&#8221;url:%23down|||&#8221;][\/vc_column][vc_column width=&#8221;1\/4&#8243;][\/vc_column][\/vc_row][vc_row full_width=&#8221;stretch_row&#8221; color_set=&#8221;white_section&#8221; row_padding_top=&#8221;padding_top_none&#8221; row_padding_bottom=&#8221;padding_bottom_none&#8221; css=&#8221;.vc_custom_1542102608609{background-color: #f2f2f2 !important;}&#8221; el_id=&#8221;down&#8221;][vc_column width=&#8221;2\/3&#8243; transparent=&#8221;transparent&#8221; align=&#8221;text-center&#8221; offset=&#8221;vc_col-sm-offset-2&#8243; css=&#8221;.vc_custom_1504915135874{padding-top: 0px !important;padding-bottom: 0px !important;}&#8221;]<div class=\"wpb_content_element call_to_booking_sc light_form extra_large_form centered_form  vc_custom_1714659985620\"><form action=\"\/en\/reservation-form\/\" method=\"get\" target=\"_self\">\n<div class=\"row\">\n\t\n\t\t<div class=\"col-sm-6\">\n\t\t\t<div class=\"form-group\">\n\t\t  \t\t<label>DATE OF ARRIVAL<\/label>\n\t\t  \t\t<input type=\"text\" name=\"arrival\" value=\"\" id=\"date_check_in\" placeholder=\"Select the date of arrival\">\n\t\t\t<\/div>\n\t\t<\/div>\n\n\n\t\n\t\t<div class=\"col-sm-6\">\n\t\t\t<div class=\"form-group\">\n\t\t  \t\t<label>DATE OF DEPARTURE<\/label>\n\t\t  \t\t<input type=\"text\" name=\"departure\" value=\"\" id=\"date_check_out\" placeholder=\"Select the date of departure\">\n\t\t\t<\/div>\n\t\t<\/div>\n\n\n\t\n\t\t  \t\t<input type=\"hidden\" name=\"hidden_field_1\" value=\"hidden_value_1\" id=\"\" placeholder=\"\">\n\n\n\t\n\t\t  \t\t<input type=\"hidden\" name=\"hidden_field_2\" value=\"hidden_value_2\" id=\"\" placeholder=\"\">\n\n\n\t\n\t\t  \t\t<input type=\"hidden\" name=\"hidden_field_3\" value=\"hidden_value_3\" id=\"\" placeholder=\"\">\n\n\n\t\n\t\t  \t\t<input type=\"hidden\" name=\"hidden_field_4\" value=\"hidden_value_4\" id=\"\" placeholder=\"\">\n\n\n\n\t<div class=\"col-sm-12\">\n\t\t<button type=\"submit\" class=\"btn btn-inv btn-lg btn-primary hp-booking-submit\">BOOK<\/button>\n\t<\/div>\n<\/div>\t\n<\/form><\/div>[\/vc_column][\/vc_row][vc_row full_width=&#8221;stretch_row&#8221; row_padding_top=&#8221;padding_top_1-4&#8243; row_padding_bottom=&#8221;padding_bottom_none&#8221;][vc_column width=&#8221;5\/6&#8243; boxed=&#8221;boxed&#8221; offset=&#8221;vc_col-sm-offset-1&#8243; css=&#8221;.vc_custom_1504911705928{padding-bottom: 0px !important;}&#8221;]<div class=\"heading_group_sc wpb_content_element subtitle_bottom odelovac   text-center\">\n        <div class=\"background_title\">WELCOME<\/div>\n\n\n    <h2>HOTEL ATOM<\/h2>\n\n\n        <span class=\"subtitle\">THAT IS A COMFORT, PEACE AND EXCELLENT SERVICES<\/span>\n\n<\/div>[vc_column_text css=&#8221;&#8221;]<\/p>\n<p style=\"text-align: center;\"><strong>We provide comfortable accommodation, whatever the purpose of your trip.<\/strong> Thanks to the capacity of 190 beds, we can handle large group stays. You can also try out our hospitality and great services in organizing events &#8211; social events, corporate events, conferences, training, presentations, weddings, celebrations &#8211; <strong>no event is too small or too big for us<\/strong>.<\/p>\n<p>[\/vc_column_text][\/vc_column][\/vc_row][vc_row color_set=&#8221;primary_section&#8221; transparent=&#8221;transparent&#8221; row_padding_top=&#8221;padding_top_1-2&#8243; row_padding_bottom=&#8221;padding_bottom_none&#8221;][vc_column width=&#8221;1\/3&#8243; css=&#8221;.vc_custom_1504913265377{padding-bottom: 0px !important;}&#8221;]<!-- ========================== HOVER BOX ==========================-->\n\n<div style=\"background-image: url('https:\/\/hotelatom.cz\/wp-content\/uploads\/2016\/11\/konference-hotel-atom.jpg')\" class=\"hoverbox wpb_content_element black_section neutralize_links stretchy_wrapper ratio_1-1 kulate \">\n<div class=\"hoverbox_tran black_section transparent_film\"><\/div>\n\t<a href=\"https:\/\/hotelatom.cz\/en\/corporate-and-social-events\/conference\/\">\n\t\t<div class=\"hoverbox_title\">\n\t\t\t<h2>Conferences<\/h2>\n\t\t<\/div>\n\t\t<div class=\"hoverbox_paragraph\">\n\t\t\t<p><\/p>\n<p style=\"text-align: center;\">Take advantage of our modern multifunctional spaces, our location in the middle of the Republic and excellent accessibility from the D1 motorway<\/p>\n<p><\/p>\n\t\t<\/div>\n\t<\/a>\t\n<\/div>\n\n<!-- END======================= HOVER BOX ==========================-->[\/vc_column][vc_column width=&#8221;1\/3&#8243; css=&#8221;.vc_custom_1504913271577{padding-bottom: 0px !important;}&#8221;]<!-- ========================== HOVER BOX ==========================-->\n\n<div style=\"background-image: url('https:\/\/hotelatom.cz\/wp-content\/uploads\/2017\/09\/seminare-skoleni-hotel-atom.jpg')\" class=\"hoverbox wpb_content_element black_section neutralize_links stretchy_wrapper ratio_1-1 kulate \">\n<div class=\"hoverbox_tran black_section transparent_film\"><\/div>\n\t<a href=\"https:\/\/hotelatom.cz\/en\/corporate-and-social-events\/training-and-presentations\/\">\n\t\t<div class=\"hoverbox_title\">\n\t\t\t<h2>Seminars, training, presentations<\/h2>\n\t\t<\/div>\n\t\t<div class=\"hoverbox_paragraph\">\n\t\t\t<p><\/p>\n<p style=\"text-align: center;\">Our variable classrooms are perfectly suited to the needs of your smaller event<\/p>\n<p><\/p>\n\t\t<\/div>\n\t<\/a>\t\n<\/div>\n\n<!-- END======================= HOVER BOX ==========================-->[\/vc_column][vc_column width=&#8221;1\/3&#8243; css=&#8221;.vc_custom_1504913278568{padding-bottom: 0px !important;}&#8221;]<!-- ========================== HOVER BOX ==========================-->\n\n<div style=\"background-image: url('https:\/\/hotelatom.cz\/wp-content\/uploads\/2017\/09\/firemni-akce.jpg')\" class=\"hoverbox wpb_content_element black_section neutralize_links stretchy_wrapper ratio_1-1 kulate \">\n<div class=\"hoverbox_tran black_section transparent_film\"><\/div>\n\t<a href=\"https:\/\/hotelatom.cz\/en\/corporate-and-social-events\/corporate-events\/\">\n\t\t<div class=\"hoverbox_title\">\n\t\t\t<h2>Corporate events<\/h2>\n\t\t<\/div>\n\t\t<div class=\"hoverbox_paragraph\">\n\t\t\t<p><\/p>\n<p style=\"text-align: center;\">Organize corporate parties, teambuildings, presentations of your products and other corporate events for your employees or clients<\/p>\n<p><\/p>\n\t\t<\/div>\n\t<\/a>\t\n<\/div>\n\n<!-- END======================= HOVER BOX ==========================-->[\/vc_column][\/vc_row][vc_row color_set=&#8221;primary_section&#8221; transparent=&#8221;transparent&#8221; row_padding_top=&#8221;padding_top_none&#8221; row_padding_bottom=&#8221;padding_bottom_1-2&#8243;][vc_column width=&#8221;1\/3&#8243; css=&#8221;.vc_custom_1504913265377{padding-bottom: 0px !important;}&#8221;]<!-- ========================== HOVER BOX ==========================-->\n\n<div style=\"background-image: url('https:\/\/hotelatom.cz\/wp-content\/uploads\/2016\/11\/spolecenske-akce-hotel-atom.jpg')\" class=\"hoverbox wpb_content_element black_section neutralize_links stretchy_wrapper ratio_1-1 kulate \">\n<div class=\"hoverbox_tran black_section transparent_film\"><\/div>\n\t<a href=\"https:\/\/hotelatom.cz\/en\/corporate-and-social-events\/social-events\/\">\n\t\t<div class=\"hoverbox_title\">\n\t\t\t<h2>Social events<\/h2>\n\t\t<\/div>\n\t\t<div class=\"hoverbox_paragraph\">\n\t\t\t<p><\/p>\n<p style=\"text-align: center;\">Organize an unforgettable ball, fashion show, musical or theater performance or other social event<\/p>\n<p><\/p>\n\t\t<\/div>\n\t<\/a>\t\n<\/div>\n\n<!-- END======================= HOVER BOX ==========================-->[\/vc_column][vc_column width=&#8221;1\/3&#8243; css=&#8221;.vc_custom_1504913271577{padding-bottom: 0px !important;}&#8221;]<!-- ========================== HOVER BOX ==========================-->\n\n<div style=\"background-image: url('https:\/\/hotelatom.cz\/wp-content\/uploads\/2016\/11\/svatby-hotel-atom.jpg')\" class=\"hoverbox wpb_content_element black_section neutralize_links stretchy_wrapper ratio_1-1 kulate \">\n<div class=\"hoverbox_tran black_section transparent_film\"><\/div>\n\t<a href=\"https:\/\/hotelatom.cz\/en\/corporate-and-social-events\/weddings\/\">\n\t\t<div class=\"hoverbox_title\">\n\t\t\t<h2>Weddings<\/h2>\n\t\t<\/div>\n\t\t<div class=\"hoverbox_paragraph\">\n\t\t\t<p><\/p>\n<p style=\"text-align: center;\">Leave your big day in our hands &#8211; modern rooms, excellent wedding menu and buffets, free rental<\/p>\n<p><\/p>\n\t\t<\/div>\n\t<\/a>\t\n<\/div>\n\n<!-- END======================= HOVER BOX ==========================-->[\/vc_column][vc_column width=&#8221;1\/3&#8243; css=&#8221;.vc_custom_1504913278568{padding-bottom: 0px !important;}&#8221;]<!-- ========================== HOVER BOX ==========================-->\n\n<div style=\"background-image: url('https:\/\/hotelatom.cz\/wp-content\/uploads\/2017\/09\/oslavy-rodinne-akce.jpg')\" class=\"hoverbox wpb_content_element black_section neutralize_links stretchy_wrapper ratio_1-1 kulate \">\n<div class=\"hoverbox_tran black_section transparent_film\"><\/div>\n\t<a href=\"https:\/\/hotelatom.cz\/en\/corporate-and-social-events\/celebrations-and-family-events\/\">\n\t\t<div class=\"hoverbox_title\">\n\t\t\t<h2>Celebrations and family events<\/h2>\n\t\t<\/div>\n\t\t<div class=\"hoverbox_paragraph\">\n\t\t\t<p><\/p>\n<p style=\"text-align: center;\">No family event or celebration is small for us, we will be happy to entertain you<\/p>\n<p><\/p>\n\t\t<\/div>\n\t<\/a>\t\n<\/div>\n\n<!-- END======================= HOVER BOX ==========================-->[\/vc_column][\/vc_row][vc_row full_width=&#8221;stretch_row&#8221; row_padding_bottom=&#8221;padding_bottom_1-2&#8243; css=&#8221;.vc_custom_1505567043000{background-color: #f2f2f2 !important;}&#8221;][vc_column]<div class=\"heading_group_sc wpb_content_element subtitle_bottom odelovac   text-center\">\n        <div class=\"background_title\">HOTEL ATOM<\/div>\n\n\n    <h2>OUR ROOMS AND APARTMENTS<\/h2>\n\n\n        <span class=\"subtitle\">IDEAL CONVENIENCE FOR PRIVATE AND BUSINESS TRIPS<\/span>\n\n<\/div><div class=\"ple_anypostloop_shortcode wpb_content_element kulateslider \"><div id=\"slider_5858ebadc2b64\" class=\"grid_wrapper  rooms_grid_classic_vertical_wrapper \">\n        <div class=\"rooms_grid_item grid_item rooms_list_item   optional-en  \" >\n                <div class=\"rooms_grid_item_photo\">\n                        <a href=\"https:\/\/hotelatom.cz\/en\/typy-pokoju\/suite-comfort\/\" title=\"SUITE COMFORT\" target=\"_parent\" class=\"\">\n                        <div style=\"background-image: url('https:\/\/hotelatom.cz\/wp-content\/uploads\/2017\/09\/apartman-mensi-nahled.jpg')\" class=\"stretchy_wrapper ratio_1-1 \"  title=\"SUITE COMFORT\">\n                        \n                        <\/div>\n                        <\/a>\n                <\/div>\n\n                <div class=\"rooms_grid_item_content \">\n                        <h3 class=\"textify_links\"><a href=\"https:\/\/hotelatom.cz\/en\/typy-pokoju\/suite-comfort\/\" title=\"SUITE COMFORT\" target=\"_parent\" class=\"\">SUITE COMFORT<\/a><\/h3>\n                        \n                        <div class=\"room_listed_amenities\">\n                        <\/div>\n                        \n                        <p class=\"booking_price\">\n                                <span class=\"booking_price_before\">Starting Price From<\/span>\n                                <span class=\"booking_price\">3560 K\u010d<\/span>\n                                <span class=\"booking_price_after\">\/ Day<\/span>\n                        <\/p>\n\n                        <a href=\"https:\/\/hotelatom.cz\/en\/typy-pokoju\/suite-comfort\/\" title=\"SUITE COMFORT\" target=\"_parent\" class=\"btn btn-link \">More info\u2026<\/a>\n                <\/div>\n\n        <\/div>\n        <div class=\"rooms_grid_item grid_item rooms_list_item   optional-en  \" >\n                <div class=\"rooms_grid_item_photo\">\n                        <a href=\"https:\/\/hotelatom.cz\/en\/typy-pokoju\/single-room-comfort\/\" title=\"SINGLE ROOM COMFORT\" target=\"_parent\" class=\"\">\n                        <div style=\"background-image: url('https:\/\/hotelatom.cz\/wp-content\/uploads\/2016\/11\/pokoje-comfort-hotel-atom-04-mensi.jpg')\" class=\"stretchy_wrapper ratio_1-1 \"  title=\"SINGLE ROOM COMFORT\">\n                        \n                        <\/div>\n                        <\/a>\n                <\/div>\n\n                <div class=\"rooms_grid_item_content \">\n                        <h3 class=\"textify_links\"><a href=\"https:\/\/hotelatom.cz\/en\/typy-pokoju\/single-room-comfort\/\" title=\"SINGLE ROOM COMFORT\" target=\"_parent\" class=\"\">SINGLE ROOM COMFORT<\/a><\/h3>\n                        \n                        <div class=\"room_listed_amenities\">\n                        <\/div>\n                        \n                        <p class=\"booking_price\">\n                                <span class=\"booking_price_before\">Starting Price From<\/span>\n                                <span class=\"booking_price\">1240 K\u010d<\/span>\n                                <span class=\"booking_price_after\">\/ Day<\/span>\n                        <\/p>\n\n                        <a href=\"https:\/\/hotelatom.cz\/en\/typy-pokoju\/single-room-comfort\/\" title=\"SINGLE ROOM COMFORT\" target=\"_parent\" class=\"btn btn-link \">More info\u2026<\/a>\n                <\/div>\n\n        <\/div>\n        <div class=\"rooms_grid_item grid_item rooms_list_item   optional-en  \" >\n                <div class=\"rooms_grid_item_photo\">\n                        <a href=\"https:\/\/hotelatom.cz\/en\/typy-pokoju\/double-room-comfort\/\" title=\"DOUBLE ROOM COMFORT\" target=\"_parent\" class=\"\">\n                        <div style=\"background-image: url('https:\/\/hotelatom.cz\/wp-content\/uploads\/2017\/09\/pokoje-comfort-hotel-atom-11-mensi.jpg')\" class=\"stretchy_wrapper ratio_1-1 \"  title=\"DOUBLE ROOM COMFORT\">\n                        \n                        <\/div>\n                        <\/a>\n                <\/div>\n\n                <div class=\"rooms_grid_item_content \">\n                        <h3 class=\"textify_links\"><a href=\"https:\/\/hotelatom.cz\/en\/typy-pokoju\/double-room-comfort\/\" title=\"DOUBLE ROOM COMFORT\" target=\"_parent\" class=\"\">DOUBLE ROOM COMFORT<\/a><\/h3>\n                        \n                        <div class=\"room_listed_amenities\">\n                        <\/div>\n                        \n                        <p class=\"booking_price\">\n                                <span class=\"booking_price_before\">Starting Price From<\/span>\n                                <span class=\"booking_price\">2050 K\u010d<\/span>\n                                <span class=\"booking_price_after\">\/ Day<\/span>\n                        <\/p>\n\n                        <a href=\"https:\/\/hotelatom.cz\/en\/typy-pokoju\/double-room-comfort\/\" title=\"DOUBLE ROOM COMFORT\" target=\"_parent\" class=\"btn btn-link \">More info\u2026<\/a>\n                <\/div>\n\n        <\/div>\n        <div class=\"rooms_grid_item grid_item rooms_list_item   optional-en  \" >\n                <div class=\"rooms_grid_item_photo\">\n                        <a href=\"https:\/\/hotelatom.cz\/en\/typy-pokoju\/triple-room-comfort\/\" title=\"TRIPLE ROOM COMFORT\" target=\"_parent\" class=\"\">\n                        <div style=\"background-image: url('https:\/\/hotelatom.cz\/wp-content\/uploads\/2017\/09\/triluzkovy-pokoj-nahled-mensi.jpg')\" class=\"stretchy_wrapper ratio_1-1 \"  title=\"TRIPLE ROOM COMFORT\">\n                        \n                        <\/div>\n                        <\/a>\n                <\/div>\n\n                <div class=\"rooms_grid_item_content \">\n                        <h3 class=\"textify_links\"><a href=\"https:\/\/hotelatom.cz\/en\/typy-pokoju\/triple-room-comfort\/\" title=\"TRIPLE ROOM COMFORT\" target=\"_parent\" class=\"\">TRIPLE ROOM COMFORT<\/a><\/h3>\n                        \n                        <div class=\"room_listed_amenities\">\n                        <\/div>\n                        \n                        <p class=\"booking_price\">\n                                <span class=\"booking_price_before\">Starting Price From<\/span>\n                                <span class=\"booking_price\">2730 K\u010d<\/span>\n                                <span class=\"booking_price_after\">\/ Day<\/span>\n                        <\/p>\n\n                        <a href=\"https:\/\/hotelatom.cz\/en\/typy-pokoju\/triple-room-comfort\/\" title=\"TRIPLE ROOM COMFORT\" target=\"_parent\" class=\"btn btn-link \">More info\u2026<\/a>\n                <\/div>\n\n        <\/div>\n        <div class=\"rooms_grid_item grid_item rooms_list_item   optional-en  \" >\n                <div class=\"rooms_grid_item_photo\">\n                        <a href=\"https:\/\/hotelatom.cz\/en\/typy-pokoju\/quadruple-room-basic\/\" title=\"QUADRUPLE ROOM BASIC\" target=\"_parent\" class=\"\">\n                        <div style=\"background-image: url('https:\/\/hotelatom.cz\/wp-content\/uploads\/2017\/09\/hotelatom-basic-new800x600.jpg')\" class=\"stretchy_wrapper ratio_1-1 \"  title=\"QUADRUPLE ROOM BASIC\">\n                        \n                        <\/div>\n                        <\/a>\n                <\/div>\n\n                <div class=\"rooms_grid_item_content \">\n                        <h3 class=\"textify_links\"><a href=\"https:\/\/hotelatom.cz\/en\/typy-pokoju\/quadruple-room-basic\/\" title=\"QUADRUPLE ROOM BASIC\" target=\"_parent\" class=\"\">QUADRUPLE ROOM BASIC<\/a><\/h3>\n                        \n                        <div class=\"room_listed_amenities\">\n                        <\/div>\n                        \n                        <p class=\"booking_price\">\n                                <span class=\"booking_price_before\">Starting Price From<\/span>\n                                <span class=\"booking_price\">2660 K\u010d<\/span>\n                                <span class=\"booking_price_after\">\/ Day<\/span>\n                        <\/p>\n\n                        <a href=\"https:\/\/hotelatom.cz\/en\/typy-pokoju\/quadruple-room-basic\/\" title=\"QUADRUPLE ROOM BASIC\" target=\"_parent\" class=\"btn btn-link \">More info\u2026<\/a>\n                <\/div>\n\n        <\/div>\n<\/div><\/div>[\/vc_column][\/vc_row]<\/p>\n<\/div>","protected":false},"excerpt":{"rendered":"<p>[vc_row full_width=&#8221;stretch_row&#8221; full_height=&#8221;yes&#8221; content_placement=&#8221;middle&#8221; el_class=&#8221;jenmobily&#8221; css=&#8221;.vc_custom_1542091039070{background-image: url(https:\/\/hotelatom.cz\/wp-content\/uploads\/2018\/11\/hotel-atom-vysokefoto-mobile.jpg?id=3219) !important;background-position: 0 0 !important;background-repeat: no-repeat !important;}&#8221;][vc_column width=&#8221;1\/4&#8243;][\/vc_column][vc_column width=&#8221;1\/2&#8243;][vc_column_text css=&#8221;.vc_custom_1542102526978{margin-bottom: 0px !important;padding-bottom: 0px !important;}&#8221;] WELCOME [\/vc_column_text][vc_column_text css=&#8221;.vc_custom_1542102582986{margin-top: -25px !important;padding-top: 0px !important;}&#8221;] TO HOTEL ATOM T\u0158EB\u00cd\u010c [\/vc_column_text][vc_icon type=&#8221;typicons&#8221; icon_typicons=&#8221;typcn typcn-arrow-down-outline&#8221; color=&#8221;custom&#8221; background_style=&#8221;rounded&#8221; background_color=&#8221;custom&#8221; align=&#8221;center&#8221; css_animation=&#8221;slideInUp&#8221; custom_color=&#8221;#ffffff&#8221; custom_background_color=&#8221;#d20a11&#8243; link=&#8221;url:%23down|||&#8221;][\/vc_column][vc_column width=&#8221;1\/4&#8243;][\/vc_column][\/vc_row][vc_row full_width=&#8221;stretch_row&#8221; color_set=&#8221;white_section&#8221; row_padding_top=&#8221;padding_top_none&#8221; row_padding_bottom=&#8221;padding_bottom_none&#8221; css=&#8221;.vc_custom_1542102608609{background-color: #f2f2f2 !important;}&#8221; el_id=&#8221;down&#8221;][vc_column width=&#8221;2\/3&#8243; transparent=&#8221;transparent&#8221; align=&#8221;text-center&#8221; [&hellip;]<\/p>\n","protected":false},"author":3,"featured_media":0,"parent":0,"menu_order":0,"comment_status":"closed","ping_status":"closed","template":"","meta":{"_exactmetrics_skip_tracking":false,"_exactmetrics_sitenote_active":false,"_exactmetrics_sitenote_note":"","_exactmetrics_sitenote_category":0,"footnotes":""},"aioseo_notices":[],"_links":{"self":[{"href":"https:\/\/hotelatom.cz\/en\/wp-json\/wp\/v2\/pages\/2665"}],"collection":[{"href":"https:\/\/hotelatom.cz\/en\/wp-json\/wp\/v2\/pages"}],"about":[{"href":"https:\/\/hotelatom.cz\/en\/wp-json\/wp\/v2\/types\/page"}],"author":[{"embeddable":true,"href":"https:\/\/hotelatom.cz\/en\/wp-json\/wp\/v2\/users\/3"}],"replies":[{"embeddable":true,"href":"https:\/\/hotelatom.cz\/en\/wp-json\/wp\/v2\/comments?post=2665"}],"version-history":[{"count":4,"href":"https:\/\/hotelatom.cz\/en\/wp-json\/wp\/v2\/pages\/2665\/revisions"}],"predecessor-version":[{"id":4706,"href":"https:\/\/hotelatom.cz\/en\/wp-json\/wp\/v2\/pages\/2665\/revisions\/4706"}],"wp:attachment":[{"href":"https:\/\/hotelatom.cz\/en\/wp-json\/wp\/v2\/media?parent=2665"}],"curies":[{"name":"wp","href":"https:\/\/api.w.org\/{rel}","templated":true}]}}