{"id":2912,"date":"2018-01-01T08:04:59","date_gmt":"2018-01-01T07:04:59","guid":{"rendered":"https:\/\/hotelatom.cz\/de\/?page_id=2912"},"modified":"2025-06-20T13:08:23","modified_gmt":"2025-06-20T12:08:23","slug":"getraenkekarte","status":"publish","type":"page","link":"https:\/\/hotelatom.cz\/de\/restaurant\/getraenkekarte\/","title":{"rendered":"Getr\u00e4nkekarte"},"content":{"rendered":"<div class=\"wpb-content-wrapper\"><p>[vc_row row_padding_top=&#8221;padding_top_1-2&#8243; row_padding_bottom=&#8221;padding_bottom_1-4&#8243;][vc_column width=&#8221;1\/2&#8243;][vc_column_text]<\/p>\n<h3 class=\"odelovac\"><span id=\"result_box\" class=\"short_text\" lang=\"de\">Alkoholfreie Getr\u00e4nke<\/span><span id=\"t-served-community-button\" class=\"trans-verified-button goog-toolbar-button\" role=\"button\" aria-hidden=\"true\"><\/span><\/h3>\n<table class=\"jidelak\">\n<tbody>\n<tr>\n<td class=\"gramaz\">0,33l<\/td>\n<td>Mattoni Grand (<span id=\"result_box\" class=\"short_text\" lang=\"de\">Sprudelwasser<\/span>)<\/td>\n<td class=\"cena\">46,-<\/td>\n<\/tr>\n<tr>\n<td class=\"gramaz\">0,75l<\/td>\n<td>Mattoni Grand (<span id=\"result_box\" class=\"short_text\" lang=\"de\">Sprudelwasser<\/span>)<\/td>\n<td class=\"cena\">79,-<\/td>\n<\/tr>\n<tr>\n<td class=\"gramaz\">0,33l<\/td>\n<td>Aquila stilles wasser<\/td>\n<td class=\"cena\">46,-<\/td>\n<\/tr>\n<tr>\n<td class=\"gramaz\">0,75l<\/td>\n<td>Aquila stilles wasser<\/td>\n<td class=\"cena\">79,-<\/td>\n<\/tr>\n<tr>\n<td class=\"gramaz\">0,30l<\/td>\n<td>To\u010den\u00e1 ZON &#8211; Holunderlimonade<\/td>\n<td class=\"cena\">36,-<\/td>\n<\/tr>\n<tr>\n<td class=\"gramaz\">0,50l<\/td>\n<td>To\u010den\u00e1 ZON &#8211; Holunderlimonade<\/td>\n<td class=\"cena\">48,-<\/td>\n<\/tr>\n<tr>\n<td class=\"gramaz\">0,33l<\/td>\n<td>Pepsi<\/td>\n<td class=\"cena\">52,-<\/td>\n<\/tr>\n<tr>\n<td class=\"gramaz\">0,25l<\/td>\n<td>Tonic Schweppes<\/td>\n<td class=\"cena\">54,-<\/td>\n<\/tr>\n<tr>\n<td class=\"gramaz\">0,20l<\/td>\n<td>Granini\u00a0juice<\/td>\n<td class=\"cena\">54,-<\/td>\n<\/tr>\n<tr>\n<td class=\"gramaz\">0,33l<\/td>\n<td>ZON <span id=\"result_box\" class=\"short_text\" lang=\"de\">Limonade<\/span> (<span id=\"result_box\" class=\"short_text\" lang=\"de\">Himbeere<\/span>)<\/td>\n<td class=\"cena\">42,-<\/td>\n<\/tr>\n<tr>\n<td class=\"gramaz\">1 l<\/td>\n<td><span id=\"result_box\" class=\"short_text\" lang=\"de\">Leitungswasser<\/span><\/td>\n<td class=\"cena\">43,-<\/td>\n<\/tr>\n<tr>\n<td class=\"gramaz\">0,25l<\/td>\n<td>Red Bull<\/td>\n<td class=\"cena\">85,-<\/td>\n<\/tr>\n<tr>\n<td class=\"gramaz\">0,4l<\/td>\n<td><span id=\"result_box\" class=\"short_text\" lang=\"de\">Unsere Limonade aus Sirup<\/span><\/td>\n<td class=\"cena\">79,-<\/td>\n<\/tr>\n<\/tbody>\n<\/table>\n<p>[\/vc_column_text][\/vc_column][vc_column width=&#8221;1\/2&#8243;][vc_column_text]<\/p>\n<h3 class=\"odelovac\"><span id=\"result_box\" class=\"short_text\" lang=\"de\">Kaffee, Tee<\/span><\/h3>\n<p>* alle Kaffeesorten sind auch entkoffeiniert<\/p>\n<table class=\"jidelak\">\n<tbody>\n<tr>\n<td class=\"gramaz\">7g<\/td>\n<td>Espresso, Espresso Lungo<\/td>\n<td class=\"cena\">60,-<\/td>\n<\/tr>\n<tr>\n<td class=\"gramaz\">7g<\/td>\n<td>Cappuccino<\/td>\n<td class=\"cena\">68,-<\/td>\n<\/tr>\n<tr>\n<td class=\"gramaz\">7g<\/td>\n<td>Latte macchiato<\/td>\n<td class=\"cena\">76,-<\/td>\n<\/tr>\n<tr>\n<td class=\"gramaz\">7g<\/td>\n<td>V\u00edde\u0148sk\u00e1 k\u00e1va (<span id=\"result_box\" class=\"short_text\" lang=\"de\">Schlagsahne<\/span>)<\/td>\n<td class=\"cena\">79,-<\/td>\n<\/tr>\n<tr>\n<td class=\"gramaz\">7g<\/td>\n<td><span id=\"result_box\" class=\"short_text\" lang=\"de\">Algerischer Kaffee (Ei-Cognac + Schlagsahne)<\/span><\/td>\n<td class=\"cena\">95,-<\/td>\n<\/tr>\n<tr>\n<td class=\"gramaz\">7g<\/td>\n<td><span id=\"result_box\" class=\"short_text\" lang=\"de\">T\u00fcrkischer Kaffee<\/span><\/td>\n<td class=\"cena\">52,-<\/td>\n<\/tr>\n<tr>\n<td class=\"gramaz\">7g<\/td>\n<td><span class=\"short_text\" lang=\"de\"><span id=\"result_box\" class=\"short_text\" lang=\"de\">Eiskaffee (Espresso, Eis)<\/span><\/span><\/td>\n<td class=\"cena\">90,-<\/td>\n<\/tr>\n<tr>\n<td class=\"gramaz\">40g<\/td>\n<td><span id=\"result_box\" class=\"short_text\" lang=\"de\">Hei\u00dfe Schokolade<\/span> (milch, dunkle)<\/td>\n<td class=\"cena\">68,-<\/td>\n<\/tr>\n<tr>\n<td class=\"gramaz\">5g<\/td>\n<td>Tee<\/td>\n<td class=\"cena\">49,-<\/td>\n<\/tr>\n<tr>\n<td class=\"gramaz\">20g<\/td>\n<td><span id=\"result_box\" class=\"short_text\" lang=\"de\">Frischer Ingwertee\/Minztee<\/span><\/td>\n<td class=\"cena\">69,-<\/td>\n<\/tr>\n<tr>\n<td class=\"gramaz\">0,2l<\/td>\n<td><span id=\"result_box\" class=\"short_text\" lang=\"de\">Gl\u00fchwein<\/span> (rot, <span id=\"result_box\" class=\"short_text\" lang=\"de\">wei\u00df<\/span>)<\/td>\n<td class=\"cena\">80,-<\/td>\n<\/tr>\n<tr>\n<td class=\"gramaz\">0,04l<\/td>\n<td>Grog<\/td>\n<td class=\"cena\">67,-<\/td>\n<\/tr>\n<tr>\n<td class=\"gramaz\">0,2l<\/td>\n<td><span id=\"result_box\" class=\"short_text\" lang=\"de\">Hei\u00dfer Saft<\/span> Granini<\/td>\n<td class=\"cena\">69,-<\/td>\n<\/tr>\n<\/tbody>\n<\/table>\n<p>[\/vc_column_text][\/vc_column][\/vc_row][vc_row row_padding_top=&#8221;padding_top_1-4&#8243; row_padding_bottom=&#8221;padding_bottom_1-4&#8243;][vc_column width=&#8221;1\/2&#8243;][vc_column_text]<\/p>\n<h3 class=\"odelovac\">Wein<\/h3>\n<table class=\"jidelak\">\n<tbody>\n<tr>\n<td class=\"gramaz\">0,2l<\/td>\n<td><span id=\"result_box\" class=\"short_text\" lang=\"de\">Wei\u00dfwein<\/span><\/td>\n<td class=\"cena\">70,-<\/td>\n<\/tr>\n<tr>\n<td class=\"gramaz\">0,2l<\/td>\n<td><span id=\"result_box\" class=\"short_text\" lang=\"de\">Rotwein<\/span><\/td>\n<td class=\"cena\">70,-<\/td>\n<\/tr>\n<tr>\n<td><\/td>\n<td><span id=\"result_box\" class=\"short_text\" lang=\"de\">Flaschen Wein<\/span><\/td>\n<td><\/td>\n<\/tr>\n<\/tbody>\n<\/table>\n<p>[\/vc_column_text][vc_column_text]<\/p>\n<h3 class=\"odelovac\"><span id=\"result_box\" class=\"short_text\" lang=\"de\">Aperitifs<\/span><\/h3>\n<table class=\"jidelak\">\n<tbody>\n<tr>\n<td class=\"gramaz\">1dcl<\/td>\n<td>Prosecco<\/td>\n<td class=\"cena\">58,-<\/td>\n<\/tr>\n<tr>\n<td class=\"gramaz\">1dcl<\/td>\n<td>Cinzano bianco, <span id=\"result_box\" class=\"short_text\" lang=\"de\">Zitrone<\/span><\/td>\n<td class=\"cena\">80,-<\/td>\n<\/tr>\n<tr>\n<td class=\"gramaz\">1dcl<\/td>\n<td>Cinzano rosso, Orange<\/td>\n<td class=\"cena\">80,-<\/td>\n<\/tr>\n<tr>\n<td class=\"gramaz\">1dcl<\/td>\n<td>Metropol bianco, <span id=\"result_box\" class=\"short_text\" lang=\"de\">Zitrone<\/span><\/td>\n<td class=\"cena\">55,-<\/td>\n<\/tr>\n<tr>\n<td class=\"gramaz\">1dcl<\/td>\n<td>Martini dry, Oliva<\/td>\n<td class=\"cena\">90,-<\/td>\n<\/tr>\n<tr>\n<td class=\"gramaz\">1dcl<\/td>\n<td>Crodino rosso <span id=\"result_box\" class=\"short_text\" lang=\"de\">(alkohol frei)<\/span><\/td>\n<td class=\"cena\">85,-<\/td>\n<\/tr>\n<\/tbody>\n<\/table>\n<p>[\/vc_column_text][\/vc_column][vc_column width=&#8221;1\/2&#8243;][vc_column_text]<\/p>\n<h3 class=\"odelovac\">Bier<\/h3>\n<table class=\"jidelak\">\n<tbody>\n<tr>\n<td class=\"gramaz\">0,5l<\/td>\n<td>Pilsner Urquell\u00a012\u00b0<\/td>\n<td class=\"cena\">65,-<\/td>\n<\/tr>\n<tr>\n<td class=\"gramaz\">0,3l<\/td>\n<td>Pilsner Urquell 12\u00b0<\/td>\n<td class=\"cena\">48,-<\/td>\n<\/tr>\n<tr>\n<td class=\"gramaz\">0,5l<\/td>\n<td>Gambrinus Nepasterizovan\u00e1 11\u00b0<\/td>\n<td class=\"cena\">50,-<\/td>\n<\/tr>\n<tr>\n<td class=\"gramaz\">0,3l<\/td>\n<td>Gambrinus Nepasterizovan\u00e1 11\u00b0<\/td>\n<td class=\"cena\">40,-<\/td>\n<\/tr>\n<tr>\n<td class=\"gramaz\">0,5l<\/td>\n<td>Birell pomelo &#8211; grep (alkohol frei)<\/td>\n<td class=\"cena\">50,-<\/td>\n<\/tr>\n<tr>\n<td class=\"gramaz\">0,3l<\/td>\n<td><span id=\"result_box\" class=\"short_text\" lang=\"de\">Birell pomelo &#8211; grep (alkohol frei)<\/span><\/td>\n<td class=\"cena\">40,-<\/td>\n<\/tr>\n<tr>\n<td class=\"gramaz\">0,33l<\/td>\n<td>PROUD &#8211; Flasche<\/td>\n<td class=\"cena\">59,-<\/td>\n<\/tr>\n<tr>\n<td class=\"gramaz\">0,5l<\/td>\n<td>Radegast Birell &#8211; Flasche, <span id=\"result_box\" class=\"short_text\" lang=\"de\">alkoholfreies Bier<\/span><\/td>\n<td class=\"cena\">52-<\/td>\n<\/tr>\n<tr>\n<td class=\"gramaz\">0,4l<\/td>\n<td>Volba sl\u00e1dk\u016f (<span id=\"result_box\" class=\"short_text\" lang=\"de\">Auswahl an Brauereien<\/span><span id=\"t-served-community-button\" class=\"trans-verified-button goog-toolbar-button\" role=\"button\" aria-hidden=\"true\"><\/span>) &#8211; <span id=\"result_box\" class=\"short_text\" lang=\"de\">Bier speziell<\/span><\/td>\n<td class=\"cena\">65,-<\/td>\n<\/tr>\n<\/tbody>\n<\/table>\n<p>[\/vc_column_text][\/vc_column][\/vc_row][vc_row row_padding_top=&#8221;padding_top_1-4&#8243; row_padding_bottom=&#8221;padding_bottom_1-4&#8243;][vc_column width=&#8221;1\/2&#8243;][vc_column_text]<\/p>\n<h3 class=\"odelovac\"><span id=\"result_box\" class=\"short_text\" lang=\"de\">Destillate<\/span><\/h3>\n<table class=\"jidelak\">\n<tbody>\n<tr>\n<td class=\"gramaz\">0,04l<\/td>\n<td>Vodka Absolut<\/td>\n<td class=\"cena\">70,-<\/td>\n<\/tr>\n<tr>\n<td>0,04l<\/td>\n<td>Absinth Fruko Schult<\/td>\n<td>88,-<\/td>\n<\/tr>\n<tr>\n<td class=\"gramaz\">0,04l<\/td>\n<td>Tequila Olmeca (st\u0159\u00edbrn\u00e1, zlat\u00e1)<\/td>\n<td class=\"cena\">90,-<\/td>\n<\/tr>\n<tr>\n<td class=\"gramaz\">0,04l<\/td>\n<td>Slivovica \u017duf\u00e1nek<\/td>\n<td class=\"cena\">95,-<\/td>\n<\/tr>\n<tr>\n<td class=\"gramaz\">0,04l<\/td>\n<td>Hru\u0161kovice \u017duf\u00e1nek<\/td>\n<td class=\"cena\">95,-<\/td>\n<\/tr>\n<tr>\n<td class=\"gramaz\">0,04l<\/td>\n<td>Gin Beefeater<\/td>\n<td class=\"cena\">75,-<\/td>\n<\/tr>\n<tr>\n<td class=\"gramaz\">0,04l<\/td>\n<td>Gin Beefeater Pink<\/td>\n<td class=\"cena\">75,-<\/td>\n<\/tr>\n<tr>\n<td class=\"gramaz\">0,04l<\/td>\n<td>Gin Plymouth<\/td>\n<td class=\"cena\">125,-<\/td>\n<\/tr>\n<tr>\n<td class=\"gramaz\">0,04l<\/td>\n<td>Gin Monkey 47<\/td>\n<td class=\"cena\">260,-<\/td>\n<\/tr>\n<tr>\n<td>0,04l<\/td>\n<td>Gin Gordon&#8217;s <span id=\"result_box\" class=\"short_text\" lang=\"de\">(alkohol frei)<\/span><\/td>\n<td>70,-<\/td>\n<\/tr>\n<\/tbody>\n<\/table>\n<p>[\/vc_column_text][vc_column_text]<\/p>\n<h3 class=\"odelovac\">Whisk(e)y<\/h3>\n<table class=\"jidelak\">\n<tbody>\n<tr>\n<td class=\"gramaz\">0,04l<\/td>\n<td>Ballantines<\/td>\n<td class=\"cena\">75,-<\/td>\n<\/tr>\n<tr>\n<td class=\"gramaz\">0,04l<\/td>\n<td>Tullamore<\/td>\n<td class=\"cena\">75,-<\/td>\n<\/tr>\n<tr>\n<td class=\"gramaz\">0,04l<\/td>\n<td>Jameson<\/td>\n<td class=\"cena\">75,-<\/td>\n<\/tr>\n<tr>\n<td class=\"gramaz\">0,04l<\/td>\n<td>Jameson Caskmates<\/td>\n<td class=\"cena\">90,-<\/td>\n<\/tr>\n<tr>\n<td class=\"gramaz\">0,04l<\/td>\n<td>Jack Daniels (Honey, Fire)<\/td>\n<td class=\"cena\">105,-<\/td>\n<\/tr>\n<tr>\n<td>0,04l<\/td>\n<td>Trebitsch Single Malt<\/td>\n<td>190,-<\/td>\n<\/tr>\n<tr>\n<td class=\"gramaz\">0,04l<\/td>\n<td>Chivas Regal Extra<\/td>\n<td class=\"cena\">160,-<\/td>\n<\/tr>\n<tr>\n<td class=\"gramaz\">0,04l<\/td>\n<td>Glenlivet Founders Reserve<\/td>\n<td class=\"cena\">190,-<\/td>\n<\/tr>\n<tr>\n<td class=\"gramaz\">0,04l<\/td>\n<td>Ardbeg 10y<\/td>\n<td class=\"cena\">230,-<\/td>\n<\/tr>\n<\/tbody>\n<\/table>\n<p>[\/vc_column_text][vc_column_text]<\/p>\n<h3 class=\"odelovac\"><span id=\"result_box\" class=\"short_text\" lang=\"de\">Cognac und Brandy<\/span><\/h3>\n<table class=\"jidelak\" style=\"width: 23.697816%;\">\n<tbody>\n<tr>\n<td class=\"gramaz\">0,04l<\/td>\n<td>Hennessy V.S.O.P.<\/td>\n<td class=\"cena\">255,-<\/td>\n<\/tr>\n<tr>\n<td class=\"gramaz\">0,04l<\/td>\n<td>Martell V.S.O.P.<\/td>\n<td class=\"cena\">245,-<\/td>\n<\/tr>\n<\/tbody>\n<\/table>\n<p>[\/vc_column_text][\/vc_column][vc_column width=&#8221;1\/2&#8243;][vc_column_text]<\/p>\n<h3 class=\"odelovac\">Rum<\/h3>\n<table class=\"jidelak\">\n<tbody>\n<tr>\n<td class=\"gramaz\">0,04l<\/td>\n<td>Bo\u017ekov Tuzemsk\u00fd<\/td>\n<td class=\"cena\">55,-<\/td>\n<\/tr>\n<tr>\n<td class=\"gramaz\">0,04l<\/td>\n<td>Bo\u017ekov Republica Exclusive<\/td>\n<td class=\"cena\">70,-<\/td>\n<\/tr>\n<tr>\n<td class=\"gramaz\">0,04l<\/td>\n<td>Havana Club A\u0148ejo Blanco 3 A\u0148os<\/td>\n<td class=\"cena\">70,-<\/td>\n<\/tr>\n<tr>\n<td class=\"gramaz\">0,04l<\/td>\n<td>Havana Club Especial<\/td>\n<td class=\"cena\">80,-<\/td>\n<\/tr>\n<tr>\n<td class=\"gramaz\">0,04l<\/td>\n<td>Havana Club 7 A\u0148os<\/td>\n<td class=\"cena\">150,-<\/td>\n<\/tr>\n<tr>\n<td class=\"gramaz\">0,04l<\/td>\n<td>Havana Club Union<\/td>\n<td class=\"cena\">880,-<\/td>\n<\/tr>\n<tr>\n<td class=\"gramaz\">0,04l<\/td>\n<td>Captain Morgan<\/td>\n<td class=\"cena\">65,-<\/td>\n<\/tr>\n<tr>\n<td class=\"gramaz\">0,04l<\/td>\n<td>Legendario Elixir<\/td>\n<td class=\"cena\">85,-<\/td>\n<\/tr>\n<tr>\n<td class=\"gramaz\">0,04l<\/td>\n<td>Rum Diplomatico 12y<\/td>\n<td class=\"cena\">165,-<\/td>\n<\/tr>\n<tr>\n<td class=\"gramaz\">0,04l<\/td>\n<td>Ron Zacapa<\/td>\n<td class=\"cena\">190,-<\/td>\n<\/tr>\n<tr>\n<td class=\"gramaz\">0,04l<\/td>\n<td>Ron Zacapa XO Solera<\/td>\n<td class=\"cena\">360,-<\/td>\n<\/tr>\n<tr>\n<td class=\"gramaz\">0,04l<\/td>\n<td>A.H.Riisa Non Plus Ultras<\/td>\n<td class=\"cena\">290,-<\/td>\n<\/tr>\n<\/tbody>\n<\/table>\n<p>[\/vc_column_text][vc_column_text]<\/p>\n<h3 class=\"odelovac\"><span id=\"result_box\" class=\"short_text\" lang=\"de\">Lik\u00f6re<\/span><\/h3>\n<table class=\"jidelak\">\n<tbody>\n<tr>\n<td class=\"gramaz\">0,04l<\/td>\n<td>Becherovka<\/td>\n<td class=\"cena\">60,-<\/td>\n<\/tr>\n<tr>\n<td class=\"gramaz\">0,04l<\/td>\n<td>Becherovka Lemond<\/td>\n<td class=\"cena\">60,-<\/td>\n<\/tr>\n<tr>\n<td class=\"gramaz\">0,04l<\/td>\n<td>Fernet Stock<\/td>\n<td class=\"cena\">60,-<\/td>\n<\/tr>\n<tr>\n<td class=\"gramaz\">0,04l<\/td>\n<td>Fernet Stock Citrus<\/td>\n<td class=\"cena\">60,-<\/td>\n<\/tr>\n<tr>\n<td class=\"gramaz\">0,04l<\/td>\n<td>Malibu<\/td>\n<td class=\"cena\">65,-<\/td>\n<\/tr>\n<tr>\n<td class=\"gramaz\">0,04l<\/td>\n<td>Griotte Bo\u017ekov<\/td>\n<td class=\"cena\">50,-<\/td>\n<\/tr>\n<tr>\n<td class=\"gramaz\">0,04l<\/td>\n<td>Peprmint Bo\u017ekov<\/td>\n<td class=\"cena\">55,-<\/td>\n<\/tr>\n<tr>\n<td class=\"gramaz\">0,04l<\/td>\n<td>J\u00e4germeister<\/td>\n<td class=\"cena\">75,-<\/td>\n<\/tr>\n<tr>\n<td class=\"gramaz\">0,04l<\/td>\n<td>Baileys<\/td>\n<td class=\"cena\">75,-<\/td>\n<\/tr>\n<\/tbody>\n<\/table>\n<p>[\/vc_column_text][\/vc_column][\/vc_row]<\/p>\n<\/div>","protected":false},"excerpt":{"rendered":"<p>[vc_row row_padding_top=&#8221;padding_top_1-2&#8243; row_padding_bottom=&#8221;padding_bottom_1-4&#8243;][vc_column width=&#8221;1\/2&#8243;][vc_column_text] Alkoholfreie Getr\u00e4nke 0,33l Mattoni Grand (Sprudelwasser) 46,- 0,75l Mattoni Grand (Sprudelwasser) 79,- 0,33l Aquila stilles wasser 46,- 0,75l Aquila stilles wasser 79,- 0,30l To\u010den\u00e1 ZON &#8211; Holunderlimonade 36,- 0,50l To\u010den\u00e1 ZON &#8211; Holunderlimonade 48,- 0,33l Pepsi 52,- 0,25l Tonic Schweppes 54,- 0,20l Granini\u00a0juice 54,- 0,33l ZON Limonade (Himbeere) 42,- 1 l [&hellip;]<\/p>\n","protected":false},"author":3,"featured_media":0,"parent":2650,"menu_order":2,"comment_status":"closed","ping_status":"closed","template":"","meta":{"_exactmetrics_skip_tracking":false,"_exactmetrics_sitenote_active":false,"_exactmetrics_sitenote_note":"","_exactmetrics_sitenote_category":0,"footnotes":""},"aioseo_notices":[],"_links":{"self":[{"href":"https:\/\/hotelatom.cz\/de\/wp-json\/wp\/v2\/pages\/2912"}],"collection":[{"href":"https:\/\/hotelatom.cz\/de\/wp-json\/wp\/v2\/pages"}],"about":[{"href":"https:\/\/hotelatom.cz\/de\/wp-json\/wp\/v2\/types\/page"}],"author":[{"embeddable":true,"href":"https:\/\/hotelatom.cz\/de\/wp-json\/wp\/v2\/users\/3"}],"replies":[{"embeddable":true,"href":"https:\/\/hotelatom.cz\/de\/wp-json\/wp\/v2\/comments?post=2912"}],"version-history":[{"count":15,"href":"https:\/\/hotelatom.cz\/de\/wp-json\/wp\/v2\/pages\/2912\/revisions"}],"predecessor-version":[{"id":5204,"href":"https:\/\/hotelatom.cz\/de\/wp-json\/wp\/v2\/pages\/2912\/revisions\/5204"}],"up":[{"embeddable":true,"href":"https:\/\/hotelatom.cz\/de\/wp-json\/wp\/v2\/pages\/2650"}],"wp:attachment":[{"href":"https:\/\/hotelatom.cz\/de\/wp-json\/wp\/v2\/media?parent=2912"}],"curies":[{"name":"wp","href":"https:\/\/api.w.org\/{rel}","templated":true}]}}