{"id":2667,"date":"2017-12-23T03:25:52","date_gmt":"2017-12-23T02:25:52","guid":{"rendered":"https:\/\/hotelatom.cz\/de\/?page_id=2667"},"modified":"2024-05-02T15:25:25","modified_gmt":"2024-05-02T14:25:25","slug":"homepage","status":"publish","type":"page","link":"https:\/\/hotelatom.cz\/de\/","title":{"rendered":"Homepage"},"content":{"rendered":"<div class=\"wpb-content-wrapper\"><p>[vc_row full_width=&#8221;stretch_row&#8221; full_height=&#8221;yes&#8221; content_placement=&#8221;middle&#8221; el_class=&#8221;jenmobily&#8221; css=&#8221;.vc_custom_1542091039070{background-image: url(https:\/\/hotelatom.cz\/wp-content\/uploads\/2018\/11\/hotel-atom-vysokefoto-mobile.jpg?id=3219) !important;background-position: 0 0 !important;background-repeat: no-repeat !important;}&#8221;][vc_column width=&#8221;1\/4&#8243;][\/vc_column][vc_column width=&#8221;1\/2&#8243;][vc_column_text css=&#8221;.vc_custom_1542102803366{margin-bottom: 0px !important;padding-bottom: 0px !important;}&#8221;]<\/p>\n<h1 class=\"cervenyfont\" style=\"text-align: center;\">WILLKOMMEN<\/h1>\n<p>[\/vc_column_text][vc_column_text css=&#8221;.vc_custom_1542102849488{margin-top: -25px !important;padding-top: 0px !important;}&#8221;]<\/p>\n<h2 style=\"text-align: center;\">IM HOTEL ATOM T\u0158EB\u00cd\u010c<\/h2>\n<p>[\/vc_column_text][vc_icon type=&#8221;typicons&#8221; icon_typicons=&#8221;typcn typcn-arrow-down-outline&#8221; color=&#8221;custom&#8221; background_style=&#8221;rounded&#8221; background_color=&#8221;custom&#8221; align=&#8221;center&#8221; css_animation=&#8221;slideInUp&#8221; custom_color=&#8221;#ffffff&#8221; custom_background_color=&#8221;#d20a11&#8243; link=&#8221;url:%23unten|||&#8221;][\/vc_column][vc_column width=&#8221;1\/4&#8243;][\/vc_column][\/vc_row][vc_row full_width=&#8221;stretch_row&#8221; color_set=&#8221;white_section&#8221; row_padding_top=&#8221;padding_top_none&#8221; row_padding_bottom=&#8221;padding_bottom_none&#8221; css=&#8221;.vc_custom_1542102869770{background-color: #f2f2f2 !important;}&#8221; el_id=&#8221;unten&#8221;][vc_column width=&#8221;2\/3&#8243; transparent=&#8221;transparent&#8221; align=&#8221;text-center&#8221; offset=&#8221;vc_col-sm-offset-2&#8243; css=&#8221;.vc_custom_1504915135874{padding-top: 0px !important;padding-bottom: 0px !important;}&#8221;]<div class=\"wpb_content_element call_to_booking_sc light_form extra_large_form centered_form  vc_custom_1714659922149\"><form action=\"https:\/\/hotelatom.cz\/de\/reservierung\/\" method=\"get\" target=\"_self\">\n<div class=\"row\">\n\t\n\t\t<div class=\"col-sm-6\">\n\t\t\t<div class=\"form-group\">\n\t\t  \t\t<label>ANREISEDATUM<\/label>\n\t\t  \t\t<input type=\"text\" name=\"arrival\" value=\"\" id=\"date_check_in\" placeholder=\"Geben Sie das Anreisedatum an\">\n\t\t\t<\/div>\n\t\t<\/div>\n\n\n\t\n\t\t<div class=\"col-sm-6\">\n\t\t\t<div class=\"form-group\">\n\t\t  \t\t<label>ABREISEDATUM<\/label>\n\t\t  \t\t<input type=\"text\" name=\"departure\" value=\"\" id=\"date_check_out\" placeholder=\"Geben Sie das Abreisedatum an\">\n\t\t\t<\/div>\n\t\t<\/div>\n\n\n\t\n\t\t  \t\t<input type=\"hidden\" name=\"hidden_field_1\" value=\"hidden_value_1\" id=\"\" placeholder=\"\">\n\n\n\t\n\t\t  \t\t<input type=\"hidden\" name=\"hidden_field_2\" value=\"hidden_value_2\" id=\"\" placeholder=\"\">\n\n\n\t\n\t\t  \t\t<input type=\"hidden\" name=\"hidden_field_3\" value=\"hidden_value_3\" id=\"\" placeholder=\"\">\n\n\n\t\n\t\t  \t\t<input type=\"hidden\" name=\"hidden_field_4\" value=\"hidden_value_4\" id=\"\" placeholder=\"\">\n\n\n\n\t<div class=\"col-sm-12\">\n\t\t<button type=\"submit\" class=\"btn btn-inv btn-lg btn-primary hp-booking-submit\">RESERVIEREN<\/button>\n\t<\/div>\n<\/div>\t\n<\/form><\/div>[\/vc_column][\/vc_row][vc_row full_width=&#8221;stretch_row&#8221; row_padding_top=&#8221;padding_top_1-4&#8243; row_padding_bottom=&#8221;padding_bottom_none&#8221;][vc_column width=&#8221;5\/6&#8243; boxed=&#8221;boxed&#8221; offset=&#8221;vc_col-sm-offset-1&#8243; css=&#8221;.vc_custom_1504911705928{padding-bottom: 0px !important;}&#8221;]<div class=\"heading_group_sc wpb_content_element subtitle_bottom odelovac   text-center\">\n        <div class=\"background_title\">Willkommen<\/div>\n\n\n    <h2>HOTEL ATOM<\/h2>\n\n\n        <span class=\"subtitle\">STEHT F\u00dcR KOMFORT, RUHE UND TOLLE DIENSTE<\/span>\n\n<\/div>[vc_column_text css=&#8221;&#8221;]<\/p>\n<p style=\"text-align: center;\"><strong>Wir gew\u00e4hren komfortable Unterkunft, egal wie der Zweck Ihrer Reise ist.<\/strong> Dank der Kapazit\u00e4t von 190 Betten k\u00f6nnen wir auch gro\u00dfe Gruppenaufenthalte organisieren. Unsere Gastfreundlichkeit und wunderbare Dienste k\u00f6nnen Sie auch im Rahmen einer Veranstaltung testen \u2013 wir organisieren gesellschaftliche Veranstaltungen, Firmenveranstaltungen, Konferenzen, Pr\u00e4sentationen, Hochzeiten, Feiern &#8211; <strong>keine Veranstaltung ist zu klein oder zu gro\u00df f\u00fcr uns!<\/strong><\/p>\n<p>[\/vc_column_text][\/vc_column][\/vc_row][vc_row color_set=&#8221;primary_section&#8221; transparent=&#8221;transparent&#8221; row_padding_top=&#8221;padding_top_1-2&#8243; row_padding_bottom=&#8221;padding_bottom_none&#8221;][vc_column width=&#8221;1\/3&#8243; css=&#8221;.vc_custom_1504913265377{padding-bottom: 0px !important;}&#8221;]<!-- ========================== HOVER BOX ==========================-->\n\n<div style=\"background-image: url('https:\/\/hotelatom.cz\/wp-content\/uploads\/2016\/11\/konference-hotel-atom.jpg')\" class=\"hoverbox wpb_content_element black_section neutralize_links stretchy_wrapper ratio_1-1 kulate \">\n<div class=\"hoverbox_tran black_section transparent_film\"><\/div>\n\t<a href=\"https:\/\/hotelatom.cz\/de\/firmen-und-gesellschaftliche-veranstaltungen\/konferenzen\/\">\n\t\t<div class=\"hoverbox_title\">\n\t\t\t<h2>Konferenzen<\/h2>\n\t\t<\/div>\n\t\t<div class=\"hoverbox_paragraph\">\n\t\t\t<p><\/p>\n<p style=\"text-align: center;\">Nutzen Sie unsere multifunktionalen R\u00e4ume, unsere Lage inmitten der Republik und eine ausgezeichnete Zug\u00e4nglichkeit von der Autobahn D1<\/p>\n<p><\/p>\n\t\t<\/div>\n\t<\/a>\t\n<\/div>\n\n<!-- END======================= HOVER BOX ==========================-->[\/vc_column][vc_column width=&#8221;1\/3&#8243; css=&#8221;.vc_custom_1504913271577{padding-bottom: 0px !important;}&#8221;]<!-- ========================== HOVER BOX ==========================-->\n\n<div style=\"background-image: url('https:\/\/hotelatom.cz\/wp-content\/uploads\/2017\/09\/seminare-skoleni-hotel-atom.jpg')\" class=\"hoverbox wpb_content_element black_section neutralize_links stretchy_wrapper ratio_1-1 kulate \">\n<div class=\"hoverbox_tran black_section transparent_film\"><\/div>\n\t<a href=\"https:\/\/hotelatom.cz\/de\/firmen-und-gesellschaftliche-veranstaltungen\/schulungen-und-praesentationen\/\">\n\t\t<div class=\"hoverbox_title\">\n\t\t\t<h2>Seminars, Schulungen, Pr\u00e4sentationen<\/h2>\n\t\t<\/div>\n\t\t<div class=\"hoverbox_paragraph\">\n\t\t\t<p><\/p>\n<p style=\"text-align: center;\">Unsere variablen Lehrr\u00e4ume passen sich vollkommen an Bed\u00fcrfnisse Ihrer kleineren Veranstaltung an<\/p>\n<p><\/p>\n\t\t<\/div>\n\t<\/a>\t\n<\/div>\n\n<!-- END======================= HOVER BOX ==========================-->[\/vc_column][vc_column width=&#8221;1\/3&#8243; css=&#8221;.vc_custom_1504913278568{padding-bottom: 0px !important;}&#8221;]<!-- ========================== HOVER BOX ==========================-->\n\n<div style=\"background-image: url('https:\/\/hotelatom.cz\/wp-content\/uploads\/2017\/09\/firemni-akce.jpg')\" class=\"hoverbox wpb_content_element black_section neutralize_links stretchy_wrapper ratio_1-1 kulate \">\n<div class=\"hoverbox_tran black_section transparent_film\"><\/div>\n\t<a href=\"https:\/\/hotelatom.cz\/de\/firmen-und-gesellschaftliche-veranstaltungen\/firmenveranstaltungen\/\">\n\t\t<div class=\"hoverbox_title\">\n\t\t\t<h2>Firmenveranstaltungen<\/h2>\n\t\t<\/div>\n\t\t<div class=\"hoverbox_paragraph\">\n\t\t\t<p><\/p>\n<p style=\"text-align: center;\">Firmenfeiern, Team Buildings, Pr\u00e4sentationen Ihrer Produkte sowie andere Firmenveranstaltungen f\u00fcr Ihre Mitarbeiter oder Klienten k\u00f6nnen Sie unseren H\u00e4nden anvertrauen<\/p>\n<p><\/p>\n\t\t<\/div>\n\t<\/a>\t\n<\/div>\n\n<!-- END======================= HOVER BOX ==========================-->[\/vc_column][\/vc_row][vc_row color_set=&#8221;primary_section&#8221; transparent=&#8221;transparent&#8221; row_padding_top=&#8221;padding_top_none&#8221; row_padding_bottom=&#8221;padding_bottom_1-2&#8243;][vc_column width=&#8221;1\/3&#8243; css=&#8221;.vc_custom_1504913265377{padding-bottom: 0px !important;}&#8221;]<!-- ========================== HOVER BOX ==========================-->\n\n<div style=\"background-image: url('https:\/\/hotelatom.cz\/wp-content\/uploads\/2016\/11\/spolecenske-akce-hotel-atom.jpg')\" class=\"hoverbox wpb_content_element black_section neutralize_links stretchy_wrapper ratio_1-1 kulate \">\n<div class=\"hoverbox_tran black_section transparent_film\"><\/div>\n\t<a href=\"https:\/\/hotelatom.cz\/de\/firmen-und-gesellschaftliche-veranstaltungen\/gesellschaftliche-ereignisse\/\">\n\t\t<div class=\"hoverbox_title\">\n\t\t\t<h2>Gesellschaftliche Veranstaltungen<\/h2>\n\t\t<\/div>\n\t\t<div class=\"hoverbox_paragraph\">\n\t\t\t<p><\/p>\n<p style=\"text-align: center;\">Veranstalten Sie bei uns einen unvergesslichen Ball, eine unvergessliche Modenschau oder einen Musik- oder Theaterauftritt!<\/p>\n<p><\/p>\n\t\t<\/div>\n\t<\/a>\t\n<\/div>\n\n<!-- END======================= HOVER BOX ==========================-->[\/vc_column][vc_column width=&#8221;1\/3&#8243; css=&#8221;.vc_custom_1504913271577{padding-bottom: 0px !important;}&#8221;]<!-- ========================== HOVER BOX ==========================-->\n\n<div style=\"background-image: url('https:\/\/hotelatom.cz\/wp-content\/uploads\/2016\/11\/svatby-hotel-atom.jpg')\" class=\"hoverbox wpb_content_element black_section neutralize_links stretchy_wrapper ratio_1-1 kulate \">\n<div class=\"hoverbox_tran black_section transparent_film\"><\/div>\n\t<a href=\"https:\/\/hotelatom.cz\/de\/firmen-und-gesellschaftliche-veranstaltungen\/hochzeiten\/\">\n\t\t<div class=\"hoverbox_title\">\n\t\t\t<h2>Hochzeiten<\/h2>\n\t\t<\/div>\n\t\t<div class=\"hoverbox_paragraph\">\n\t\t\t<p><\/p>\n<p style=\"text-align: center;\">Vertrauen Sie Ihren \u201egro\u00dfen Tag\u201c unseren H\u00e4nden an! Moderne R\u00e4ume, ausgezeichnetes Hochzeitsmen\u00fc und Stehempfang, Vermietung gratis<\/p>\n<p><\/p>\n\t\t<\/div>\n\t<\/a>\t\n<\/div>\n\n<!-- END======================= HOVER BOX ==========================-->[\/vc_column][vc_column width=&#8221;1\/3&#8243; css=&#8221;.vc_custom_1504913278568{padding-bottom: 0px !important;}&#8221;]<!-- ========================== HOVER BOX ==========================-->\n\n<div style=\"background-image: url('https:\/\/hotelatom.cz\/wp-content\/uploads\/2017\/09\/oslavy-rodinne-akce.jpg')\" class=\"hoverbox wpb_content_element black_section neutralize_links stretchy_wrapper ratio_1-1 kulate \">\n<div class=\"hoverbox_tran black_section transparent_film\"><\/div>\n\t<a href=\"https:\/\/hotelatom.cz\/de\/firmen-und-gesellschaftliche-veranstaltungen\/feiern-und-familienfeste\/\">\n\t\t<div class=\"hoverbox_title\">\n\t\t\t<h2>Feiern und Familienfeste<\/h2>\n\t\t<\/div>\n\t\t<div class=\"hoverbox_paragraph\">\n\t\t\t<p><\/p>\n<p style=\"text-align: center;\">Keine von Ihren Familienfeiern, keines von Ihren Familienfesten sind zu klein oder zu gro\u00df f\u00fcr uns, wir bewirten Sie gern<\/p>\n<p><\/p>\n\t\t<\/div>\n\t<\/a>\t\n<\/div>\n\n<!-- END======================= HOVER BOX ==========================-->[\/vc_column][\/vc_row][vc_row full_width=&#8221;stretch_row&#8221; row_padding_bottom=&#8221;padding_bottom_1-2&#8243; css=&#8221;.vc_custom_1505567043000{background-color: #f2f2f2 !important;}&#8221;][vc_column]<div class=\"heading_group_sc wpb_content_element subtitle_bottom odelovac   text-center\">\n        <div class=\"background_title\">HOTEL ATOM<\/div>\n\n\n    <h2>UNSERE ZIMMER UND APPARTEMENTS<\/h2>\n\n\n        <span class=\"subtitle\">IDEALES UMFELD F\u00dcR PRIVATE UND DIENSTREISEN<\/span>\n\n<\/div><div class=\"ple_anypostloop_shortcode wpb_content_element kulateslider \"><div id=\"slider_5858ebadc2b64\" class=\"grid_wrapper  rooms_grid_classic_vertical_wrapper \">\n        <div class=\"rooms_grid_item grid_item rooms_list_item   optional-de  \" >\n                <div class=\"rooms_grid_item_photo\">\n                        <a href=\"https:\/\/hotelatom.cz\/de\/typy-pokoju\/appartement-comfort\/\" title=\"APPARTEMENT COMFORT\" target=\"_parent\" class=\"\">\n                        <div style=\"background-image: url('https:\/\/hotelatom.cz\/wp-content\/uploads\/2017\/09\/apartman-mensi-nahled.jpg')\" class=\"stretchy_wrapper ratio_1-1 \"  title=\"APPARTEMENT COMFORT\">\n                        \n                        <\/div>\n                        <\/a>\n                <\/div>\n\n                <div class=\"rooms_grid_item_content \">\n                        <h3 class=\"textify_links\"><a href=\"https:\/\/hotelatom.cz\/de\/typy-pokoju\/appartement-comfort\/\" title=\"APPARTEMENT COMFORT\" target=\"_parent\" class=\"\">APPARTEMENT COMFORT<\/a><\/h3>\n                        \n                        <div class=\"room_listed_amenities\">\n                        <\/div>\n                        \n                        <p class=\"booking_price\">\n                                <span class=\"booking_price_before\">Starting Price From<\/span>\n                                <span class=\"booking_price\">3560 K\u010d<\/span>\n                                <span class=\"booking_price_after\">\/ Day<\/span>\n                        <\/p>\n\n                        <a href=\"https:\/\/hotelatom.cz\/de\/typy-pokoju\/appartement-comfort\/\" title=\"APPARTEMENT COMFORT\" target=\"_parent\" class=\"btn btn-link \">Mehr Infos...<\/a>\n                <\/div>\n\n        <\/div>\n        <div class=\"rooms_grid_item grid_item rooms_list_item   optional-de  \" >\n                <div class=\"rooms_grid_item_photo\">\n                        <a href=\"https:\/\/hotelatom.cz\/de\/typy-pokoju\/einbettzimmer-comfort\/\" title=\"EINBETTZIMMER COMFORT\" target=\"_parent\" class=\"\">\n                        <div style=\"background-image: url('https:\/\/hotelatom.cz\/wp-content\/uploads\/2016\/11\/pokoje-comfort-hotel-atom-04-mensi.jpg')\" class=\"stretchy_wrapper ratio_1-1 \"  title=\"EINBETTZIMMER COMFORT\">\n                        \n                        <\/div>\n                        <\/a>\n                <\/div>\n\n                <div class=\"rooms_grid_item_content \">\n                        <h3 class=\"textify_links\"><a href=\"https:\/\/hotelatom.cz\/de\/typy-pokoju\/einbettzimmer-comfort\/\" title=\"EINBETTZIMMER COMFORT\" target=\"_parent\" class=\"\">EINBETTZIMMER COMFORT<\/a><\/h3>\n                        \n                        <div class=\"room_listed_amenities\">\n                        <\/div>\n                        \n                        <p class=\"booking_price\">\n                                <span class=\"booking_price_before\">Starting Price From<\/span>\n                                <span class=\"booking_price\">1240 K\u010d<\/span>\n                                <span class=\"booking_price_after\">\/ Day<\/span>\n                        <\/p>\n\n                        <a href=\"https:\/\/hotelatom.cz\/de\/typy-pokoju\/einbettzimmer-comfort\/\" title=\"EINBETTZIMMER COMFORT\" target=\"_parent\" class=\"btn btn-link \">Mehr Infos...<\/a>\n                <\/div>\n\n        <\/div>\n        <div class=\"rooms_grid_item grid_item rooms_list_item   optional-de  \" >\n                <div class=\"rooms_grid_item_photo\">\n                        <a href=\"https:\/\/hotelatom.cz\/de\/typy-pokoju\/doppelzimmer-comfort\/\" title=\"DOPPELZIMMER COMFORT\" target=\"_parent\" class=\"\">\n                        <div style=\"background-image: url('https:\/\/hotelatom.cz\/wp-content\/uploads\/2017\/09\/pokoje-comfort-hotel-atom-11-mensi.jpg')\" class=\"stretchy_wrapper ratio_1-1 \"  title=\"DOPPELZIMMER COMFORT\">\n                        \n                        <\/div>\n                        <\/a>\n                <\/div>\n\n                <div class=\"rooms_grid_item_content \">\n                        <h3 class=\"textify_links\"><a href=\"https:\/\/hotelatom.cz\/de\/typy-pokoju\/doppelzimmer-comfort\/\" title=\"DOPPELZIMMER COMFORT\" target=\"_parent\" class=\"\">DOPPELZIMMER COMFORT<\/a><\/h3>\n                        \n                        <div class=\"room_listed_amenities\">\n                        <\/div>\n                        \n                        <p class=\"booking_price\">\n                                <span class=\"booking_price_before\">Starting Price From<\/span>\n                                <span class=\"booking_price\">2050 K\u010d<\/span>\n                                <span class=\"booking_price_after\">\/ Day<\/span>\n                        <\/p>\n\n                        <a href=\"https:\/\/hotelatom.cz\/de\/typy-pokoju\/doppelzimmer-comfort\/\" title=\"DOPPELZIMMER COMFORT\" target=\"_parent\" class=\"btn btn-link \">Mehr Infos...<\/a>\n                <\/div>\n\n        <\/div>\n        <div class=\"rooms_grid_item grid_item rooms_list_item   optional-de  \" >\n                <div class=\"rooms_grid_item_photo\">\n                        <a href=\"https:\/\/hotelatom.cz\/de\/typy-pokoju\/dreibettzimmer-comfort\/\" title=\"DREIBETTZIMMER COMFORT\" target=\"_parent\" class=\"\">\n                        <div style=\"background-image: url('https:\/\/hotelatom.cz\/wp-content\/uploads\/2017\/09\/triluzkovy-pokoj-nahled-mensi.jpg')\" class=\"stretchy_wrapper ratio_1-1 \"  title=\"DREIBETTZIMMER COMFORT\">\n                        \n                        <\/div>\n                        <\/a>\n                <\/div>\n\n                <div class=\"rooms_grid_item_content \">\n                        <h3 class=\"textify_links\"><a href=\"https:\/\/hotelatom.cz\/de\/typy-pokoju\/dreibettzimmer-comfort\/\" title=\"DREIBETTZIMMER COMFORT\" target=\"_parent\" class=\"\">DREIBETTZIMMER COMFORT<\/a><\/h3>\n                        \n                        <div class=\"room_listed_amenities\">\n                        <\/div>\n                        \n                        <p class=\"booking_price\">\n                                <span class=\"booking_price_before\">Starting Price From<\/span>\n                                <span class=\"booking_price\">2730 K\u010d<\/span>\n                                <span class=\"booking_price_after\">\/ Day<\/span>\n                        <\/p>\n\n                        <a href=\"https:\/\/hotelatom.cz\/de\/typy-pokoju\/dreibettzimmer-comfort\/\" title=\"DREIBETTZIMMER COMFORT\" target=\"_parent\" class=\"btn btn-link \">Mehr Infos...<\/a>\n                <\/div>\n\n        <\/div>\n        <div class=\"rooms_grid_item grid_item rooms_list_item   optional-de  \" >\n                <div class=\"rooms_grid_item_photo\">\n                        <a href=\"https:\/\/hotelatom.cz\/de\/typy-pokoju\/vierbettzimmer-basic\/\" title=\"VIERBETTZIMMER BASIC\" target=\"_parent\" class=\"\">\n                        <div style=\"background-image: url('https:\/\/hotelatom.cz\/wp-content\/uploads\/2017\/09\/hotelatom-basic-new800x600.jpg')\" class=\"stretchy_wrapper ratio_1-1 \"  title=\"VIERBETTZIMMER BASIC\">\n                        \n                        <\/div>\n                        <\/a>\n                <\/div>\n\n                <div class=\"rooms_grid_item_content \">\n                        <h3 class=\"textify_links\"><a href=\"https:\/\/hotelatom.cz\/de\/typy-pokoju\/vierbettzimmer-basic\/\" title=\"VIERBETTZIMMER BASIC\" target=\"_parent\" class=\"\">VIERBETTZIMMER BASIC<\/a><\/h3>\n                        \n                        <div class=\"room_listed_amenities\">\n                        <\/div>\n                        \n                        <p class=\"booking_price\">\n                                <span class=\"booking_price_before\">Starting Price From<\/span>\n                                <span class=\"booking_price\">2660 K\u010d<\/span>\n                                <span class=\"booking_price_after\">\/ Day<\/span>\n                        <\/p>\n\n                        <a href=\"https:\/\/hotelatom.cz\/de\/typy-pokoju\/vierbettzimmer-basic\/\" title=\"VIERBETTZIMMER BASIC\" target=\"_parent\" class=\"btn btn-link \">Mehr Infos...<\/a>\n                <\/div>\n\n        <\/div>\n<\/div><\/div>[\/vc_column][\/vc_row]<\/p>\n<\/div>","protected":false},"excerpt":{"rendered":"<p>[vc_row full_width=&#8221;stretch_row&#8221; full_height=&#8221;yes&#8221; content_placement=&#8221;middle&#8221; el_class=&#8221;jenmobily&#8221; css=&#8221;.vc_custom_1542091039070{background-image: url(https:\/\/hotelatom.cz\/wp-content\/uploads\/2018\/11\/hotel-atom-vysokefoto-mobile.jpg?id=3219) !important;background-position: 0 0 !important;background-repeat: no-repeat !important;}&#8221;][vc_column width=&#8221;1\/4&#8243;][\/vc_column][vc_column width=&#8221;1\/2&#8243;][vc_column_text css=&#8221;.vc_custom_1542102803366{margin-bottom: 0px !important;padding-bottom: 0px !important;}&#8221;] WILLKOMMEN [\/vc_column_text][vc_column_text css=&#8221;.vc_custom_1542102849488{margin-top: -25px !important;padding-top: 0px !important;}&#8221;] IM HOTEL ATOM T\u0158EB\u00cd\u010c [\/vc_column_text][vc_icon type=&#8221;typicons&#8221; icon_typicons=&#8221;typcn typcn-arrow-down-outline&#8221; color=&#8221;custom&#8221; background_style=&#8221;rounded&#8221; background_color=&#8221;custom&#8221; align=&#8221;center&#8221; css_animation=&#8221;slideInUp&#8221; custom_color=&#8221;#ffffff&#8221; custom_background_color=&#8221;#d20a11&#8243; link=&#8221;url:%23unten|||&#8221;][\/vc_column][vc_column width=&#8221;1\/4&#8243;][\/vc_column][\/vc_row][vc_row full_width=&#8221;stretch_row&#8221; color_set=&#8221;white_section&#8221; row_padding_top=&#8221;padding_top_none&#8221; row_padding_bottom=&#8221;padding_bottom_none&#8221; css=&#8221;.vc_custom_1542102869770{background-color: #f2f2f2 !important;}&#8221; el_id=&#8221;unten&#8221;][vc_column width=&#8221;2\/3&#8243; transparent=&#8221;transparent&#8221; align=&#8221;text-center&#8221; [&hellip;]<\/p>\n","protected":false},"author":3,"featured_media":0,"parent":0,"menu_order":0,"comment_status":"closed","ping_status":"closed","template":"","meta":{"_exactmetrics_skip_tracking":false,"_exactmetrics_sitenote_active":false,"_exactmetrics_sitenote_note":"","_exactmetrics_sitenote_category":0,"footnotes":""},"aioseo_notices":[],"_links":{"self":[{"href":"https:\/\/hotelatom.cz\/de\/wp-json\/wp\/v2\/pages\/2667"}],"collection":[{"href":"https:\/\/hotelatom.cz\/de\/wp-json\/wp\/v2\/pages"}],"about":[{"href":"https:\/\/hotelatom.cz\/de\/wp-json\/wp\/v2\/types\/page"}],"author":[{"embeddable":true,"href":"https:\/\/hotelatom.cz\/de\/wp-json\/wp\/v2\/users\/3"}],"replies":[{"embeddable":true,"href":"https:\/\/hotelatom.cz\/de\/wp-json\/wp\/v2\/comments?post=2667"}],"version-history":[{"count":4,"href":"https:\/\/hotelatom.cz\/de\/wp-json\/wp\/v2\/pages\/2667\/revisions"}],"predecessor-version":[{"id":3236,"href":"https:\/\/hotelatom.cz\/de\/wp-json\/wp\/v2\/pages\/2667\/revisions\/3236"}],"wp:attachment":[{"href":"https:\/\/hotelatom.cz\/de\/wp-json\/wp\/v2\/media?parent=2667"}],"curies":[{"name":"wp","href":"https:\/\/api.w.org\/{rel}","templated":true}]}}