{"id":2607,"date":"2017-12-20T03:32:12","date_gmt":"2017-12-20T02:32:12","guid":{"rendered":"https:\/\/hotelatom.cz\/de\/?page_id=2607"},"modified":"2026-01-01T11:59:18","modified_gmt":"2026-01-01T10:59:18","slug":"preisuebersicht-unterkunft","status":"publish","type":"page","link":"https:\/\/hotelatom.cz\/de\/preisuebersicht-unterkunft\/","title":{"rendered":"PREIS\u00dcBERSICHT UNTERKUNFT"},"content":{"rendered":"<div class=\"wpb-content-wrapper\"><p>[vc_row row_padding_top=&#8221;padding_top_1-2&#8243; row_padding_bottom=&#8221;padding_bottom_1-2&#8243;][vc_column][vc_column_text]<\/p>\n<h2>Die Preisliste f\u00fcr Unterk\u00fcnfte g\u00fcltig ab dem 1.1.2026<\/h2>\n<p>[\/vc_column_text][vc_column_text]\n<table id=\"tablepress-27\" class=\"tablepress tablepress-id-27\">\n<thead>\n<tr class=\"row-1 odd\">\n\t<th class=\"column-1\">Zimmertyp<\/th><th class=\"column-2\">Preis f\u00fcr Zimmer \/ Nacht<\/th>\n<\/tr>\n<\/thead>\n<tbody>\n<tr class=\"row-2 even\">\n\t<td class=\"column-1\">Einzelzimmer COMFORT<\/td><td class=\"column-2\">1300 CZK<\/td>\n<\/tr>\n<tr class=\"row-3 odd\">\n\t<td class=\"column-1\">1 Person im Doppelzimmer COMFORT<\/td><td class=\"column-2\">1940 CZK<\/td>\n<\/tr>\n<tr class=\"row-4 even\">\n\t<td class=\"column-1\">Doppelzimmer COMFORT\t<\/td><td class=\"column-2\">2150 CZK<\/td>\n<\/tr>\n<tr class=\"row-5 odd\">\n\t<td class=\"column-1\">Dreibettzimmer COMFORT<\/td><td class=\"column-2\">2870 CZK<\/td>\n<\/tr>\n<tr class=\"row-6 even\">\n\t<td class=\"column-1\">Vierbettzimmer BASIC\t<\/td><td class=\"column-2\">2790 CZK<\/td>\n<\/tr>\n<tr class=\"row-7 odd\">\n\t<td class=\"column-1\">Appartement COMFORT<\/td><td class=\"column-2\">3740 CZK<\/td>\n<\/tr>\n<\/tbody>\n<tfoot>\n<tr class=\"row-8 even\">\n\t<th colspan=\"2\" class=\"column-1\">Im Preis ist die Gemeindegeb\u00fchr von 25 CZK\/Person\/Nacht nicht einbegriffen.<br \/>\n(Die Geb\u00fchr gilt nicht f\u00fcr Personen unter 18 Jahren.)<br \/>\nDer Preis der Unterkunft kann je nach Datum variieren.<\/th>\n<\/tr>\n<\/tfoot>\n<\/table>\n[\/vc_column_text][vc_column_text]<\/p>\n<p>[vc_column_text]Preise sind ohne Fr\u00fchst\u00fcck.[\/vc_column_text]<\/p>\n<p>[vc_column_text]\n<table id=\"tablepress-20\" class=\"tablepress tablepress-id-20\">\n<thead>\n<tr class=\"row-1 odd\">\n\t<th class=\"column-1\">Andere Dienste<\/th><th class=\"column-2\">Preis \/ Nacht<\/th>\n<\/tr>\n<\/thead>\n<tbody>\n<tr class=\"row-2 even\">\n\t<td class=\"column-1\">Fr\u00fchstick<\/td><td class=\"column-2\">220 CZK<\/td>\n<\/tr>\n<tr class=\"row-3 odd\">\n\t<td class=\"column-1\">Kinderfr\u00fchst\u00fcck (Alter 2 - 5,99 Jahre)<\/td><td class=\"column-2\">120 CZK<\/td>\n<\/tr>\n<tr class=\"row-4 even\">\n\t<td class=\"column-1\">Hundegeb\u00fchr (nur kleine und mittlere Rassen, max. 15 kg)<\/td><td class=\"column-2\">250 CZK<\/td>\n<\/tr>\n<tr class=\"row-5 odd\">\n\t<td class=\"column-1\">Kinderbett (inkl. Kopfkissen und Kinderdecke)<\/td><td class=\"column-2\">250 CZK<\/td>\n<\/tr>\n<tr class=\"row-6 even\">\n\t<td class=\"column-1\">Parken in der Hotelgarage (Pkw)*<\/td><td class=\"column-2\">150 CZK<\/td>\n<\/tr>\n<tr class=\"row-7 odd\">\n\t<td class=\"column-1\">Parken in der Hotelgarage (Motorrad)*<\/td><td class=\"column-2\">80 CZK<\/td>\n<\/tr>\n<\/tbody>\n<\/table>\n[\/vc_column_text][vc_column_text]<\/p>\n<p>[vc_column_text]<\/p>\n<h4>*Parken in der Hotelgarage<\/h4>\n<p>Aus Sicherheitsgr\u00fcnden ist die Einfahrt in die Hotelgarage f\u00fcr Elektroautos sowie LPG- und CNG-Autos verboten. [\/vc_column_text]<\/p>\n<h4>[vc_column_text] UNTERKUNFT MIT KINDERN<\/h4>\n<p>Kinder unter 5,99 Jahren \u00fcbernachten kostenlos ohne eigenes Bett. Kinder ab 6 Jahren \u00fcbernachten immer mit eigenem Bett zum vollen Preis. Zustellbetten sind in unserem Hotel nicht verf\u00fcgbar. [\/vc_column_text]<\/p>\n<h4>STORNIERUNGSBEDINGUNGEN<\/h4>\n<p>[vc_column_text]\n<table id=\"tablepress-9\" class=\"tablepress tablepress-id-9\">\n<thead>\n<tr class=\"row-1 odd\">\n\t<th class=\"column-1\">Zeitpunkt der Zustellung der Stornierung an den Beherbergungsbetrieb (in Kalendertagen)<\/th><th class=\"column-2\">Stornogeb\u00fchrensatz (in %)<\/th>\n<\/tr>\n<\/thead>\n<tbody>\n<tr class=\"row-2 even\">\n\t<td class=\"column-1\">Innerhalb von 21 Tagen und weniger als 21 Tagen vor dem ersten Tag der Unterkunft<\/td><td class=\"column-2\">20% des Gesamtpreises der gebuchten \u00dcbernachtung<\/td>\n<\/tr>\n<tr class=\"row-3 odd\">\n\t<td class=\"column-1\">Innerhalb von 14 Tagen und weniger als 14 Tage vor dem ersten Tag der Unterkunft<\/td><td class=\"column-2\">30% des Gesamtpreises der gebuchten \u00dcbernachtung<\/td>\n<\/tr>\n<tr class=\"row-4 even\">\n\t<td class=\"column-1\">Innerhalb von 7 Tagen und weniger als 7 Tage vor dem ersten Tag der Unterkunft<\/td><td class=\"column-2\">50% des Gesamtpreises der gebuchten \u00dcbernachtung<\/td>\n<\/tr>\n<tr class=\"row-5 odd\">\n\t<td class=\"column-1\">Innerhalb von 2 Tagen und weniger als 2 Tage vor dem ersten Tag der Unterkunft<\/td><td class=\"column-2\">100% des Gesamtpreises der gebuchten Unterkunft<\/td>\n<\/tr>\n<\/tbody>\n<\/table>\n[\/vc_column_text][\/vc_column][\/vc_row]<\/p>\n<\/div>","protected":false},"excerpt":{"rendered":"<p>[vc_row row_padding_top=&#8221;padding_top_1-2&#8243; row_padding_bottom=&#8221;padding_bottom_1-2&#8243;][vc_column][vc_column_text] Die Preisliste f\u00fcr Unterk\u00fcnfte g\u00fcltig ab dem 1.1.2026 [\/vc_column_text][vc_column_text][\/vc_column_text][vc_column_text] [vc_column_text]Preise sind ohne Fr\u00fchst\u00fcck.[\/vc_column_text] [vc_column_text][\/vc_column_text][vc_column_text] [vc_column_text] *Parken in der Hotelgarage Aus Sicherheitsgr\u00fcnden ist die Einfahrt in die Hotelgarage f\u00fcr Elektroautos sowie LPG- und CNG-Autos verboten. [\/vc_column_text] [vc_column_text] UNTERKUNFT MIT KINDERN Kinder unter 5,99 Jahren \u00fcbernachten kostenlos ohne eigenes Bett. Kinder ab 6 Jahren [&hellip;]<\/p>\n","protected":false},"author":3,"featured_media":1460,"parent":0,"menu_order":1,"comment_status":"closed","ping_status":"closed","template":"","meta":{"_exactmetrics_skip_tracking":false,"_exactmetrics_sitenote_active":false,"_exactmetrics_sitenote_note":"","_exactmetrics_sitenote_category":0,"footnotes":""},"aioseo_notices":[],"_links":{"self":[{"href":"https:\/\/hotelatom.cz\/de\/wp-json\/wp\/v2\/pages\/2607"}],"collection":[{"href":"https:\/\/hotelatom.cz\/de\/wp-json\/wp\/v2\/pages"}],"about":[{"href":"https:\/\/hotelatom.cz\/de\/wp-json\/wp\/v2\/types\/page"}],"author":[{"embeddable":true,"href":"https:\/\/hotelatom.cz\/de\/wp-json\/wp\/v2\/users\/3"}],"replies":[{"embeddable":true,"href":"https:\/\/hotelatom.cz\/de\/wp-json\/wp\/v2\/comments?post=2607"}],"version-history":[{"count":17,"href":"https:\/\/hotelatom.cz\/de\/wp-json\/wp\/v2\/pages\/2607\/revisions"}],"predecessor-version":[{"id":5340,"href":"https:\/\/hotelatom.cz\/de\/wp-json\/wp\/v2\/pages\/2607\/revisions\/5340"}],"wp:featuredmedia":[{"embeddable":true,"href":"https:\/\/hotelatom.cz\/de\/wp-json\/wp\/v2\/media\/1460"}],"wp:attachment":[{"href":"https:\/\/hotelatom.cz\/de\/wp-json\/wp\/v2\/media?parent=2607"}],"curies":[{"name":"wp","href":"https:\/\/api.w.org\/{rel}","templated":true}]}}