{"id":2596,"date":"2017-12-20T03:08:56","date_gmt":"2017-12-20T02:08:56","guid":{"rendered":"https:\/\/hotelatom.cz\/de\/?page_id=2596"},"modified":"2025-06-04T05:14:43","modified_gmt":"2025-06-04T04:14:43","slug":"ueber-trebic-2","status":"publish","type":"page","link":"https:\/\/hotelatom.cz\/de\/ueber-trebic-2\/","title":{"rendered":"\u00dcBER T\u0158EB\u00cd\u010c"},"content":{"rendered":"<div class=\"wpb-content-wrapper\"><p>[vc_row row_padding_top=&#8221;padding_top_1-2&#8243; row_padding_bottom=&#8221;padding_bottom_1-2&#8243;][vc_column][vc_column_text]<\/p>\n<h4 class=\"odelovac\">GESCHICHTE<\/h4>\n<p>Die Stadt T\u0159eb\u00ed\u010d liegt in M\u00e4hren, in dem s\u00fcdwestlichen Teil des Landkreises Vyso\u010dina. T\u0159eb\u00ed\u010d liegt an beiden Ufer des Flusses Jihlava. Die Anf\u00e4nge der Stadt reichen bis ins Jahr 1101, als die m\u00e4hrischen F\u00fcrsten Ulrich von Br\u00fcnn (Old\u0159ich Brn\u011bnsk\u00fd) und Litold von Znaim (Litold Znojemsk\u00fd) an diesem Ort ein Benediktiner-Kloster gr\u00fcndeten. Dank der reichen Geschichte ist T\u0159eb\u00ed\u010d heutzutage ein attraktives touristisches Ziel. Im Jahre 2003 wurden die romanische St. Prokop-Basilika sowie das J\u00fcdische Viertel einschlie\u00dflich des J\u00fcdischen Friedhofs als UNESCO-Weltkulturerbe eingetragen. Dadurch sind sie das 12. UNESCO-Weltkulturerbe der Tschechischen Republik geworden. Bei einem Spaziergang durch die verwinkelten Gassen des ehemaligen Ghettos, vergessen Sie nicht die Hintere Synagoge, wo unter anderem ein Modell des J\u00fcdischen Ghettos im Jahr 1850 zu sehen ist. Das J\u00fcdische Museum in einem anliegenden Haus von Seligmann Bauer ist ebenfalls sehenswert. Auf dem T\u0159eb\u00ed\u010d Schloss steht das <a href=\"https:\/\/www.muzeumtr.cz\/de\/\">Vyso\u010dina Museum<\/a>. Im Jahre 2013 wurden hier vier neue Ausstellungen er\u00f6ffnet: \u201eDie Welt der unbelebten Natur\u201c, \u201eDie Welt der Portale und Toren\u201c, \u201eDie Waldsteiner und T\u0159eb\u00ed\u010d\u201c und \u201eMenschen. Orte. Geschichte\u201c. In einem Schlossfl\u00fcgel gibt es auch eine interaktive Ausstellung \u201eReise durch die Zeit\u201c, die vor allem f\u00fcr Kinder gedacht ist.[\/vc_column_text][vc_empty_space height=&#8221;20px&#8221;][vc_column_text]<\/p>\n<h4 class=\"odelovac\">SPORT<\/h4>\n<p>F\u00fcr einen aktiven Urlaub empfehlen wir den Besuch des neuen Erlebnisbad <a href=\"http:\/\/www.lagunatrebic.cz\/\">Laguna<\/a>, mit einem Schwimmbad und Wellnessbereich. Im Sommer ist auch das Freibad <a href=\"http:\/\/www.bazenpolanka.cz\/\">Polanka<\/a> ge\u00f6ffnet. Der Urheber des urspr\u00fcnglichen Projekts vom Kurort am Fluss war Architekt Bohuslav Fuchs. Die Stadt T\u0159eb\u00ed\u010d bietet auch ein Kletterzentrum, Beachvolleyball und Tennis-, Squash-, Badminton- oder Bowlinganlagen. Direkt im Hotel ATOM befindet sich ein modernes Fitnesscenter, <a href=\"http:\/\/www.alpinning-trebic.cz\/\" target=\"_blank\" rel=\"noopener noreferrer\">Alpinning<\/a>, Jumping und Fit Box.[\/vc_column_text][vc_empty_space height=&#8221;20px&#8221;][vc_column_text]<\/p>\n<h4 class=\"odelovac\">KULTUR<\/h4>\n<p>Das ganze Jahr \u00fcber lebt T\u0159eb\u00ed\u010d ein kulturell reiches Leben. Anfang Juni geh\u00f6rt dem Festival \u201eZ\u00e1most\u00ed\u201c und in den Sommerferien findet jedes Jahr das Festival der j\u00fcdischen Kultur \u201eMalechajim\u201c statt. Eine aktuelle \u00dcbersicht von Konzerten, Ausstellungen, Theaterauff\u00fchrungen, Unterhaltungsprogramm und Kinoprogramm ist auf der Seite der St\u00e4dtischen Kulturzentrums <a href=\"http:\/\/www.mkstrebic.cz\/\" target=\"_blank\" rel=\"noopener noreferrer\">www.mkstrebic.cz<\/a> verf\u00fcgbar. F\u00fcr mehrere Informationen \u00fcber T\u0159eb\u00ed\u010d besuchen.<\/p>\n<p>Sie bitte das offizielle touristische Portal der Stadt <a href=\"http:\/\/www.visittrebic.eu\/\" target=\"_blank\" rel=\"noopener noreferrer\">www.visittrebic.eu<\/a>.[\/vc_column_text][vc_empty_space height=&#8221;20px&#8221;][vc_column_text]<br \/>\n[\/vc_column_text][\/vc_column][\/vc_row]<\/p>\n<\/div>","protected":false},"excerpt":{"rendered":"<p>[vc_row row_padding_top=&#8221;padding_top_1-2&#8243; row_padding_bottom=&#8221;padding_bottom_1-2&#8243;][vc_column][vc_column_text] GESCHICHTE Die Stadt T\u0159eb\u00ed\u010d liegt in M\u00e4hren, in dem s\u00fcdwestlichen Teil des Landkreises Vyso\u010dina. T\u0159eb\u00ed\u010d liegt an beiden Ufer des Flusses Jihlava. Die Anf\u00e4nge der Stadt reichen bis ins Jahr 1101, als die m\u00e4hrischen F\u00fcrsten Ulrich von Br\u00fcnn (Old\u0159ich Brn\u011bnsk\u00fd) und Litold von Znaim (Litold Znojemsk\u00fd) an diesem Ort ein Benediktiner-Kloster gr\u00fcndeten. [&hellip;]<\/p>\n","protected":false},"author":3,"featured_media":0,"parent":0,"menu_order":6,"comment_status":"closed","ping_status":"closed","template":"","meta":{"_exactmetrics_skip_tracking":false,"_exactmetrics_sitenote_active":false,"_exactmetrics_sitenote_note":"","_exactmetrics_sitenote_category":0,"footnotes":""},"aioseo_notices":[],"_links":{"self":[{"href":"https:\/\/hotelatom.cz\/de\/wp-json\/wp\/v2\/pages\/2596"}],"collection":[{"href":"https:\/\/hotelatom.cz\/de\/wp-json\/wp\/v2\/pages"}],"about":[{"href":"https:\/\/hotelatom.cz\/de\/wp-json\/wp\/v2\/types\/page"}],"author":[{"embeddable":true,"href":"https:\/\/hotelatom.cz\/de\/wp-json\/wp\/v2\/users\/3"}],"replies":[{"embeddable":true,"href":"https:\/\/hotelatom.cz\/de\/wp-json\/wp\/v2\/comments?post=2596"}],"version-history":[{"count":3,"href":"https:\/\/hotelatom.cz\/de\/wp-json\/wp\/v2\/pages\/2596\/revisions"}],"predecessor-version":[{"id":5198,"href":"https:\/\/hotelatom.cz\/de\/wp-json\/wp\/v2\/pages\/2596\/revisions\/5198"}],"wp:attachment":[{"href":"https:\/\/hotelatom.cz\/de\/wp-json\/wp\/v2\/media?parent=2596"}],"curies":[{"name":"wp","href":"https:\/\/api.w.org\/{rel}","templated":true}]}}