{"id":2592,"date":"2017-12-20T02:44:00","date_gmt":"2017-12-20T01:44:00","guid":{"rendered":"https:\/\/hotelatom.cz\/de\/?page_id=2592"},"modified":"2026-01-01T19:44:42","modified_gmt":"2026-01-01T18:44:42","slug":"kontakt_de","status":"publish","type":"page","link":"https:\/\/hotelatom.cz\/de\/kontakt_de\/","title":{"rendered":"Kontakt_DE"},"content":{"rendered":"<div class=\"wpb-content-wrapper\"><p>[vc_row full_width=&#8221;stretch_row&#8221; full_height=&#8221;yes&#8221; content_placement=&#8221;middle&#8221; el_class=&#8221;jenmobily&#8221; css=&#8221;.vc_custom_1542091039070{background-image: url(https:\/\/hotelatom.cz\/wp-content\/uploads\/2018\/11\/hotel-atom-vysokefoto-mobile.jpg?id=3219) !important;background-position: 0 0 !important;background-repeat: no-repeat !important;}&#8221;][vc_column width=&#8221;1\/4&#8243;][\/vc_column][vc_column width=&#8221;1\/2&#8243;][vc_column_text css=&#8221;.vc_custom_1542103004996{margin-bottom: 0px !important;padding-bottom: 0px !important;}&#8221;]<\/p>\n<h1 class=\"cervenyfont\" style=\"text-align: center;\">Velkomezi\u0159\u00ed\u010dsk\u00e1 640\/45<\/h1>\n<p>[\/vc_column_text][vc_column_text css=&#8221;.vc_custom_1542103019562{margin-top: -25px !important;padding-top: 0px !important;}&#8221;]<\/p>\n<h2 style=\"text-align: center;\">T\u0158EB\u00cd\u010c<\/h2>\n<p>[\/vc_column_text][\/vc_column][vc_column width=&#8221;1\/4&#8243;][\/vc_column][\/vc_row][vc_row row_padding_top=&#8221;padding_top_1-3&#8243; row_padding_bottom=&#8221;padding_bottom_1-3&#8243;][vc_column]<div class=\"heading_group_sc wpb_content_element subtitle_bottom odelovac   text-left\">\n\n\n    <h2>REZEPTION<\/h2>\n\n\n        <span class=\"subtitle\">Z\u00d6GERN SIE NICHT, SICH AN UNS ZU WENDEN<\/span>\n\n<\/div>[vc_row_inner][vc_column_inner width=&#8221;1\/2&#8243;]<!-- ========================== TEASER BOX ==========================-->\n\n<div class=\"teaser_box wpb_content_element  vertical text-center      with_image \">\n\n  <div class=\"figure with_image  \">\n\n\n\n        \n        \n        \n         <img decoding=\"async\" src=\"https:\/\/hotelatom.cz\/wp-content\/uploads\/2014\/04\/email-v2.png\" alt=\"recepce@hotelatom.cz\">   \n\n        \n\n\n  <\/div>\n\n\n  <div class=\"content \">\n    \n    <div class=\"hgroup textify_links\"><h4>recepce@hotelatom.cz<\/h4><\/div>\n\n    \n\n  <\/div>\n\n<\/div>\n\n<!-- END======================= TEASER BOX ==========================--><!-- ========================== TEASER BOX ==========================-->\n\n<div class=\"teaser_box wpb_content_element  vertical text-center      with_image \">\n\n  <div class=\"figure with_image  \">\n\n\n\n        \n        \n        \n         <img decoding=\"async\" src=\"https:\/\/hotelatom.cz\/wp-content\/uploads\/2014\/04\/mobil.png\" alt=\"+420 739 348 914\">   \n\n        \n\n\n  <\/div>\n\n\n  <div class=\"content \">\n    \n    <div class=\"hgroup textify_links\"><h4>+420 739 348 914<\/h4><\/div>\n\n    \n\n  <\/div>\n\n<\/div>\n\n<!-- END======================= TEASER BOX ==========================-->[\/vc_column_inner][vc_column_inner width=&#8221;1\/2&#8243;]<!-- ========================== TEASER BOX ==========================-->\n\n<div class=\"teaser_box wpb_content_element  vertical text-center      with_image \">\n\n  <div class=\"figure with_image  \">\n\n\n\n        \n        \n        \n         <img decoding=\"async\" src=\"https:\/\/hotelatom.cz\/wp-content\/uploads\/2017\/08\/telefon-1.png\" alt=\"+420 561 200 123\">   \n\n        \n\n\n  <\/div>\n\n\n  <div class=\"content \">\n    \n    <div class=\"hgroup textify_links\"><h4>+420 561 200 123<\/h4><\/div>\n\n    \n\n  <\/div>\n\n<\/div>\n\n<!-- END======================= TEASER BOX ==========================--><!-- ========================== TEASER BOX ==========================-->\n\n<div class=\"teaser_box wpb_content_element  vertical text-center      with_image \">\n\n  <div class=\"figure with_image  \">\n\n\n\n        \n        \n        \n         <img decoding=\"async\" src=\"https:\/\/hotelatom.cz\/wp-content\/uploads\/2014\/04\/recepcni.png\" alt=\"\">   \n\n        \n\n\n  <\/div>\n\n\n  <div class=\"content \">\n    \n    <div class=\"hgroup textify_links\"><\/div>\n\n    \n\n  <\/div>\n\n<\/div>\n\n<!-- END======================= TEASER BOX ==========================-->[\/vc_column_inner][\/vc_row_inner][vc_empty_space height=&#8221;25px&#8221;][\/vc_column][\/vc_row][vc_row full_width=&#8221;stretch_row&#8221; equal_height=&#8221;yes&#8221; content_placement=&#8221;middle&#8221; transparent_overlay=&#8221;transparent_film&#8221; row_padding_top=&#8221;padding_top_1-2&#8243; row_padding_bottom=&#8221;padding_bottom_1-2&#8243; css=&#8221;.vc_custom_1504855468422{background-image: url(https:\/\/hotelatom.cz\/wp-content\/uploads\/2014\/04\/recepce-pozadi-overlay-white.jpg?id=1626) !important;background-position: 0 0 !important;background-repeat: no-repeat !important;}&#8221; el_class=&#8221;fixpozadi&#8221;][vc_column width=&#8221;1\/4&#8243;][\/vc_column][vc_column width=&#8221;1\/2&#8243;]<div class=\"heading_group_sc wpb_content_element subtitle_bottom odelovac   text-center\">\n\n\n    <h3>SCHNELLER KONTAKT<\/h3>\n\n\n        <span class=\"subtitle\">ODER SCHREIBEN SIE UNS GERADE HIER<\/span>\n\n<\/div>\n<div class=\"wpcf7 no-js\" id=\"wpcf7-f2763-o1\" lang=\"en-US\" dir=\"ltr\">\n<div class=\"screen-reader-response\"><p role=\"status\" aria-live=\"polite\" aria-atomic=\"true\"><\/p> <ul><\/ul><\/div>\n<form action=\"\/de\/wp-json\/wp\/v2\/pages\/2592#wpcf7-f2763-o1\" method=\"post\" class=\"wpcf7-form init\" aria-label=\"Contact form\" novalidate=\"novalidate\" data-status=\"init\">\n<div style=\"display: none;\">\n<input type=\"hidden\" name=\"_wpcf7\" value=\"2763\" \/>\n<input type=\"hidden\" name=\"_wpcf7_version\" value=\"5.9.3\" \/>\n<input type=\"hidden\" name=\"_wpcf7_locale\" value=\"en_US\" \/>\n<input type=\"hidden\" name=\"_wpcf7_unit_tag\" value=\"wpcf7-f2763-o1\" \/>\n<input type=\"hidden\" name=\"_wpcf7_container_post\" value=\"0\" \/>\n<input type=\"hidden\" name=\"_wpcf7_posted_data_hash\" value=\"\" \/>\n<input type=\"hidden\" name=\"_wpcf7_recaptcha_response\" value=\"\" \/>\n<\/div>\n<p><span class=\"wpcf7-form-control-wrap\" data-name=\"jmeno\"><input size=\"40\" class=\"wpcf7-form-control wpcf7-text wpcf7-validates-as-required\" aria-required=\"true\" aria-invalid=\"false\" placeholder=\"Vor- und Nachname\" value=\"\" type=\"text\" name=\"jmeno\" \/><\/span><br \/>\n<span class=\"wpcf7-form-control-wrap\" data-name=\"emailadresa\"><input size=\"40\" class=\"wpcf7-form-control wpcf7-email wpcf7-validates-as-required wpcf7-text wpcf7-validates-as-email\" aria-required=\"true\" aria-invalid=\"false\" placeholder=\"Ihre E-mail-Adresse\" value=\"\" type=\"email\" name=\"emailadresa\" \/><\/span><br \/>\n<span class=\"wpcf7-form-control-wrap\" data-name=\"telefon\"><input size=\"40\" class=\"wpcf7-form-control wpcf7-tel wpcf7-text wpcf7-validates-as-tel\" aria-invalid=\"false\" placeholder=\"Ihre Telefonnummer\" value=\"\" type=\"tel\" name=\"telefon\" \/><\/span><br \/>\n<span class=\"wpcf7-form-control-wrap\" data-name=\"zprava\"><textarea cols=\"40\" rows=\"10\" class=\"wpcf7-form-control wpcf7-textarea\" aria-invalid=\"false\" placeholder=\"Ihre Nachricht oder Frage\" name=\"zprava\"><\/textarea><\/span><br \/>\n\n<\/p>\n<p style=\"margin-top: 20px; text-align: center;\"><button class=\"btn btn-primary btn-inv item_centered obecnykontakt\" type=\"submit\">ABSENDEN<\/button>\n<\/p><div class=\"wpcf7-response-output\" aria-hidden=\"true\"><\/div>\n<\/form>\n<\/div>\n[\/vc_column][vc_column width=&#8221;1\/4&#8243;][\/vc_column][\/vc_row][vc_row equal_height=&#8221;yes&#8221; content_placement=&#8221;middle&#8221; row_padding_top=&#8221;padding_top_1-3&#8243; row_padding_bottom=&#8221;padding_bottom_none&#8221;][vc_column width=&#8221;1\/2&#8243;]<div class=\"heading_group_sc wpb_content_element subtitle_bottom odelovac   text-left\">\n\n\n    <h4>So\u0148a Findov\u00e1<\/h4>\n\n\n        <span class=\"subtitle\">Empfangsleiter<\/span>\n\n<\/div>[vc_empty_space height=&#8221;10px&#8221;]<!-- ========================== TEASER BOX ==========================-->\n\n<div class=\"teaser_box wpb_content_element  horizontal text-left      with_image \">\n\n  <div class=\"figure with_image  \">\n\n\n\n        \n        \n        \n         <img decoding=\"async\" src=\"https:\/\/hotelatom.cz\/wp-content\/uploads\/2014\/04\/email-v2.png\" alt=\"sona.findova@hotelatom.cz\">   \n\n        \n\n\n  <\/div>\n\n\n  <div class=\"content \">\n    \n    <div class=\"hgroup textify_links\"><h4>sona.findova@hotelatom.cz<\/h4><\/div>\n\n     <div class=\"desc\"><p>E-Mail-Adresse<\/p><\/div> \n\n  <\/div>\n\n<\/div>\n\n<!-- END======================= TEASER BOX ==========================-->[\/vc_column][\/vc_row][vc_row equal_height=&#8221;yes&#8221; content_placement=&#8221;middle&#8221; row_padding_top=&#8221;padding_top_1-3&#8243; row_padding_bottom=&#8221;padding_bottom_none&#8221;][vc_column width=&#8221;1\/2&#8243;]<div class=\"heading_group_sc wpb_content_element subtitle_bottom odelovac   text-left\">\n\n\n    <h4>Tom\u00e1\u0161 Moravec<\/h4>\n\n\n        <span class=\"subtitle\">Betriebsleiter<\/span>\n\n<\/div>[vc_empty_space height=&#8221;10px&#8221;]<!-- ========================== TEASER BOX ==========================-->\n\n<div class=\"teaser_box wpb_content_element  horizontal text-left      with_image \">\n\n  <div class=\"figure with_image  \">\n\n\n\n        \n        \n        \n         <img decoding=\"async\" src=\"https:\/\/hotelatom.cz\/wp-content\/uploads\/2014\/04\/email-v2.png\" alt=\"tomas.moravec@hotelatom.cz\">   \n\n        \n\n\n  <\/div>\n\n\n  <div class=\"content \">\n    \n    <div class=\"hgroup textify_links\"><h4>tomas.moravec@hotelatom.cz<\/h4><\/div>\n\n     <div class=\"desc\"><p>E-Mail-Adresse<\/p><\/div> \n\n  <\/div>\n\n<\/div>\n\n<!-- END======================= TEASER BOX ==========================-->[\/vc_column][\/vc_row][vc_row equal_height=&#8221;yes&#8221; content_placement=&#8221;middle&#8221; row_padding_top=&#8221;padding_top_1-3&#8243; row_padding_bottom=&#8221;padding_bottom_none&#8221;][vc_column width=&#8221;1\/2&#8243;]<div class=\"heading_group_sc wpb_content_element subtitle_bottom odelovac   text-left\">\n\n\n    <h4>Maura Manzini<\/h4>\n\n\n        <span class=\"subtitle\">Hoteldirektorin<\/span>\n\n<\/div>[vc_empty_space height=&#8221;10px&#8221;]<!-- ========================== TEASER BOX ==========================-->\n\n<div class=\"teaser_box wpb_content_element  horizontal text-left      with_image \">\n\n  <div class=\"figure with_image  \">\n\n\n\n        \n        \n        \n         <img decoding=\"async\" src=\"https:\/\/hotelatom.cz\/wp-content\/uploads\/2014\/04\/email-v2.png\" alt=\"maura.manzini@hotelatom.cz\">   \n\n        \n\n\n  <\/div>\n\n\n  <div class=\"content \">\n    \n    <div class=\"hgroup textify_links\"><h4>maura.manzini@hotelatom.cz<\/h4><\/div>\n\n     <div class=\"desc\"><p>E-Mail-Adresse<\/p><\/div> \n\n  <\/div>\n\n<\/div>\n\n<!-- END======================= TEASER BOX ==========================-->[\/vc_column][\/vc_row]<\/p>\n<\/div>","protected":false},"excerpt":{"rendered":"<p>[vc_row full_width=&#8221;stretch_row&#8221; full_height=&#8221;yes&#8221; content_placement=&#8221;middle&#8221; el_class=&#8221;jenmobily&#8221; css=&#8221;.vc_custom_1542091039070{background-image: url(https:\/\/hotelatom.cz\/wp-content\/uploads\/2018\/11\/hotel-atom-vysokefoto-mobile.jpg?id=3219) !important;background-position: 0 0 !important;background-repeat: no-repeat !important;}&#8221;][vc_column width=&#8221;1\/4&#8243;][\/vc_column][vc_column width=&#8221;1\/2&#8243;][vc_column_text css=&#8221;.vc_custom_1542103004996{margin-bottom: 0px !important;padding-bottom: 0px !important;}&#8221;] Velkomezi\u0159\u00ed\u010dsk\u00e1 640\/45 [\/vc_column_text][vc_column_text css=&#8221;.vc_custom_1542103019562{margin-top: -25px !important;padding-top: 0px !important;}&#8221;] T\u0158EB\u00cd\u010c [\/vc_column_text][\/vc_column][vc_column width=&#8221;1\/4&#8243;][\/vc_column][\/vc_row][vc_row row_padding_top=&#8221;padding_top_1-3&#8243; row_padding_bottom=&#8221;padding_bottom_1-3&#8243;][vc_column][vc_row_inner][vc_column_inner width=&#8221;1\/2&#8243;][\/vc_column_inner][vc_column_inner width=&#8221;1\/2&#8243;][\/vc_column_inner][\/vc_row_inner][vc_empty_space height=&#8221;25px&#8221;][\/vc_column][\/vc_row][vc_row full_width=&#8221;stretch_row&#8221; equal_height=&#8221;yes&#8221; content_placement=&#8221;middle&#8221; transparent_overlay=&#8221;transparent_film&#8221; row_padding_top=&#8221;padding_top_1-2&#8243; row_padding_bottom=&#8221;padding_bottom_1-2&#8243; css=&#8221;.vc_custom_1504855468422{background-image: url(https:\/\/hotelatom.cz\/wp-content\/uploads\/2014\/04\/recepce-pozadi-overlay-white.jpg?id=1626) !important;background-position: 0 0 !important;background-repeat: no-repeat !important;}&#8221; el_class=&#8221;fixpozadi&#8221;][vc_column width=&#8221;1\/4&#8243;][\/vc_column][vc_column width=&#8221;1\/2&#8243;][\/vc_column][vc_column width=&#8221;1\/4&#8243;][\/vc_column][\/vc_row][vc_row equal_height=&#8221;yes&#8221; [&hellip;]<\/p>\n","protected":false},"author":3,"featured_media":0,"parent":0,"menu_order":7,"comment_status":"closed","ping_status":"closed","template":"","meta":{"_exactmetrics_skip_tracking":false,"_exactmetrics_sitenote_active":false,"_exactmetrics_sitenote_note":"","_exactmetrics_sitenote_category":0,"footnotes":""},"aioseo_notices":[],"_links":{"self":[{"href":"https:\/\/hotelatom.cz\/de\/wp-json\/wp\/v2\/pages\/2592"}],"collection":[{"href":"https:\/\/hotelatom.cz\/de\/wp-json\/wp\/v2\/pages"}],"about":[{"href":"https:\/\/hotelatom.cz\/de\/wp-json\/wp\/v2\/types\/page"}],"author":[{"embeddable":true,"href":"https:\/\/hotelatom.cz\/de\/wp-json\/wp\/v2\/users\/3"}],"replies":[{"embeddable":true,"href":"https:\/\/hotelatom.cz\/de\/wp-json\/wp\/v2\/comments?post=2592"}],"version-history":[{"count":15,"href":"https:\/\/hotelatom.cz\/de\/wp-json\/wp\/v2\/pages\/2592\/revisions"}],"predecessor-version":[{"id":5362,"href":"https:\/\/hotelatom.cz\/de\/wp-json\/wp\/v2\/pages\/2592\/revisions\/5362"}],"wp:attachment":[{"href":"https:\/\/hotelatom.cz\/de\/wp-json\/wp\/v2\/media?parent=2592"}],"curies":[{"name":"wp","href":"https:\/\/api.w.org\/{rel}","templated":true}]}}