{"id":2586,"date":"2017-12-19T21:44:56","date_gmt":"2017-12-19T20:44:56","guid":{"rendered":"https:\/\/hotelatom.cz\/de\/?page_id=2586"},"modified":"2023-10-31T08:17:46","modified_gmt":"2023-10-31T07:17:46","slug":"feiern-und-familienfeste","status":"publish","type":"page","link":"https:\/\/hotelatom.cz\/de\/firmen-und-gesellschaftliche-veranstaltungen\/feiern-und-familienfeste\/","title":{"rendered":"FEIERN UND FAMILIENFESTE"},"content":{"rendered":"<div class=\"wpb-content-wrapper\"><p>[vc_row row_padding_top=&#8221;padding_top_1-2&#8243; row_padding_bottom=&#8221;padding_bottom_1-2&#8243;][vc_column][vc_column_text]In unserem Hotel begr\u00fc\u00dfen wir gern Veranstaltungen aller Art, einschlie\u00dflich <strong>kleinere und gr\u00f6\u00dfere Familienfeiern und \u2013feste<\/strong>. Kommen Sie uns feiern Sie bei uns Ihr Lebensjubil\u00e4um, rundes Hochzeitsjubil\u00e4um oder auch eine Diplom\u00fcbergabe.<\/p>\n<p>Unsere variablen Salons lassen sich der Anzahl der G\u00e4ste anpassen und bieten daher ruhiges und privates Umfeld f\u00fcr Ihre Veranstaltung. Getrennte R\u00e4ume sind ebenfalls f\u00fcr den w\u00fcrdevollen Verlauf eines <strong>Trauermahls<\/strong>geeignet.[\/vc_column_text][vc_column_text]<\/p>\n<h4 class=\"odelovac\">AUSGEZEICHNENTES ESSEN UND DIENSTE<\/h4>\n<p>Im Rahmen ihrer Feier k\u00f6nnen Sie sich auf unser <strong>tolles Koch-Team <strong>unsere <\/strong>makellosen Dienste<\/strong>. verlassen. Das Men\u00fc f\u00fcr Ihre Feier wird nach Ihrem Wunsch vorbereitet. Sie k\u00f6nnen die Speisen entweder aus unserer regul\u00e4ren oder Saisonspeisekarte ausw\u00e4hlen oder sich die Speisen nach Ihrem Wunsch zubereiten lassen oder auch die M\u00f6glichkeit nutzen, einen Stehempfang organisieren zu lassen. Alles h\u00e4ngt lediglich von Ihrem Wunsch und einer Vereinbarung ab.<\/p>\n<p>Falls Sie es sich so w\u00fcnschen, sind wir f\u00e4hig, f\u00fcr Ihre Feier auch eine Saal- oder Tischdekoration vorzubereiten. Wenn die G\u00e4ste von weit her sind und bei uns \u00fcbernachten m\u00f6chten, k\u00f6nnen sie Unterkunft in unseren Zimmern der <a href=\"https:\/\/hotelatom.cz\/de\/unsere-zimmer-und-appartements\/\"><strong>COMFORT<\/strong><\/a>&#8211; oder <a href=\"https:\/\/hotelatom.cz\/de\/typy-pokoju\/vierbettzimmer-basic\/\"><strong>BASIC<\/strong><\/a>-Kategorie nutzen.[\/vc_column_text][vc_column_text]<\/p>\n<\/div>","protected":false},"excerpt":{"rendered":"<p>[vc_row row_padding_top=&#8221;padding_top_1-2&#8243; row_padding_bottom=&#8221;padding_bottom_1-2&#8243;][vc_column][vc_column_text]In unserem Hotel begr\u00fc\u00dfen wir gern Veranstaltungen aller Art, einschlie\u00dflich kleinere und gr\u00f6\u00dfere Familienfeiern und \u2013feste. Kommen Sie uns feiern Sie bei uns Ihr Lebensjubil\u00e4um, rundes Hochzeitsjubil\u00e4um oder auch eine Diplom\u00fcbergabe. Unsere variablen Salons lassen sich der Anzahl der G\u00e4ste anpassen und bieten daher ruhiges und privates Umfeld f\u00fcr Ihre Veranstaltung. Getrennte R\u00e4ume [&hellip;]<\/p>\n","protected":false},"author":3,"featured_media":859,"parent":2559,"menu_order":4,"comment_status":"closed","ping_status":"closed","template":"","meta":{"_exactmetrics_skip_tracking":false,"_exactmetrics_sitenote_active":false,"_exactmetrics_sitenote_note":"","_exactmetrics_sitenote_category":0,"footnotes":""},"aioseo_notices":[],"_links":{"self":[{"href":"https:\/\/hotelatom.cz\/de\/wp-json\/wp\/v2\/pages\/2586"}],"collection":[{"href":"https:\/\/hotelatom.cz\/de\/wp-json\/wp\/v2\/pages"}],"about":[{"href":"https:\/\/hotelatom.cz\/de\/wp-json\/wp\/v2\/types\/page"}],"author":[{"embeddable":true,"href":"https:\/\/hotelatom.cz\/de\/wp-json\/wp\/v2\/users\/3"}],"replies":[{"embeddable":true,"href":"https:\/\/hotelatom.cz\/de\/wp-json\/wp\/v2\/comments?post=2586"}],"version-history":[{"count":1,"href":"https:\/\/hotelatom.cz\/de\/wp-json\/wp\/v2\/pages\/2586\/revisions"}],"predecessor-version":[{"id":4370,"href":"https:\/\/hotelatom.cz\/de\/wp-json\/wp\/v2\/pages\/2586\/revisions\/4370"}],"up":[{"embeddable":true,"href":"https:\/\/hotelatom.cz\/de\/wp-json\/wp\/v2\/pages\/2559"}],"wp:featuredmedia":[{"embeddable":true,"href":"https:\/\/hotelatom.cz\/de\/wp-json\/wp\/v2\/media\/859"}],"wp:attachment":[{"href":"https:\/\/hotelatom.cz\/de\/wp-json\/wp\/v2\/media?parent=2586"}],"curies":[{"name":"wp","href":"https:\/\/api.w.org\/{rel}","templated":true}]}}