{"id":2577,"date":"2017-12-19T21:12:24","date_gmt":"2017-12-19T20:12:24","guid":{"rendered":"https:\/\/hotelatom.cz\/de\/?page_id=2577"},"modified":"2023-10-31T08:07:14","modified_gmt":"2023-10-31T07:07:14","slug":"gesellschaftliche-ereignisse","status":"publish","type":"page","link":"https:\/\/hotelatom.cz\/de\/firmen-und-gesellschaftliche-veranstaltungen\/gesellschaftliche-ereignisse\/","title":{"rendered":"GESELLSCHAFTLICHE EREIGNISSE"},"content":{"rendered":"<div class=\"wpb-content-wrapper\"><p>[vc_row row_padding_top=&#8221;padding_top_1-2&#8243; row_padding_bottom=&#8221;padding_bottom_1-2&#8243;][vc_column][vc_column_text]In unserem gro\u00dfen Saal und auch in anderen R\u00e4umlichkeiten begr\u00fc\u00dfen wir zahlreiche gesellschaftliche Ereignisse. Im Winter vor allem repr\u00e4sentative und Abiturb\u00e4lle, im Rest des Jahres zum Beispiel Modeschauen oder Musik- oder Theaterauftritte.<\/p>\n<p>Auch Sie k\u00f6nnen bei uns Ihre gesellschaftliche Veranstaltung organisieren.<\/p>\n<p>Unsere R\u00e4ume sind sehr variabel und k\u00f6nnen sowohl kleinen als auch gro\u00dfen Veranstaltungen ein sch\u00f6nes Umfeld bieten. In unserem Saal und Restaurant gibt es genug Platz f\u00fcr <strong>bis zu 320 Personen an runden Tischen<\/strong> oder <strong>bis zu 400 Personen bei einer Theater-Gestaltung<\/strong>.<\/p>\n<p>Ebenso gut k\u00f6nnen wir eine private Umgebung f\u00fcr kleine Veranstaltungen schaffen, wie zum Beispiel f\u00fcr <a href=\"https:\/\/hotelatom.cz\/de\/firmen-und-gesellschaftliche-veranstaltungen\/hochzeiten\/\"><strong>Hochzeiten<\/strong><\/a> oder andere <a href=\"https:\/\/hotelatom.cz\/de\/firmen-und-gesellschaftliche-veranstaltungen\/feiern-und-familienfeste\/\"><strong>Familienfeiern<\/strong><\/a>\u00a0in einem unserer <strong> Salons mit Kapazit\u00e4t 30 bis 50 Personen<\/strong>.[\/vc_column_text][vc_row_inner][vc_column_inner width=&#8221;1\/3&#8243;]<!-- ========================== TEASER BOX ==========================-->\n\n<div class=\"teaser_box wpb_content_element  vertical text-center      with_image \">\n\n  <div class=\"figure with_image  \">\n\n\n\n        \n        \n        \n         <img decoding=\"async\" src=\"https:\/\/hotelatom.cz\/wp-content\/uploads\/2017\/09\/kulate-stoly.png\" alt=\"320 PERSONEN\">   \n\n        \n\n\n  <\/div>\n\n\n  <div class=\"content \">\n    \n    <div class=\"hgroup textify_links\"><h4>320 PERSONEN<\/h4><\/div>\n\n     <div class=\"desc\"><p>runde Tische<\/p><\/div> \n\n  <\/div>\n\n<\/div>\n\n<!-- END======================= TEASER BOX ==========================-->[\/vc_column_inner][vc_column_inner width=&#8221;1\/3&#8243;]<!-- ========================== TEASER BOX ==========================-->\n\n<div class=\"teaser_box wpb_content_element  vertical text-center      with_image \">\n\n  <div class=\"figure with_image  \">\n\n\n\n        \n        \n        \n         <img decoding=\"async\" src=\"https:\/\/hotelatom.cz\/wp-content\/uploads\/2014\/04\/usporadani-divadlo-1.png\" alt=\"400 PERSONEN\">   \n\n        \n\n\n  <\/div>\n\n\n  <div class=\"content \">\n    \n    <div class=\"hgroup textify_links\"><h4>400 PERSONEN<\/h4><\/div>\n\n     <div class=\"desc\"><p>Theater-Gestaltung<\/p><\/div> \n\n  <\/div>\n\n<\/div>\n\n<!-- END======================= TEASER BOX ==========================-->[\/vc_column_inner][vc_column_inner width=&#8221;1\/3&#8243;]<!-- ========================== TEASER BOX ==========================-->\n\n<div class=\"teaser_box wpb_content_element  vertical text-center      with_image \">\n\n  <div class=\"figure with_image  \">\n\n\n\n        \n        \n        \n         <img decoding=\"async\" src=\"https:\/\/hotelatom.cz\/wp-content\/uploads\/2014\/04\/usporadani-trida.png\" alt=\"250 PERSONEN\">   \n\n        \n\n\n  <\/div>\n\n\n  <div class=\"content \">\n    \n    <div class=\"hgroup textify_links\"><h4>250 PERSONEN<\/h4><\/div>\n\n     <div class=\"desc\"><p>Klassen-Gestaltung<\/p><\/div> \n\n  <\/div>\n\n<\/div>\n\n<!-- END======================= TEASER BOX ==========================-->[\/vc_column_inner][\/vc_row_inner][vc_column_text]<\/p>\n<h4 class=\"odelovac\">NICHT NUR REPR\u00c4SENTATIVES UMFELD<\/h4>\n<p>F\u00fcr Ihre gesellschaftlichen Veranstaltungen sind nicht nur <strong>repr\u00e4sentative R\u00e4umlichkeiten<\/strong>, <strong>sondern auch hervorragende Dienste<\/strong>, <strong>ausgezeichnete Bewirtung<\/strong>, <strong>attraktives Begleitprogramm<\/strong> und <strong>sch\u00f6ne Dekorierung<\/strong> von gro\u00dfer Bedeutung. Und all das k\u00f6nnen wir im Hotel Atom organisieren.<\/p>\n<p>F\u00fcr Ihre Veranstaltung bereiten wir Bewirtung unterschiedlicher Form, wie z.B. Stehempfang, Abendessen in Form eines B\u00fcffets, Cocktailparty oder direkt auf den Tisch servierte Speisen. Ebenso gut sind wir f\u00e4hig, Musikauftritte, Barkeeper Show, Weinprobe oder Kostprobe anderer alkoholischen Getr\u00e4nke, fotografische Dienste und vieles andere mehr.<\/p>\n<\/div>","protected":false},"excerpt":{"rendered":"<p>[vc_row row_padding_top=&#8221;padding_top_1-2&#8243; row_padding_bottom=&#8221;padding_bottom_1-2&#8243;][vc_column][vc_column_text]In unserem gro\u00dfen Saal und auch in anderen R\u00e4umlichkeiten begr\u00fc\u00dfen wir zahlreiche gesellschaftliche Ereignisse. Im Winter vor allem repr\u00e4sentative und Abiturb\u00e4lle, im Rest des Jahres zum Beispiel Modeschauen oder Musik- oder Theaterauftritte. Auch Sie k\u00f6nnen bei uns Ihre gesellschaftliche Veranstaltung organisieren. Unsere R\u00e4ume sind sehr variabel und k\u00f6nnen sowohl kleinen als auch gro\u00dfen [&hellip;]<\/p>\n","protected":false},"author":3,"featured_media":0,"parent":2559,"menu_order":4,"comment_status":"closed","ping_status":"closed","template":"","meta":{"_exactmetrics_skip_tracking":false,"_exactmetrics_sitenote_active":false,"_exactmetrics_sitenote_note":"","_exactmetrics_sitenote_category":0,"footnotes":""},"aioseo_notices":[],"_links":{"self":[{"href":"https:\/\/hotelatom.cz\/de\/wp-json\/wp\/v2\/pages\/2577"}],"collection":[{"href":"https:\/\/hotelatom.cz\/de\/wp-json\/wp\/v2\/pages"}],"about":[{"href":"https:\/\/hotelatom.cz\/de\/wp-json\/wp\/v2\/types\/page"}],"author":[{"embeddable":true,"href":"https:\/\/hotelatom.cz\/de\/wp-json\/wp\/v2\/users\/3"}],"replies":[{"embeddable":true,"href":"https:\/\/hotelatom.cz\/de\/wp-json\/wp\/v2\/comments?post=2577"}],"version-history":[{"count":1,"href":"https:\/\/hotelatom.cz\/de\/wp-json\/wp\/v2\/pages\/2577\/revisions"}],"predecessor-version":[{"id":4360,"href":"https:\/\/hotelatom.cz\/de\/wp-json\/wp\/v2\/pages\/2577\/revisions\/4360"}],"up":[{"embeddable":true,"href":"https:\/\/hotelatom.cz\/de\/wp-json\/wp\/v2\/pages\/2559"}],"wp:attachment":[{"href":"https:\/\/hotelatom.cz\/de\/wp-json\/wp\/v2\/media?parent=2577"}],"curies":[{"name":"wp","href":"https:\/\/api.w.org\/{rel}","templated":true}]}}