{"id":2570,"date":"2017-12-19T20:45:08","date_gmt":"2017-12-19T19:45:08","guid":{"rendered":"https:\/\/hotelatom.cz\/de\/?page_id=2570"},"modified":"2023-10-31T07:55:38","modified_gmt":"2023-10-31T06:55:38","slug":"firmenveranstaltungen","status":"publish","type":"page","link":"https:\/\/hotelatom.cz\/de\/firmen-und-gesellschaftliche-veranstaltungen\/firmenveranstaltungen\/","title":{"rendered":"FIRMENVERANSTALTUNGEN"},"content":{"rendered":"<div class=\"wpb-content-wrapper\"><p>[vc_row row_padding_top=&#8221;padding_top_1-2&#8243; row_padding_bottom=&#8221;padding_bottom_1-2&#8243;][vc_column][vc_column_text]Firmenveranstaltungen, das sind nicht nur <a href=\"https:\/\/hotelatom.cz\/de\/firmen-und-gesellschaftliche-veranstaltungen\/konferenzen\/\"><strong>Konferenzen<\/strong><\/a>, <a href=\"https:\/\/hotelatom.cz\/de\/firmen-und-gesellschaftliche-veranstaltungen\/schulungen-und-praesentationen\/\"><strong>Schulungen und Seminare<\/strong><\/a>, sondern auch Weihnachtsfeiern, Firmenjubil\u00e4umsfeiern, Veranstaltungen f\u00fcr VIP-Klienten oder Team Buildings.<\/p>\n<p>Unsere R\u00e4ume sind sehr variabel und k\u00f6nnen sowohl kleinen als auch gro\u00dfen Veranstaltungen ein sch\u00f6nes Umfeld bieten. In unserem Saal und Restaurant gibt es genug Platz f\u00fcr bis zu 320 Personen an runden Tischen oder bis zu 400 Personen bei einer Theater-Gestaltung.<\/p>\n<p>Genauso gut k\u00f6nnen wir eine private Umgebung f\u00fcr eine kleine Veranstaltung schaffen, in einem unserer Salons mit Kapazit\u00e4t 30 bis 50 Personen.[\/vc_column_text][vc_row_inner][vc_column_inner width=&#8221;1\/3&#8243;]<!-- ========================== TEASER BOX ==========================-->\n\n<div class=\"teaser_box wpb_content_element  vertical text-center      with_image \">\n\n  <div class=\"figure with_image  \">\n\n\n\n        \n        \n        \n         <img decoding=\"async\" src=\"https:\/\/hotelatom.cz\/wp-content\/uploads\/2017\/09\/kulate-stoly.png\" alt=\"320 PERSONEN\">   \n\n        \n\n\n  <\/div>\n\n\n  <div class=\"content \">\n    \n    <div class=\"hgroup textify_links\"><h4>320 PERSONEN<\/h4><\/div>\n\n     <div class=\"desc\"><p>runde Tische<\/p><\/div> \n\n  <\/div>\n\n<\/div>\n\n<!-- END======================= TEASER BOX ==========================-->[\/vc_column_inner][vc_column_inner width=&#8221;1\/3&#8243;]<!-- ========================== TEASER BOX ==========================-->\n\n<div class=\"teaser_box wpb_content_element  vertical text-center      with_image \">\n\n  <div class=\"figure with_image  \">\n\n\n\n        \n        \n        \n         <img decoding=\"async\" src=\"https:\/\/hotelatom.cz\/wp-content\/uploads\/2014\/04\/usporadani-divadlo-1.png\" alt=\"400 PERSONEN\">   \n\n        \n\n\n  <\/div>\n\n\n  <div class=\"content \">\n    \n    <div class=\"hgroup textify_links\"><h4>400 PERSONEN<\/h4><\/div>\n\n     <div class=\"desc\"><p>Theater-Gestaltung<\/p><\/div> \n\n  <\/div>\n\n<\/div>\n\n<!-- END======================= TEASER BOX ==========================-->[\/vc_column_inner][vc_column_inner width=&#8221;1\/3&#8243;]<!-- ========================== TEASER BOX ==========================-->\n\n<div class=\"teaser_box wpb_content_element  vertical text-center      with_image \">\n\n  <div class=\"figure with_image  \">\n\n\n\n        \n        \n        \n         <img decoding=\"async\" src=\"https:\/\/hotelatom.cz\/wp-content\/uploads\/2014\/04\/usporadani-trida.png\" alt=\"250 PERSONEN\">   \n\n        \n\n\n  <\/div>\n\n\n  <div class=\"content \">\n    \n    <div class=\"hgroup textify_links\"><h4>250 PERSONEN<\/h4><\/div>\n\n     <div class=\"desc\"><p>Klassen-Gestaltung<\/p><\/div> \n\n  <\/div>\n\n<\/div>\n\n<!-- END======================= TEASER BOX ==========================-->[\/vc_column_inner][\/vc_row_inner][vc_column_text]<\/p>\n<h4 class=\"odelovac\">NICHT NUR REPR\u00c4SENTATIVES UMFELD<\/h4>\n<p>F\u00fcr die Firmenveranstaltungen sind nicht nur repr\u00e4sentative R\u00e4umlichkeiten, sondern auch hervorragende Dienste, ausgezeichnete Bewirtung und attraktives Programm von gro\u00dfer Bedeutung. Und all das k\u00f6nnen wir im Hotel Atom organisieren.<\/p>\n<p>F\u00fcr Ihre Veranstaltung bereiten wir Bewirtung unterschiedlicher Form, wie z.B. Stehempfang, Abendessen in Form eines B\u00fcffets, Cocktailparty oder direkt auf den Tisch servierte Speisen. Ebenso gut sind wir f\u00e4hig, Musikauftritte, Barkeeper Show, Weinprobe oder Kostprobe anderer alkoholischen Getr\u00e4nke, fotografische Dienste und vieles andere mehr zu organisieren.<\/p>\n<p>Nach einer anstrengenden Veranstaltung k\u00f6nnen Sie bei uns auch \u00fcbernachten. Unser Hotel bietet 114 Betten in <a href=\"https:\/\/hotelatom.cz\/de\/unsere-zimmer-und-appartements\/\"><strong>Komfortzimmern der COMFORT-Kategorie<\/strong><\/a> und andere Betten in <a href=\"https:\/\/hotelatom.cz\/de\/typy-pokoju\/vierbettzimmer-basic\/\"><strong>Zimmern der BASIC-Kategorie<\/strong><\/a>.[\/vc_column_text]<\/p>\n<\/div>","protected":false},"excerpt":{"rendered":"<p>[vc_row row_padding_top=&#8221;padding_top_1-2&#8243; row_padding_bottom=&#8221;padding_bottom_1-2&#8243;][vc_column][vc_column_text]Firmenveranstaltungen, das sind nicht nur Konferenzen, Schulungen und Seminare, sondern auch Weihnachtsfeiern, Firmenjubil\u00e4umsfeiern, Veranstaltungen f\u00fcr VIP-Klienten oder Team Buildings. Unsere R\u00e4ume sind sehr variabel und k\u00f6nnen sowohl kleinen als auch gro\u00dfen Veranstaltungen ein sch\u00f6nes Umfeld bieten. In unserem Saal und Restaurant gibt es genug Platz f\u00fcr bis zu 320 Personen an runden Tischen [&hellip;]<\/p>\n","protected":false},"author":3,"featured_media":0,"parent":2559,"menu_order":4,"comment_status":"closed","ping_status":"closed","template":"","meta":{"_exactmetrics_skip_tracking":false,"_exactmetrics_sitenote_active":false,"_exactmetrics_sitenote_note":"","_exactmetrics_sitenote_category":0,"footnotes":""},"aioseo_notices":[],"_links":{"self":[{"href":"https:\/\/hotelatom.cz\/de\/wp-json\/wp\/v2\/pages\/2570"}],"collection":[{"href":"https:\/\/hotelatom.cz\/de\/wp-json\/wp\/v2\/pages"}],"about":[{"href":"https:\/\/hotelatom.cz\/de\/wp-json\/wp\/v2\/types\/page"}],"author":[{"embeddable":true,"href":"https:\/\/hotelatom.cz\/de\/wp-json\/wp\/v2\/users\/3"}],"replies":[{"embeddable":true,"href":"https:\/\/hotelatom.cz\/de\/wp-json\/wp\/v2\/comments?post=2570"}],"version-history":[{"count":1,"href":"https:\/\/hotelatom.cz\/de\/wp-json\/wp\/v2\/pages\/2570\/revisions"}],"predecessor-version":[{"id":4356,"href":"https:\/\/hotelatom.cz\/de\/wp-json\/wp\/v2\/pages\/2570\/revisions\/4356"}],"up":[{"embeddable":true,"href":"https:\/\/hotelatom.cz\/de\/wp-json\/wp\/v2\/pages\/2559"}],"wp:attachment":[{"href":"https:\/\/hotelatom.cz\/de\/wp-json\/wp\/v2\/media?parent=2570"}],"curies":[{"name":"wp","href":"https:\/\/api.w.org\/{rel}","templated":true}]}}