{"id":2565,"date":"2017-12-19T20:16:49","date_gmt":"2017-12-19T19:16:49","guid":{"rendered":"https:\/\/hotelatom.cz\/de\/?page_id=2565"},"modified":"2023-10-31T08:00:49","modified_gmt":"2023-10-31T07:00:49","slug":"schulungen-und-praesentationen","status":"publish","type":"page","link":"https:\/\/hotelatom.cz\/de\/firmen-und-gesellschaftliche-veranstaltungen\/schulungen-und-praesentationen\/","title":{"rendered":"SCHULUNGEN UND PR\u00c4SENTATIONEN"},"content":{"rendered":"<div class=\"wpb-content-wrapper\"><p>[vc_row row_padding_top=&#8221;padding_top_1-2&#8243; row_padding_bottom=&#8221;padding_bottom_1-2&#8243;][vc_column][vc_column_text]<\/p>\n<p style=\"text-align: left;\">Planen Sie ein Seminar, eine Schulung oder vielleicht eine Pr\u00e4sentation f\u00fcr Ihre Mitarbeiter, Gesch\u00e4ftspartner oder Klienten vorzubereiten? Unser Hotel verf\u00fcgt \u00fcber geeignete R\u00e4ume f\u00fcr solche kleinere Veranstaltungen. Und dank seiner g\u00fcnstigen Lage in der Mitte unserer Republik und seiner hervorragenden Dienste ist das Hotel Atom jedenfalls der richtige Platz daf\u00fcr!<\/p>\n<p>[\/vc_column_text][vc_column_text]<\/p>\n<h4 class=\"odelovac\">MODULE DES GROSSEN SAALES<\/h4>\n<p style=\"text-align: left;\">F\u00fcr kleinere Veranstaltungen k\u00f6nnen wir mit Hilfe mobiler Trennw\u00e4nde unseren gro\u00dfen Konferenzsaal in maximal 5 Lehrr\u00e4ume mit Kapazit\u00e4t 30 bis 50 Personen einteilen. Einzelne Lehrr\u00e4ume k\u00f6nnen dank einer hervorragenden Schalld\u00e4mmung und eines eigenen Zugangs gleichzeitig f\u00fcr mehrere Veranstaltungen verwendet werden.<\/p>\n<p style=\"text-align: left;\">Alle Lehrr\u00e4ume sind klimatisiert, durch Tageslicht beleuchtet und mit Jalousien f\u00fcr den Fall der Verdunkelung des Raumes ausgestattet. Zu der Ausstattung der R\u00e4ume geh\u00f6ren Datenprojektor, Projektionswand und drahtloser Internetanschluss. Alle R\u00e4ume sind barrierefrei zug\u00e4nglich.<\/p>\n<p>[\/vc_column_text][vc_column_text]<\/p>\n<h4 class=\"odelovac\">LEHRRAUM IM 4. STOCK<\/h4>\n<p>Neben den modularen Lehrr\u00e4umen finden Sie in unserem Hotel ebenfalls den Lehrraum Nr. 417 im vierten Stock. Es handelt sich um einen hellen Raum mit eigenem Balkon, in den bei einer Klassen-Gestaltung bis zu 30 Personen hineingehen.<\/p>\n<p>Dieser Lehrraum wurde im Jahre 2014 renoviert und verf\u00fcgt jetzt \u00fcber eine Tafel und Verdunkelung f\u00fcr Zwecke der Vorf\u00fchrung. In unmittelbarer N\u00e4he des Raumes befinden sich ein WC und eine komplett eingerichtete Teek\u00fcche.[\/vc_column_text][vc_row_inner][vc_column_inner width=&#8221;1\/3&#8243;]<!-- ========================== TEASER BOX ==========================-->\n\n<div class=\"teaser_box wpb_content_element  vertical text-center      with_image \">\n\n  <div class=\"figure with_image  \">\n\n\n\n        \n        \n        \n         <img decoding=\"async\" src=\"https:\/\/hotelatom.cz\/wp-content\/uploads\/2014\/04\/usporadani-trida.png\" alt=\"5 BIS 50 PERSONEN\">   \n\n        \n\n\n  <\/div>\n\n\n  <div class=\"content \">\n    \n    <div class=\"hgroup textify_links\"><h4>5 BIS 50 PERSONEN<\/h4><\/div>\n\n     <div class=\"desc\"><p>in jedem der Lehrr\u00e4ume<\/p><\/div> \n\n  <\/div>\n\n<\/div>\n\n<!-- END======================= TEASER BOX ==========================-->[\/vc_column_inner][vc_column_inner width=&#8221;1\/3&#8243;]<!-- ========================== TEASER BOX ==========================-->\n\n<div class=\"teaser_box wpb_content_element  vertical text-center      with_image \">\n\n  <div class=\"figure with_image  \">\n\n\n\n        \n        \n        \n         <img decoding=\"async\" src=\"https:\/\/hotelatom.cz\/wp-content\/uploads\/2014\/04\/ucebny-1.png\" alt=\"AB 450 CZK\/ST.\">   \n\n        \n\n\n  <\/div>\n\n\n  <div class=\"content \">\n    \n    <div class=\"hgroup textify_links\"><h4>AB 450 CZK\/ST.<\/h4><\/div>\n\n     <div class=\"desc\"><p>Vermietung<\/p><\/div> \n\n  <\/div>\n\n<\/div>\n\n<!-- END======================= TEASER BOX ==========================-->[\/vc_column_inner][vc_column_inner width=&#8221;1\/3&#8243;]<!-- ========================== TEASER BOX ==========================-->\n\n<div class=\"teaser_box wpb_content_element  vertical text-center      with_image \">\n\n  <div class=\"figure with_image  \">\n\n\n\n        \n        \n        \n         <img decoding=\"async\" src=\"https:\/\/hotelatom.cz\/wp-content\/uploads\/2014\/04\/coffee-break-ikona-1.png\" alt=\"BIS 120 CZK\/PERSON\">   \n\n        \n\n\n  <\/div>\n\n\n  <div class=\"content \">\n    \n    <div class=\"hgroup textify_links\"><h4>BIS 120 CZK\/PERSON<\/h4><\/div>\n\n     <div class=\"desc\"><p>Coffee Break<\/p><\/div> \n\n  <\/div>\n\n<\/div>\n\n<!-- END======================= TEASER BOX ==========================-->[\/vc_column_inner][\/vc_row_inner][vc_column_text]Wir bereiten f\u00fcr Ihre Veranstaltung Imbiss in jeder von Ihnen gew\u00fcnschten Form vor. W\u00fcnschen Sie ein einfaches Coffee Break, Stehempfang oder vielleicht Mittagessen in Form eines B\u00fcffets? Kein Problem! Unsere Dienste sind hervorragend und wir befriedigen gern alle Ihrer Anspr\u00fcche.[\/vc_column_text][\/vc_column][\/vc_row]<\/p>\n<\/div>","protected":false},"excerpt":{"rendered":"<p>[vc_row row_padding_top=&#8221;padding_top_1-2&#8243; row_padding_bottom=&#8221;padding_bottom_1-2&#8243;][vc_column][vc_column_text] Planen Sie ein Seminar, eine Schulung oder vielleicht eine Pr\u00e4sentation f\u00fcr Ihre Mitarbeiter, Gesch\u00e4ftspartner oder Klienten vorzubereiten? Unser Hotel verf\u00fcgt \u00fcber geeignete R\u00e4ume f\u00fcr solche kleinere Veranstaltungen. Und dank seiner g\u00fcnstigen Lage in der Mitte unserer Republik und seiner hervorragenden Dienste ist das Hotel Atom jedenfalls der richtige Platz daf\u00fcr! [\/vc_column_text][vc_column_text] MODULE [&hellip;]<\/p>\n","protected":false},"author":3,"featured_media":0,"parent":2559,"menu_order":0,"comment_status":"closed","ping_status":"closed","template":"","meta":{"_exactmetrics_skip_tracking":false,"_exactmetrics_sitenote_active":false,"_exactmetrics_sitenote_note":"","_exactmetrics_sitenote_category":0,"footnotes":""},"aioseo_notices":[],"_links":{"self":[{"href":"https:\/\/hotelatom.cz\/de\/wp-json\/wp\/v2\/pages\/2565"}],"collection":[{"href":"https:\/\/hotelatom.cz\/de\/wp-json\/wp\/v2\/pages"}],"about":[{"href":"https:\/\/hotelatom.cz\/de\/wp-json\/wp\/v2\/types\/page"}],"author":[{"embeddable":true,"href":"https:\/\/hotelatom.cz\/de\/wp-json\/wp\/v2\/users\/3"}],"replies":[{"embeddable":true,"href":"https:\/\/hotelatom.cz\/de\/wp-json\/wp\/v2\/comments?post=2565"}],"version-history":[{"count":2,"href":"https:\/\/hotelatom.cz\/de\/wp-json\/wp\/v2\/pages\/2565\/revisions"}],"predecessor-version":[{"id":4359,"href":"https:\/\/hotelatom.cz\/de\/wp-json\/wp\/v2\/pages\/2565\/revisions\/4359"}],"up":[{"embeddable":true,"href":"https:\/\/hotelatom.cz\/de\/wp-json\/wp\/v2\/pages\/2559"}],"wp:attachment":[{"href":"https:\/\/hotelatom.cz\/de\/wp-json\/wp\/v2\/media?parent=2565"}],"curies":[{"name":"wp","href":"https:\/\/api.w.org\/{rel}","templated":true}]}}