{"id":2559,"date":"2017-12-19T19:54:54","date_gmt":"2017-12-19T18:54:54","guid":{"rendered":"https:\/\/hotelatom.cz\/de\/?page_id=2559"},"modified":"2023-10-31T19:08:35","modified_gmt":"2023-10-31T18:08:35","slug":"firmen-und-gesellschaftliche-veranstaltungen","status":"publish","type":"page","link":"https:\/\/hotelatom.cz\/de\/firmen-und-gesellschaftliche-veranstaltungen\/","title":{"rendered":"FIRMEN- UND GESELLSCHAFTLICHE VERANSTALTUNGEN"},"content":{"rendered":"<div class=\"wpb-content-wrapper\"><p>[vc_row row_padding_bottom=&#8221;padding_bottom_1-2&#8243;][vc_column]<div class=\"heading_group_sc wpb_content_element subtitle_bottom odelovac   text-center\">\n        <div class=\"background_title\">Wir laden Sie ein<\/div>\n\n\n    <h2>WIR ORGANISIEREN JEDE BELIEBIGE VERANSTALTUNG<\/h2>\n\n\n        <span class=\"subtitle\">DIE VERANSTALTUNGEN BEI UNS WERDEN SIE NIE VERGESSEN<\/span>\n\n<\/div>[vc_column_text]<\/p>\n<p style=\"text-align: center;\">Planen Sie eine gesellschaftliche, Firmen-, Schulveranstaltung oder eine Familienfeier? Wenden Sie sich an uns! Wir organisieren Ihre Veranstaltung bis zum letzten Detail! Wir besorgen Imbiss, Empfang, Coffee Break, Unterkunft, Fotografen und auch komplettes Unterhaltungsprogramm. Die R\u00e4umlichkeiten unseres Hotels sind sehr variabel und bew\u00e4ltigen fast jede beliebige Veranstaltung. <strong>Keine Veranstaltung ist zu klein oder zu gro\u00df f\u00fcr uns!<\/strong><\/p>\n<p style=\"text-align: center;\">Unser multifunktionaler Gesellschaftssaal kann gemeinsam mit dem anliegenden Restaurant einen gro\u00dfen Raum bilden, in dem bis zu <strong>320 Personen an runden Tischen<\/strong>, <strong>250 Personen bei einer Klassen-Gestaltung<\/strong> oder bis zu <strong>400 Personen bei einer Theater-Gestaltung<\/strong>. bequem sitzen k\u00f6nnen. Wir sind f\u00e4hig, Veranstaltungen f\u00fcr bis zu 500 Personen zu organisieren.<\/p>\n<p style=\"text-align: center;\">Andererseits sind wir f\u00e4hig, dank der kleinen Salons und eines Systems von schalldichten Trennw\u00e4nden, <strong> privates und ruhiges Umfeld<\/strong> zu bilden f\u00fcr die Veranstaltung von Bildungs- und Familienveranstaltungen oder anderen kleineren Veranstaltungen.<\/p>\n<p>[\/vc_column_text][\/vc_column][\/vc_row][vc_row color_set=&#8221;white_section&#8221; transparent=&#8221;transparent&#8221; row_padding_top=&#8221;padding_top_1-2&#8243; row_padding_bottom=&#8221;padding_bottom_1-2&#8243;][vc_column css=&#8221;.vc_custom_1505945444968{padding-bottom: 0px !important;}&#8221;]<div class=\"ple_anypostloop_shortcode wpb_content_element  \"><div id=\"grid_59c2daa6d8fd1\" class=\"grid_wrapper row clearfix  services_grid_classic_vertical_wrapper \">\n        <div class=\"services_grid_item grid_item services_list_item grid_sizer col-xs-12 grid_sizer col-md-6 col-sm-6  veranstaltung  \" >\n                <div class=\"services_grid_item_photo\">\n                        \n                        <div style=\"background-image: url('https:\/\/hotelatom.cz\/wp-content\/uploads\/2017\/09\/variabilni-prostory.png')\" class=\"stretchy_wrapper ratio_1-1 \"  title=\"VARIABLE UND MODERNE R\u00c4UMLICHKEITEN\">\n                        \n                        <\/div>\n                        \n                <\/div>\n\n                <div class=\"services_grid_item_content\">\n                        <h3 class=\"textify_links\">VARIABLE UND MODERNE R\u00c4UMLICHKEITEN<\/h3>\n                        \n                        <p class=\"excerpt\">Unser Saal ist wirklich vielseitig. Wir k\u00f6nnen darin bis zu 400 Personen setzen. Der Saal ist in bis zu 5 kleinere Lehrr\u00e4ume nach Ihrer Wahl (jeweils mit Kapazit\u00e4t bis 50 Personen) einteilbar. In diesen Lehrr\u00e4umen k\u00f6nnen dank der schalldichten Trennw\u00e4nde und eines separaten Eintritts mehrere voneinander unabh\u00e4ngige Veranstaltungen stattfinden.<\/p>\n\n\n                        \n                <\/div>\n\n        <\/div>\n        <div class=\"services_grid_item grid_item services_list_item grid_sizer col-xs-12 grid_sizer col-md-6 col-sm-6  veranstaltung  \" >\n                <div class=\"services_grid_item_photo\">\n                        \n                        <div style=\"background-image: url('https:\/\/hotelatom.cz\/wp-content\/uploads\/2017\/09\/pohosteni.png')\" class=\"stretchy_wrapper ratio_1-1 \"  title=\"ESSEN UND TRINKEN NACH MASS\">\n                        \n                        <\/div>\n                        \n                <\/div>\n\n                <div class=\"services_grid_item_content\">\n                        <h3 class=\"textify_links\">ESSEN UND TRINKEN NACH MASS<\/h3>\n                        \n                        <p class=\"excerpt\">Sowohl jede Veranstaltung als auch Anspr\u00fcche an das Essen und Trinken unterscheiden sich voneinander. Eine Hochzeit ist keine Konferenz und umgekehrt. Wir k\u00f6nnen uns aber allen Anforderungen anpassen und Festmahl, B\u00fcffet, Empfang, Coffee break in jeder Form vorbereiten oder im Rahmen einer Veranstaltung den G\u00e4sten das Essen direkt auf den Tisch servieren.<\/p>\n\n\n                        \n                <\/div>\n\n        <\/div>\n        <div class=\"services_grid_item grid_item services_list_item grid_sizer col-xs-12 grid_sizer col-md-6 col-sm-6  veranstaltung  \" >\n                <div class=\"services_grid_item_photo\">\n                        \n                        <div style=\"background-image: url('https:\/\/hotelatom.cz\/wp-content\/uploads\/2017\/09\/doprovodny-program.png')\" class=\"stretchy_wrapper ratio_1-1 \"  title=\"UNVERGESSLICHES BEGLEITPROGRAMM\">\n                        \n                        <\/div>\n                        \n                <\/div>\n\n                <div class=\"services_grid_item_content\">\n                        <h3 class=\"textify_links\">UNVERGESSLICHES BEGLEITPROGRAMM<\/h3>\n                        \n                        <p class=\"excerpt\">Wir sind f\u00e4hig, f\u00fcr Ihre Veranstaltung ein sehr abwechslungsreiches Begleitprogramm zu organisieren, dessen Niveau in der Praxis \u00fcberpr\u00fcft wurde. In Ihre Veranstaltung k\u00f6nnen z.B. Musikgruppen oder DJs, Barkeeper Show, Weinprobe, fotografische Dienste und viele andere sowohl passive als auch aktive Attraktionen Abwechslung bringen.<\/p>\n\n\n                        \n                <\/div>\n\n        <\/div>\n        <div class=\"services_grid_item grid_item services_list_item grid_sizer col-xs-12 grid_sizer col-md-6 col-sm-6  veranstaltung  \" >\n                <div class=\"services_grid_item_photo\">\n                        \n                        <div style=\"background-image: url('https:\/\/hotelatom.cz\/wp-content\/uploads\/2017\/09\/moderni-vybaveni.png')\" class=\"stretchy_wrapper ratio_1-1 \"  title=\"MODERNE TECHNISCHE AUSSTATTUNG\">\n                        \n                        <\/div>\n                        \n                <\/div>\n\n                <div class=\"services_grid_item_content\">\n                        <h3 class=\"textify_links\">MODERNE TECHNISCHE AUSSTATTUNG<\/h3>\n                        \n                        <p class=\"excerpt\">Der Saal ist f\u00fcr den maximalen Komfort unserer G\u00e4ste klimatisiert und mit elektrogesteuerten Jalousien ausgestattet. Zu der Grundausstattung geh\u00f6ren ferner auch drahtloses Internet, eingebaute Datenprojektoren und Projektionsw\u00e4nde, Flipcharts und Qualit\u00e4tsbeschallung f\u00fcr Sprecher.<\/p>\n\n\n                        \n                <\/div>\n\n        <\/div>\n        <div class=\"services_grid_item grid_item services_list_item grid_sizer col-xs-12 grid_sizer col-md-6 col-sm-6  veranstaltung  \" >\n                <div class=\"services_grid_item_photo\">\n                        \n                        <div style=\"background-image: url('https:\/\/hotelatom.cz\/wp-content\/uploads\/2017\/09\/vyzdoba.png')\" class=\"stretchy_wrapper ratio_1-1 \"  title=\"STILGEM\u00c4SSE DEKORATION\">\n                        \n                        <\/div>\n                        \n                <\/div>\n\n                <div class=\"services_grid_item_content\">\n                        <h3 class=\"textify_links\">STILGEM\u00c4SSE DEKORATION<\/h3>\n                        \n                        <p class=\"excerpt\">Wir helfen Ihnen, f\u00fcr Ihre Veranstaltung stilgem\u00e4\u00dfe Dekoration des Saales und der Tische vorzubereiten.<\/p>\n\n\n                        \n                <\/div>\n\n        <\/div>\n        <div class=\"services_grid_item grid_item services_list_item grid_sizer col-xs-12 grid_sizer col-md-6 col-sm-6  veranstaltung  \" >\n                <div class=\"services_grid_item_photo\">\n                        \n                        <div style=\"background-image: url('https:\/\/hotelatom.cz\/wp-content\/uploads\/2017\/09\/bezbarierovy-pristup.png')\" class=\"stretchy_wrapper ratio_1-1 \"  title=\"BARRIEREFREIER ZUGANG\">\n                        \n                        <\/div>\n                        \n                <\/div>\n\n                <div class=\"services_grid_item_content\">\n                        <h3 class=\"textify_links\">BARRIEREFREIER ZUGANG<\/h3>\n                        \n                        <p class=\"excerpt\">Alle Konferenzr\u00e4ume und R\u00e4ume, in denen die Veranstaltungen stattfinden, sind barrierefrei.<\/p>\n\n\n                        \n                <\/div>\n\n        <\/div>\n<\/div><\/div>[\/vc_column][\/vc_row][vc_row full_width=&#8221;stretch_row&#8221; equal_height=&#8221;yes&#8221; content_placement=&#8221;middle&#8221; transparent_overlay=&#8221;transparent_film&#8221; row_padding_top=&#8221;padding_top_1-2&#8243; row_padding_bottom=&#8221;padding_bottom_1-2&#8243; css=&#8221;.vc_custom_1505948956864{background-image: url(https:\/\/hotelatom.cz\/wp-content\/uploads\/2017\/09\/pozadi-recepce-kresla.jpg?id=2323) !important;background-position: 0 0 !important;background-repeat: no-repeat !important;}&#8221; el_class=&#8221;fixpozadi&#8221;][vc_column width=&#8221;1\/4&#8243;][\/vc_column][vc_column width=&#8221;1\/2&#8243;]<div class=\"heading_group_sc wpb_content_element subtitle_bottom odelovac   text-center\">\n\n\n    <h3>Schnelle Anfrage<\/h3>\n\n\n        <span class=\"subtitle\">FRAGEN SIE ORGANISIERUNG EINER VERANSTALTUNG BEI UNS DIREKT HIER AN<\/span>\n\n<\/div>\n<div class=\"wpcf7 no-js\" id=\"wpcf7-f2948-o1\" lang=\"en-US\" dir=\"ltr\">\n<div class=\"screen-reader-response\"><p role=\"status\" aria-live=\"polite\" aria-atomic=\"true\"><\/p> <ul><\/ul><\/div>\n<form action=\"\/de\/wp-json\/wp\/v2\/pages\/2559#wpcf7-f2948-o1\" method=\"post\" class=\"wpcf7-form init\" aria-label=\"Contact form\" novalidate=\"novalidate\" data-status=\"init\">\n<div style=\"display: none;\">\n<input type=\"hidden\" name=\"_wpcf7\" value=\"2948\" \/>\n<input type=\"hidden\" name=\"_wpcf7_version\" value=\"5.9.3\" \/>\n<input type=\"hidden\" name=\"_wpcf7_locale\" value=\"en_US\" \/>\n<input type=\"hidden\" name=\"_wpcf7_unit_tag\" value=\"wpcf7-f2948-o1\" \/>\n<input type=\"hidden\" name=\"_wpcf7_container_post\" value=\"0\" \/>\n<input type=\"hidden\" name=\"_wpcf7_posted_data_hash\" value=\"\" \/>\n<input type=\"hidden\" name=\"_wpcf7_recaptcha_response\" value=\"\" \/>\n<\/div>\n<p><span class=\"wpcf7-form-control-wrap\" data-name=\"jmeno\"><input size=\"40\" class=\"wpcf7-form-control wpcf7-text wpcf7-validates-as-required\" aria-required=\"true\" aria-invalid=\"false\" placeholder=\"Vor- und Nachname\" value=\"\" type=\"text\" name=\"jmeno\" \/><\/span><br \/>\n<span class=\"wpcf7-form-control-wrap\" data-name=\"firma\"><input size=\"40\" class=\"wpcf7-form-control wpcf7-text\" aria-invalid=\"false\" placeholder=\"Firma oder Organisation, die Sie vertreten\" value=\"\" type=\"text\" name=\"firma\" \/><\/span><br \/>\n<span class=\"wpcf7-form-control-wrap\" data-name=\"emailadresa\"><input size=\"40\" class=\"wpcf7-form-control wpcf7-email wpcf7-validates-as-required wpcf7-text wpcf7-validates-as-email\" aria-required=\"true\" aria-invalid=\"false\" placeholder=\"Ihre E-Mail-Adresse\" value=\"\" type=\"email\" name=\"emailadresa\" \/><\/span><br \/>\n<span class=\"wpcf7-form-control-wrap\" data-name=\"telefon\"><input size=\"40\" class=\"wpcf7-form-control wpcf7-tel wpcf7-text wpcf7-validates-as-tel\" aria-invalid=\"false\" placeholder=\"Ihre Telefonnummer\" value=\"\" type=\"tel\" name=\"telefon\" \/><\/span><br \/>\n<span class=\"wpcf7-form-control-wrap\" data-name=\"druhakce\"><input size=\"40\" class=\"wpcf7-form-control wpcf7-text wpcf7-validates-as-required\" aria-required=\"true\" aria-invalid=\"false\" placeholder=\"F\u00fcr welche Art Veranstaltung interessieren Sie sich?\" value=\"\" type=\"text\" name=\"druhakce\" \/><\/span><br \/>\n<span class=\"wpcf7-form-control-wrap\" data-name=\"pocetosob\"><input size=\"40\" class=\"wpcf7-form-control wpcf7-text wpcf7-validates-as-required\" aria-required=\"true\" aria-invalid=\"false\" placeholder=\"Um wie viele Personen handelt es sich ungef\u00e4hr?\" value=\"\" type=\"text\" name=\"pocetosob\" \/><\/span><br \/>\n<span class=\"wpcf7-form-control-wrap\" data-name=\"zprava\"><textarea cols=\"40\" rows=\"10\" class=\"wpcf7-form-control wpcf7-textarea\" aria-invalid=\"false\" placeholder=\"Schreiben Sie bitte Details zu der Veranstaltung, die Sie bei uns veranstalten m\u00f6chten, und zum Veranstaltungstermin\" name=\"zprava\"><\/textarea><\/span><br \/>\n\n<\/p>\n<p style=\"margin-top: 20px; text-align: center;\"><button class=\"btn btn-primary btn-inv item_centered poptavkaakce\" type=\"submit\">ABSENDEN<\/button>\n<\/p><div class=\"wpcf7-response-output\" aria-hidden=\"true\"><\/div>\n<\/form>\n<\/div>\n[\/vc_column][vc_column width=&#8221;1\/4&#8243;][\/vc_column][\/vc_row][vc_row color_set=&#8221;primary_section&#8221; transparent=&#8221;transparent&#8221; row_padding_top=&#8221;padding_top_1-2&#8243; row_padding_bottom=&#8221;padding_bottom_none&#8221;][vc_column width=&#8221;1\/3&#8243; css=&#8221;.vc_custom_1504913265377{padding-bottom: 0px !important;}&#8221;]<!-- ========================== HOVER BOX ==========================-->\n\n<div style=\"background-image: url('https:\/\/hotelatom.cz\/wp-content\/uploads\/2016\/11\/konference-hotel-atom.jpg')\" class=\"hoverbox wpb_content_element black_section neutralize_links stretchy_wrapper ratio_1-1 kulate \">\n<div class=\"hoverbox_tran black_section transparent_film\"><\/div>\n\t<a href=\"https:\/\/hotelatom.cz\/de\/firmen-und-gesellschaftliche-veranstaltungen\/konferenzen\/\">\n\t\t<div class=\"hoverbox_title\">\n\t\t\t<h2>Konferenzen<\/h2>\n\t\t<\/div>\n\t\t<div class=\"hoverbox_paragraph\">\n\t\t\t<p><\/p>\n<p style=\"text-align: center;\">Nutzen Sie unsere multifunktionalen R\u00e4ume, unsere Lage inmitten der Republik und eine ausgezeichnete Zug\u00e4nglichkeit von der Autobahn D1<\/p>\n<p><\/p>\n\t\t<\/div>\n\t<\/a>\t\n<\/div>\n\n<!-- END======================= HOVER BOX ==========================-->[\/vc_column][vc_column width=&#8221;1\/3&#8243; css=&#8221;.vc_custom_1504913271577{padding-bottom: 0px !important;}&#8221;]<!-- ========================== HOVER BOX ==========================-->\n\n<div style=\"background-image: url('https:\/\/hotelatom.cz\/wp-content\/uploads\/2017\/09\/seminare-skoleni-hotel-atom.jpg')\" class=\"hoverbox wpb_content_element black_section neutralize_links stretchy_wrapper ratio_1-1 kulate \">\n<div class=\"hoverbox_tran black_section transparent_film\"><\/div>\n\t<a href=\"https:\/\/hotelatom.cz\/de\/firmen-und-gesellschaftliche-veranstaltungen\/schulungen-und-praesentationen\/\">\n\t\t<div class=\"hoverbox_title\">\n\t\t\t<h2>Seminars, Schulungen, Pr\u00e4sentationen<\/h2>\n\t\t<\/div>\n\t\t<div class=\"hoverbox_paragraph\">\n\t\t\t<p><\/p>\n<p style=\"text-align: center;\">Unsere variablen Lehrr\u00e4ume passen sich vollkommen an Bed\u00fcrfnisse Ihrer kleineren Veranstaltung an<\/p>\n<p><\/p>\n\t\t<\/div>\n\t<\/a>\t\n<\/div>\n\n<!-- END======================= HOVER BOX ==========================-->[\/vc_column][vc_column width=&#8221;1\/3&#8243; css=&#8221;.vc_custom_1504913278568{padding-bottom: 0px !important;}&#8221;]<!-- ========================== HOVER BOX ==========================-->\n\n<div style=\"background-image: url('https:\/\/hotelatom.cz\/wp-content\/uploads\/2017\/09\/firemni-akce.jpg')\" class=\"hoverbox wpb_content_element black_section neutralize_links stretchy_wrapper ratio_1-1 kulate \">\n<div class=\"hoverbox_tran black_section transparent_film\"><\/div>\n\t<a href=\"https:\/\/hotelatom.cz\/de\/firmen-und-gesellschaftliche-veranstaltungen\/firmenveranstaltungen\/\">\n\t\t<div class=\"hoverbox_title\">\n\t\t\t<h2>Firmenveranstaltungen<\/h2>\n\t\t<\/div>\n\t\t<div class=\"hoverbox_paragraph\">\n\t\t\t<p><\/p>\n<p style=\"text-align: center;\">Firmenfeiern, Team Buildings, Pr\u00e4sentationen Ihrer Produkte sowie andere Firmenveranstaltungen f\u00fcr Ihre Mitarbeiter oder Klienten k\u00f6nnen Sie unseren H\u00e4nden anvertrauen<\/p>\n<p><\/p>\n\t\t<\/div>\n\t<\/a>\t\n<\/div>\n\n<!-- END======================= HOVER BOX ==========================-->[\/vc_column][\/vc_row][vc_row color_set=&#8221;primary_section&#8221; transparent=&#8221;transparent&#8221; row_padding_top=&#8221;padding_top_none&#8221; row_padding_bottom=&#8221;padding_bottom_1-2&#8243;][vc_column width=&#8221;1\/3&#8243; css=&#8221;.vc_custom_1504913265377{padding-bottom: 0px !important;}&#8221;]<!-- ========================== HOVER BOX ==========================-->\n\n<div style=\"background-image: url('https:\/\/hotelatom.cz\/wp-content\/uploads\/2016\/11\/spolecenske-akce-hotel-atom.jpg')\" class=\"hoverbox wpb_content_element black_section neutralize_links stretchy_wrapper ratio_1-1 kulate \">\n<div class=\"hoverbox_tran black_section transparent_film\"><\/div>\n\t<a href=\"https:\/\/hotelatom.cz\/de\/firmen-und-gesellschaftliche-veranstaltungen\/gesellschaftliche-ereignisse\/\">\n\t\t<div class=\"hoverbox_title\">\n\t\t\t<h2>Gesellschaftliche Veranstaltungen<\/h2>\n\t\t<\/div>\n\t\t<div class=\"hoverbox_paragraph\">\n\t\t\t<p><\/p>\n<p style=\"text-align: center;\">Veranstalten Sie bei uns einen unvergesslichen Ball, eine unvergessliche Modenschau oder einen Musik- oder Theaterauftritt!<\/p>\n<p><\/p>\n\t\t<\/div>\n\t<\/a>\t\n<\/div>\n\n<!-- END======================= HOVER BOX ==========================-->[\/vc_column][vc_column width=&#8221;1\/3&#8243; css=&#8221;.vc_custom_1504913271577{padding-bottom: 0px !important;}&#8221;]<!-- ========================== HOVER BOX ==========================-->\n\n<div style=\"background-image: url('https:\/\/hotelatom.cz\/wp-content\/uploads\/2016\/11\/svatby-hotel-atom.jpg')\" class=\"hoverbox wpb_content_element black_section neutralize_links stretchy_wrapper ratio_1-1 kulate \">\n<div class=\"hoverbox_tran black_section transparent_film\"><\/div>\n\t<a href=\"https:\/\/hotelatom.cz\/de\/firmen-und-gesellschaftliche-veranstaltungen\/hochzeiten\/\">\n\t\t<div class=\"hoverbox_title\">\n\t\t\t<h2>Hochzeiten<\/h2>\n\t\t<\/div>\n\t\t<div class=\"hoverbox_paragraph\">\n\t\t\t<p><\/p>\n<p style=\"text-align: center;\">Vertrauen Sie Ihren \u201egro\u00dfen Tag\u201c unseren H\u00e4nden an! Moderne R\u00e4ume, ausgezeichnetes Hochzeitsmen\u00fc und Stehempfang, Vermietung gratis<\/p>\n<p><\/p>\n\t\t<\/div>\n\t<\/a>\t\n<\/div>\n\n<!-- END======================= HOVER BOX ==========================-->[\/vc_column][vc_column width=&#8221;1\/3&#8243; css=&#8221;.vc_custom_1504913278568{padding-bottom: 0px !important;}&#8221;]<!-- ========================== HOVER BOX ==========================-->\n\n<div style=\"background-image: url('https:\/\/hotelatom.cz\/wp-content\/uploads\/2017\/09\/oslavy-rodinne-akce.jpg')\" class=\"hoverbox wpb_content_element black_section neutralize_links stretchy_wrapper ratio_1-1 kulate \">\n<div class=\"hoverbox_tran black_section transparent_film\"><\/div>\n\t<a href=\"https:\/\/hotelatom.cz\/de\/firmen-und-gesellschaftliche-veranstaltungen\/feiern-und-familienfeste\/\">\n\t\t<div class=\"hoverbox_title\">\n\t\t\t<h2>Feiern und Familienfeste<\/h2>\n\t\t<\/div>\n\t\t<div class=\"hoverbox_paragraph\">\n\t\t\t<p><\/p>\n<p style=\"text-align: center;\">Keine von Ihren Familienfeiern, keines von Ihren Familienfesten sind zu klein oder zu gro\u00df f\u00fcr uns, wir bewirten Sie gern<\/p>\n<p><\/p>\n\t\t<\/div>\n\t<\/a>\t\n<\/div>\n\n<!-- END======================= HOVER BOX ==========================-->[\/vc_column][\/vc_row]<\/p>\n<\/div>","protected":false},"excerpt":{"rendered":"<p>[vc_row row_padding_bottom=&#8221;padding_bottom_1-2&#8243;][vc_column][vc_column_text] Planen Sie eine gesellschaftliche, Firmen-, Schulveranstaltung oder eine Familienfeier? Wenden Sie sich an uns! Wir organisieren Ihre Veranstaltung bis zum letzten Detail! Wir besorgen Imbiss, Empfang, Coffee Break, Unterkunft, Fotografen und auch komplettes Unterhaltungsprogramm. Die R\u00e4umlichkeiten unseres Hotels sind sehr variabel und bew\u00e4ltigen fast jede beliebige Veranstaltung. Keine Veranstaltung ist zu klein oder [&hellip;]<\/p>\n","protected":false},"author":3,"featured_media":0,"parent":0,"menu_order":2,"comment_status":"closed","ping_status":"closed","template":"","meta":{"_exactmetrics_skip_tracking":false,"_exactmetrics_sitenote_active":false,"_exactmetrics_sitenote_note":"","_exactmetrics_sitenote_category":0,"footnotes":""},"aioseo_notices":[],"_links":{"self":[{"href":"https:\/\/hotelatom.cz\/de\/wp-json\/wp\/v2\/pages\/2559"}],"collection":[{"href":"https:\/\/hotelatom.cz\/de\/wp-json\/wp\/v2\/pages"}],"about":[{"href":"https:\/\/hotelatom.cz\/de\/wp-json\/wp\/v2\/types\/page"}],"author":[{"embeddable":true,"href":"https:\/\/hotelatom.cz\/de\/wp-json\/wp\/v2\/users\/3"}],"replies":[{"embeddable":true,"href":"https:\/\/hotelatom.cz\/de\/wp-json\/wp\/v2\/comments?post=2559"}],"version-history":[{"count":1,"href":"https:\/\/hotelatom.cz\/de\/wp-json\/wp\/v2\/pages\/2559\/revisions"}],"predecessor-version":[{"id":4375,"href":"https:\/\/hotelatom.cz\/de\/wp-json\/wp\/v2\/pages\/2559\/revisions\/4375"}],"wp:attachment":[{"href":"https:\/\/hotelatom.cz\/de\/wp-json\/wp\/v2\/media?parent=2559"}],"curies":[{"name":"wp","href":"https:\/\/api.w.org\/{rel}","templated":true}]}}