{"id":2533,"date":"2017-12-08T19:07:47","date_gmt":"2017-12-08T18:07:47","guid":{"rendered":"https:\/\/hotelatom.cz\/de\/?page_id=2533"},"modified":"2024-01-04T09:02:23","modified_gmt":"2024-01-04T08:02:23","slug":"unsere-zimmer-und-appartements","status":"publish","type":"page","link":"https:\/\/hotelatom.cz\/de\/unsere-zimmer-und-appartements\/","title":{"rendered":"Unsere zimmer und appartements"},"content":{"rendered":"<div class=\"wpb-content-wrapper\"><p>[vc_row row_padding_top=&#8221;padding_top_1-2&#8243; row_padding_bottom=&#8221;padding_bottom_1-2&#8243;][vc_column]<div class=\"heading_group_sc wpb_content_element subtitle_bottom odelovac   text-center\">\n        <div class=\"background_title\">Willkommen<\/div>\n\n\n    <h2>KOMFORT, RUHE UND BEQUEMLICHKEIT<\/h2>\n\n\n        <span class=\"subtitle\">WARUM AUCH IMMER SIE REISEN \u2013 GESCH\u00c4FLICH ODER ZUM VERGN\u00dcGEN<\/span>\n\n<\/div>[vc_column_text]<\/p>\n<p style=\"text-align: center;\">Im Atom-Hotel k\u00fcmmern wir uns gern um Sie, wie auch immer der Zweck ihrer Reise ist. Unser Hotel bietet eine komfortable und ruhige Unterkunft in <strong>Einzel- bis Vierbettzimmern<\/strong> und in einem <strong>Sonderappartement mit Kochnische<\/strong>.<\/p>\n<p style=\"text-align: center;\">In allen Unterkunftskategorien sind ein mit Duschnische, WC und Waschbecken ausgestattetes Bad und ein mit bequemem Bett, vielen Lagerpl\u00e4tzen, K\u00fchlschrank, Fernseher, Telefon und drahtloser Internetverbindung ausgestattetes Zimmer eine Selbstverst\u00e4ndlichkeit. In COMFORT-Zimmern stehen den G\u00e4sten dar\u00fcber hinaus noch Haartrockner und Schlie\u00dffach zur Verf\u00fcgung.<\/p>\n<p>[\/vc_column_text][vc_empty_space height=&#8221;35px&#8221;]<div class=\"ple_anypostloop_shortcode wpb_content_element  \"><div id=\"list_58469f451ced4\" class=\"rooms_list_classic_horizontal_wrapper \">\n        <div class=\"rooms_list_item   optional-de light_section  white_section\" >\n        <div class=\"flex\">\n                <div class=\"col-sm-6 col-sm-push-6 rooms_list_item_photo\" style=\"background-image: url('https:\/\/hotelatom.cz\/wp-content\/uploads\/2017\/09\/apartman-mensi-nahled.jpg')\"><a href=\"https:\/\/hotelatom.cz\/de\/typy-pokoju\/appartement-comfort\/\" title=\"APPARTEMENT COMFORT\" target=\"_parent\" ><\/a><\/div>\n                <div class=\"col-sm-6 col-sm-pull-6\">\n                <div class=\"rooms_list_item_content\">\n                        <h3 class=\"textify_links\"><a href=\"https:\/\/hotelatom.cz\/de\/typy-pokoju\/appartement-comfort\/\" title=\"APPARTEMENT COMFORT\" target=\"_parent\" class=\"\">APPARTEMENT COMFORT<\/a><\/h3>\n                        \n                        <div class=\"room_listed_amenities\">\n                        <\/div>\n                        <p class=\"excerpt\">Appartement COMFORT bietet absoluten Komfort f\u00fcr 2 bis 3 Personen. Es ist ideal f\u00fcr einen romantischen Aufenthalt zu zweit, f\u00fcr einen Familienaufenthalt oder f\u00fcr Ihre Gesch\u00e4ftsreise. Das Appartement besteht aus einem Schlafzimmer mit Ehebett und einem Wohnzimmer mit ausziehbarer Couch, K\u00fcchenzeile und Esstisch. Im Badezimmer finden Sie nicht nur eine Dusche, sondern auch eine Badewanne f\u00fcr maximale Entspannung.<\/p>\n                        <p class=\"booking_price\">\n                                <span class=\"booking_price_before\">Starting Price From<\/span>\n                                <span class=\"booking_price\">3560 K\u010d<\/span>\n                                <span class=\"booking_price_after\">\/ Day<\/span>\n                        <\/p>\n                        <a href=\"https:\/\/hotelatom.cz\/de\/typy-pokoju\/appartement-comfort\/\" title=\"APPARTEMENT COMFORT\" target=\"_parent\" class=\"btn btn-link \">Einzelheiten<\/a>\n                <\/div>\n                <\/div>\n        <\/div>\n        <\/div>\n        <div class=\"rooms_list_item   optional-de light_section  white_section\" >\n        <div class=\"flex\">\n                <div class=\"col-sm-6 col-sm-push-6 rooms_list_item_photo\" style=\"background-image: url('https:\/\/hotelatom.cz\/wp-content\/uploads\/2016\/11\/pokoje-comfort-hotel-atom-04-mensi.jpg')\"><a href=\"https:\/\/hotelatom.cz\/de\/typy-pokoju\/einbettzimmer-comfort\/\" title=\"EINBETTZIMMER COMFORT\" target=\"_parent\" ><\/a><\/div>\n                <div class=\"col-sm-6 col-sm-pull-6\">\n                <div class=\"rooms_list_item_content\">\n                        <h3 class=\"textify_links\"><a href=\"https:\/\/hotelatom.cz\/de\/typy-pokoju\/einbettzimmer-comfort\/\" title=\"EINBETTZIMMER COMFORT\" target=\"_parent\" class=\"\">EINBETTZIMMER COMFORT<\/a><\/h3>\n                        \n                        <div class=\"room_listed_amenities\">\n                        <\/div>\n                        <p class=\"excerpt\">Ideal f\u00fcr reisende Einzelg\u00e4nger oder f\u00fcr Gesch\u00e4ftsleute auf Gesch\u00e4ftsreisen. Modern und komfortabel eingerichtetes Zimmer mit bequemem Bett, Duschkabine, WC, Fernseher, Internet, Telefon, Schlie\u00dffach und K\u00fchlschrank.<\/p>\n                        <p class=\"booking_price\">\n                                <span class=\"booking_price_before\">Starting Price From<\/span>\n                                <span class=\"booking_price\">1240 K\u010d<\/span>\n                                <span class=\"booking_price_after\">\/ Day<\/span>\n                        <\/p>\n                        <a href=\"https:\/\/hotelatom.cz\/de\/typy-pokoju\/einbettzimmer-comfort\/\" title=\"EINBETTZIMMER COMFORT\" target=\"_parent\" class=\"btn btn-link \">Einzelheiten<\/a>\n                <\/div>\n                <\/div>\n        <\/div>\n        <\/div>\n        <div class=\"rooms_list_item   optional-de light_section  white_section\" >\n        <div class=\"flex\">\n                <div class=\"col-sm-6 col-sm-push-6 rooms_list_item_photo\" style=\"background-image: url('https:\/\/hotelatom.cz\/wp-content\/uploads\/2017\/09\/pokoje-comfort-hotel-atom-11-mensi.jpg')\"><a href=\"https:\/\/hotelatom.cz\/de\/typy-pokoju\/doppelzimmer-comfort\/\" title=\"DOPPELZIMMER COMFORT\" target=\"_parent\" ><\/a><\/div>\n                <div class=\"col-sm-6 col-sm-pull-6\">\n                <div class=\"rooms_list_item_content\">\n                        <h3 class=\"textify_links\"><a href=\"https:\/\/hotelatom.cz\/de\/typy-pokoju\/doppelzimmer-comfort\/\" title=\"DOPPELZIMMER COMFORT\" target=\"_parent\" class=\"\">DOPPELZIMMER COMFORT<\/a><\/h3>\n                        \n                        <div class=\"room_listed_amenities\">\n                        <\/div>\n                        <p class=\"excerpt\">Reisen Sie zu zweit? Dann k\u00f6nnen Sie unser Doppelzimmer mit einem Ehebett oder auch mit getrennten Betten w\u00e4hlen. Die Zimmer sind modern und bequem, verf\u00fcgen \u00fcber Duschkabine, WC, Fernseher, Internet, Telefon, Schlie\u00dffach und K\u00fchlschrank.<\/p>\n                        <p class=\"booking_price\">\n                                <span class=\"booking_price_before\">Starting Price From<\/span>\n                                <span class=\"booking_price\">2050 K\u010d<\/span>\n                                <span class=\"booking_price_after\">\/ Day<\/span>\n                        <\/p>\n                        <a href=\"https:\/\/hotelatom.cz\/de\/typy-pokoju\/doppelzimmer-comfort\/\" title=\"DOPPELZIMMER COMFORT\" target=\"_parent\" class=\"btn btn-link \">Einzelheiten<\/a>\n                <\/div>\n                <\/div>\n        <\/div>\n        <\/div>\n        <div class=\"rooms_list_item   optional-de light_section  white_section\" >\n        <div class=\"flex\">\n                <div class=\"col-sm-6 col-sm-push-6 rooms_list_item_photo\" style=\"background-image: url('https:\/\/hotelatom.cz\/wp-content\/uploads\/2017\/09\/triluzkovy-pokoj-nahled-mensi.jpg')\"><a href=\"https:\/\/hotelatom.cz\/de\/typy-pokoju\/dreibettzimmer-comfort\/\" title=\"DREIBETTZIMMER COMFORT\" target=\"_parent\" ><\/a><\/div>\n                <div class=\"col-sm-6 col-sm-pull-6\">\n                <div class=\"rooms_list_item_content\">\n                        <h3 class=\"textify_links\"><a href=\"https:\/\/hotelatom.cz\/de\/typy-pokoju\/dreibettzimmer-comfort\/\" title=\"DREIBETTZIMMER COMFORT\" target=\"_parent\" class=\"\">DREIBETTZIMMER COMFORT<\/a><\/h3>\n                        \n                        <div class=\"room_listed_amenities\">\n                        <\/div>\n                        <p class=\"excerpt\">Familien mit einem Kind oder Gruppen dreier Freunde k\u00f6nnen die Zuflucht finden in unseren komfortabel eingerichteten Dreibettzimmern. Die Zimmer verf\u00fcgen \u00fcber Duschkabine, WC, Fernseher, Internet, Telefon, Schlie\u00dffach und K\u00fchlschrank.<\/p>\n                        <p class=\"booking_price\">\n                                <span class=\"booking_price_before\">Starting Price From<\/span>\n                                <span class=\"booking_price\">2730 K\u010d<\/span>\n                                <span class=\"booking_price_after\">\/ Day<\/span>\n                        <\/p>\n                        <a href=\"https:\/\/hotelatom.cz\/de\/typy-pokoju\/dreibettzimmer-comfort\/\" title=\"DREIBETTZIMMER COMFORT\" target=\"_parent\" class=\"btn btn-link \">Einzelheiten<\/a>\n                <\/div>\n                <\/div>\n        <\/div>\n        <\/div>\n        <div class=\"rooms_list_item   optional-de light_section  white_section\" >\n        <div class=\"flex\">\n                <div class=\"col-sm-6 col-sm-push-6 rooms_list_item_photo\" style=\"background-image: url('https:\/\/hotelatom.cz\/wp-content\/uploads\/2017\/09\/hotelatom-basic-new800x600.jpg')\"><a href=\"https:\/\/hotelatom.cz\/de\/typy-pokoju\/vierbettzimmer-basic\/\" title=\"VIERBETTZIMMER BASIC\" target=\"_parent\" ><\/a><\/div>\n                <div class=\"col-sm-6 col-sm-pull-6\">\n                <div class=\"rooms_list_item_content\">\n                        <h3 class=\"textify_links\"><a href=\"https:\/\/hotelatom.cz\/de\/typy-pokoju\/vierbettzimmer-basic\/\" title=\"VIERBETTZIMMER BASIC\" target=\"_parent\" class=\"\">VIERBETTZIMMER BASIC<\/a><\/h3>\n                        \n                        <div class=\"room_listed_amenities\">\n                        <\/div>\n                        <p class=\"excerpt\">Ideal f\u00fcr Sportkurse oder andere Gruppenreisen. Die BASIC-Zimmer sind renoviert, bieten Grundeinrichtung und Gem\u00fctlichkeit in zwei getrennten Schlafzimmern. Das Bad ist mit Duschkabine, Waschbecken und WC ausgestattet.<\/p>\n                        <p class=\"booking_price\">\n                                <span class=\"booking_price_before\">Starting Price From<\/span>\n                                <span class=\"booking_price\">2660 K\u010d<\/span>\n                                <span class=\"booking_price_after\">\/ Day<\/span>\n                        <\/p>\n                        <a href=\"https:\/\/hotelatom.cz\/de\/typy-pokoju\/vierbettzimmer-basic\/\" title=\"VIERBETTZIMMER BASIC\" target=\"_parent\" class=\"btn btn-link \">Einzelheiten<\/a>\n                <\/div>\n                <\/div>\n        <\/div>\n        <\/div>\n<\/div><\/div>[\/vc_column][\/vc_row]<\/p>\n<\/div>","protected":false},"excerpt":{"rendered":"<p>[vc_row row_padding_top=&#8221;padding_top_1-2&#8243; row_padding_bottom=&#8221;padding_bottom_1-2&#8243;][vc_column][vc_column_text] Im Atom-Hotel k\u00fcmmern wir uns gern um Sie, wie auch immer der Zweck ihrer Reise ist. Unser Hotel bietet eine komfortable und ruhige Unterkunft in Einzel- bis Vierbettzimmern und in einem Sonderappartement mit Kochnische. In allen Unterkunftskategorien sind ein mit Duschnische, WC und Waschbecken ausgestattetes Bad und ein mit bequemem Bett, vielen [&hellip;]<\/p>\n","protected":false},"author":3,"featured_media":1415,"parent":0,"menu_order":0,"comment_status":"closed","ping_status":"closed","template":"","meta":{"_exactmetrics_skip_tracking":false,"_exactmetrics_sitenote_active":false,"_exactmetrics_sitenote_note":"","_exactmetrics_sitenote_category":0,"footnotes":""},"aioseo_notices":[],"_links":{"self":[{"href":"https:\/\/hotelatom.cz\/de\/wp-json\/wp\/v2\/pages\/2533"}],"collection":[{"href":"https:\/\/hotelatom.cz\/de\/wp-json\/wp\/v2\/pages"}],"about":[{"href":"https:\/\/hotelatom.cz\/de\/wp-json\/wp\/v2\/types\/page"}],"author":[{"embeddable":true,"href":"https:\/\/hotelatom.cz\/de\/wp-json\/wp\/v2\/users\/3"}],"replies":[{"embeddable":true,"href":"https:\/\/hotelatom.cz\/de\/wp-json\/wp\/v2\/comments?post=2533"}],"version-history":[{"count":1,"href":"https:\/\/hotelatom.cz\/de\/wp-json\/wp\/v2\/pages\/2533\/revisions"}],"predecessor-version":[{"id":3442,"href":"https:\/\/hotelatom.cz\/de\/wp-json\/wp\/v2\/pages\/2533\/revisions\/3442"}],"wp:featuredmedia":[{"embeddable":true,"href":"https:\/\/hotelatom.cz\/de\/wp-json\/wp\/v2\/media\/1415"}],"wp:attachment":[{"href":"https:\/\/hotelatom.cz\/de\/wp-json\/wp\/v2\/media?parent=2533"}],"curies":[{"name":"wp","href":"https:\/\/api.w.org\/{rel}","templated":true}]}}