{"id":2526,"date":"2017-11-23T14:03:06","date_gmt":"2017-11-23T13:03:06","guid":{"rendered":"https:\/\/hotelatom.cz\/de\/?page_id=2526"},"modified":"2023-10-31T08:06:09","modified_gmt":"2023-10-31T07:06:09","slug":"konferenzen","status":"publish","type":"page","link":"https:\/\/hotelatom.cz\/de\/firmen-und-gesellschaftliche-veranstaltungen\/konferenzen\/","title":{"rendered":"Konferenzen"},"content":{"rendered":"<div class=\"wpb-content-wrapper\"><p>[vc_row row_padding_top=&#8221;padding_top_1-2&#8243; row_padding_bottom=&#8221;padding_bottom_1-2&#8243;][vc_column][vc_column_text]<\/p>\n<p style=\"text-align: left;\">Unsere multifunktionalen Konferenzr\u00e4ume, Lage des Hotels inmitten der Republik und eine ausgezeichnete Zug\u00e4nglichkeit von der Autobahn D1 fordern geradezu dazu auf, Ihre n\u00e4chste Konferenz bei uns zu veranstalten. Begr\u00fc\u00dfen k\u00f6nnen wir ebenfalls verschiedene Sitzungen, Hauptversammlungen, Kongresse oder mit Pr\u00e4sentation Ihrer Produkte verbundene Veranstaltungen.<\/p>\n<p>[\/vc_column_text][vc_column_text]<\/p>\n<h4 class=\"odelovac\">VARIABILIT\u00c4T DER R\u00c4UMLICHKEITEN<\/h4>\n<p style=\"text-align: left;\">Unser multifunktionaler Konferenzraum wurde im Jahre 2014 komplett neu gestaltet und kann sich jetzt jeder beliebig gro\u00dfen Veranstaltung anpassen.<\/p>\n<p style=\"text-align: left;\">F\u00fcr gro\u00dfe Veranstaltungen bietet der Saal Platz f\u00fcr <strong>250 Personen bei einer Klassen-Gestaltung oder<\/strong> f\u00fcr <strong>400 Personen bei einer Theater-Gestaltung<\/strong>. F\u00fcr kleinere Veranstaltungen kann der gro\u00dfe Saal in bis zu 5 Lehrr\u00e4ume mit Kapazit\u00e4t 30 bis 50 Personen eingeteilt werden. Einzelne Lehrr\u00e4ume k\u00f6nnen dank einer hervorragenden Schalld\u00e4mmung und des eigenen Zugangs gleichzeitig f\u00fcr mehrere Veranstaltungen verwendet werden.<br \/>\nAlle Konferenzr\u00e4ume sind <strong>barrierefrei zug\u00e4nglich<\/strong>.[\/vc_column_text][vc_row_inner][vc_column_inner width=&#8221;1\/3&#8243;]<!-- ========================== TEASER BOX ==========================-->\n\n<div class=\"teaser_box wpb_content_element  vertical text-center      with_image \">\n\n  <div class=\"figure with_image  \">\n\n\n\n        \n        \n        \n         <img decoding=\"async\" src=\"https:\/\/hotelatom.cz\/wp-content\/uploads\/2014\/04\/usporadani-trida.png\" alt=\"250 personen\">   \n\n        \n\n\n  <\/div>\n\n\n  <div class=\"content \">\n    \n    <div class=\"hgroup textify_links\"><h4>250 personen<\/h4><\/div>\n\n     <div class=\"desc\"><p>Klassen-Gestaltung<\/p><\/div> \n\n  <\/div>\n\n<\/div>\n\n<!-- END======================= TEASER BOX ==========================-->[\/vc_column_inner][vc_column_inner width=&#8221;1\/3&#8243;]<!-- ========================== TEASER BOX ==========================-->\n\n<div class=\"teaser_box wpb_content_element  vertical text-center      with_image \">\n\n  <div class=\"figure with_image  \">\n\n\n\n        \n        \n        \n         <img decoding=\"async\" src=\"https:\/\/hotelatom.cz\/wp-content\/uploads\/2014\/04\/usporadani-divadlo-1.png\" alt=\"400 personen\">   \n\n        \n\n\n  <\/div>\n\n\n  <div class=\"content \">\n    \n    <div class=\"hgroup textify_links\"><h4>400 personen<\/h4><\/div>\n\n     <div class=\"desc\"><p>Theater-Gestaltung<\/p><\/div> \n\n  <\/div>\n\n<\/div>\n\n<!-- END======================= TEASER BOX ==========================-->[\/vc_column_inner][vc_column_inner width=&#8221;1\/3&#8243;]<!-- ========================== TEASER BOX ==========================-->\n\n<div class=\"teaser_box wpb_content_element  vertical text-center      with_image \">\n\n  <div class=\"figure with_image  \">\n\n\n\n        \n        \n        \n         <img decoding=\"async\" src=\"https:\/\/hotelatom.cz\/wp-content\/uploads\/2014\/04\/ucebny-1.png\" alt=\"30 bis 50 personen\">   \n\n        \n\n\n  <\/div>\n\n\n  <div class=\"content \">\n    \n    <div class=\"hgroup textify_links\"><h4>30 bis 50 personen<\/h4><\/div>\n\n     <div class=\"desc\"><p>in jedem der 5 Lehrr\u00e4ume<\/p><\/div> \n\n  <\/div>\n\n<\/div>\n\n<!-- END======================= TEASER BOX ==========================-->[\/vc_column_inner][\/vc_row_inner][vc_column_text]<\/p>\n<h4 class=\"odelovac\">MODERNE AUSSTATTUNG UND HOCHWERTIGE DIENSTE<\/h4>\n<p style=\"text-align: left;\">Der Konferenzsaal ist f\u00fcr den maximalen Komfort der Veranstaltungsteilnehmer klimatisiert und mit elektrogesteuerten Jalousien ausgestattet. Zu der Grundausstattung geh\u00f6ren ferner auch drahtloses Internet, eingebaute Datenprojektoren und Projektionsw\u00e4nde, Flipcharts und Qualit\u00e4tsbeschallung f\u00fcr Sprecher.<\/p>\n<p>Neben den Konferenzr\u00e4umen und deren Ausstattung spielen bei der Organisierung solcher Veranstaltungen Essen und Trinken auch eine nicht weniger bedeutende Rolle. <strong>Unsere Speisen- und Getr\u00e4nkedienste bleiben auf hohem Niveau und wir werden sie gern Ihren Anforderungen ganz genau anpassen.<\/strong> Wir k\u00f6nnen f\u00fcr Sie zum Beispiel Coffee break, Empfang, Mittag- oder Abendessen in Form eines B\u00fcffets oder servierte Speisen vorbeireiten.[\/vc_column_text][\/vc_column][\/vc_row]<\/p>\n<\/div>","protected":false},"excerpt":{"rendered":"<p>[vc_row row_padding_top=&#8221;padding_top_1-2&#8243; row_padding_bottom=&#8221;padding_bottom_1-2&#8243;][vc_column][vc_column_text] Unsere multifunktionalen Konferenzr\u00e4ume, Lage des Hotels inmitten der Republik und eine ausgezeichnete Zug\u00e4nglichkeit von der Autobahn D1 fordern geradezu dazu auf, Ihre n\u00e4chste Konferenz bei uns zu veranstalten. Begr\u00fc\u00dfen k\u00f6nnen wir ebenfalls verschiedene Sitzungen, Hauptversammlungen, Kongresse oder mit Pr\u00e4sentation Ihrer Produkte verbundene Veranstaltungen. [\/vc_column_text][vc_column_text] VARIABILIT\u00c4T DER R\u00c4UMLICHKEITEN Unser multifunktionaler Konferenzraum wurde im [&hellip;]<\/p>\n","protected":false},"author":3,"featured_media":0,"parent":2559,"menu_order":3,"comment_status":"closed","ping_status":"closed","template":"","meta":{"_exactmetrics_skip_tracking":false,"_exactmetrics_sitenote_active":false,"_exactmetrics_sitenote_note":"","_exactmetrics_sitenote_category":0,"footnotes":""},"aioseo_notices":[],"_links":{"self":[{"href":"https:\/\/hotelatom.cz\/de\/wp-json\/wp\/v2\/pages\/2526"}],"collection":[{"href":"https:\/\/hotelatom.cz\/de\/wp-json\/wp\/v2\/pages"}],"about":[{"href":"https:\/\/hotelatom.cz\/de\/wp-json\/wp\/v2\/types\/page"}],"author":[{"embeddable":true,"href":"https:\/\/hotelatom.cz\/de\/wp-json\/wp\/v2\/users\/3"}],"replies":[{"embeddable":true,"href":"https:\/\/hotelatom.cz\/de\/wp-json\/wp\/v2\/comments?post=2526"}],"version-history":[{"count":2,"href":"https:\/\/hotelatom.cz\/de\/wp-json\/wp\/v2\/pages\/2526\/revisions"}],"predecessor-version":[{"id":4352,"href":"https:\/\/hotelatom.cz\/de\/wp-json\/wp\/v2\/pages\/2526\/revisions\/4352"}],"up":[{"embeddable":true,"href":"https:\/\/hotelatom.cz\/de\/wp-json\/wp\/v2\/pages\/2559"}],"wp:attachment":[{"href":"https:\/\/hotelatom.cz\/de\/wp-json\/wp\/v2\/media?parent=2526"}],"curies":[{"name":"wp","href":"https:\/\/api.w.org\/{rel}","templated":true}]}}